{"id":496,"date":"2026-02-02T15:14:47","date_gmt":"2026-02-02T15:14:47","guid":{"rendered":"https:\/\/candelasantana.fpcei.eu\/?page_id=496"},"modified":"2026-02-02T15:14:47","modified_gmt":"2026-02-02T15:14:47","slug":"taller-de-armas","status":"publish","type":"page","link":"https:\/\/candelasantana.fpcei.eu\/?page_id=496","title":{"rendered":"TALLER DE ARMAS"},"content":{"rendered":"\n<p>El taller de armas es uno de los lugares m\u00e1s emocionantes y, a veces, ruidosos del campamento. Al principio, algunos de nosotros, especialmente los que somos m\u00e1s nuevos, nos sentimos un poco intimidados. Ves a los hijos de Ares con sus martillos y forjas, trabajando el metal al rojo vivo como si hubieran nacido con ello. Pero la verdad es que Mr. Brunner y los s\u00e1tiros siempre est\u00e1n ah\u00ed para guiarte, y pronto te das cuenta de que no es tan dif\u00edcil como parece. Hay herramientas para todo, desde pulir una espada que heredaste hasta tallar un arco de tu propia creaci\u00f3n, y siempre hay alguien dispuesto a ayudarte a aprender.<\/p>\n\n\n\n<p>Lo mejor de todo es la libertad de crear. No se trata solo de tener un arma para defenderte, es sobre forjar algo que sea realmente <em>tuyo<\/em>. Los hijos de Hefesto son los maestros indiscutibles, por supuesto, pero incluso los que no tenemos esa herencia divina podemos sentir el orgullo de ver nuestra primera daga, escudo o lanza tomar forma. A veces, las cosas no salen como esperas, y terminas con un escudo abollado o una flecha torcida, pero esa es parte de la diversi\u00f3n. Y cuando finalmente empu\u00f1as esa arma que t\u00fa mismo has ayudado a crear, hay una sensaci\u00f3n de poder y confianza que no se compara con nada. Es una parte esencial de ser un semidi\u00f3s, saber que puedes protegerte con algo que sali\u00f3 de tus propias manos.<\/p>\n\n\n\n<figure class=\"wp-block-image size-large\"><img fetchpriority=\"high\" decoding=\"async\" width=\"683\" height=\"1024\" src=\"https:\/\/candelasantana.fpcei.eu\/wp-content\/uploads\/2026\/02\/ChatGPT-Image-2-feb-2026-16_12_16-683x1024.jpg\" alt=\"\" class=\"wp-image-501\" srcset=\"https:\/\/candelasantana.fpcei.eu\/wp-content\/uploads\/2026\/02\/ChatGPT-Image-2-feb-2026-16_12_16-683x1024.jpg 683w, https:\/\/candelasantana.fpcei.eu\/wp-content\/uploads\/2026\/02\/ChatGPT-Image-2-feb-2026-16_12_16-600x900.jpg 600w, https:\/\/candelasantana.fpcei.eu\/wp-content\/uploads\/2026\/02\/ChatGPT-Image-2-feb-2026-16_12_16-200x300.jpg 200w, https:\/\/candelasantana.fpcei.eu\/wp-content\/uploads\/2026\/02\/ChatGPT-Image-2-feb-2026-16_12_16-768x1152.jpg 768w, https:\/\/candelasantana.fpcei.eu\/wp-content\/uploads\/2026\/02\/ChatGPT-Image-2-feb-2026-16_12_16.jpg 1024w\" sizes=\"(max-width: 683px) 100vw, 683px\" \/><\/figure>\n\n\n\n<hr class=\"wp-block-separator has-alpha-channel-opacity\" style=\"margin-top:var(--wp--preset--spacing--40);margin-bottom:var(--wp--preset--spacing--40)\"\/>\n\n\n\n<figure class=\"wp-block-image size-full\"><img decoding=\"async\" width=\"683\" height=\"1024\" src=\"https:\/\/candelasantana.fpcei.eu\/wp-content\/uploads\/2026\/02\/TALLER-DE-ARMAS.webp\" alt=\"\" class=\"wp-image-502\" srcset=\"https:\/\/candelasantana.fpcei.eu\/wp-content\/uploads\/2026\/02\/TALLER-DE-ARMAS.webp 683w, https:\/\/candelasantana.fpcei.eu\/wp-content\/uploads\/2026\/02\/TALLER-DE-ARMAS-600x900.webp 600w, https:\/\/candelasantana.fpcei.eu\/wp-content\/uploads\/2026\/02\/TALLER-DE-ARMAS-200x300.webp 200w\" sizes=\"(max-width: 683px) 100vw, 683px\" \/><\/figure>\n","protected":false},"excerpt":{"rendered":"<p>El taller de armas es uno de los lugares m\u00e1s emocionantes y, a veces, ruidosos del campamento. Al principio, algunos de nosotros, especialmente los que somos m\u00e1s nuevos, nos sentimos un poco intimidados. Ves a los hijos de Ares con sus martillos y forjas, trabajando el metal al rojo vivo como si hubieran nacido con [&hellip;]<\/p>\n","protected":false},"author":2,"featured_media":500,"parent":0,"menu_order":0,"comment_status":"closed","ping_status":"closed","template":"","meta":{"_uag_custom_page_level_css":"","footnotes":""},"class_list":["post-496","page","type-page","status-publish","has-post-thumbnail","hentry"],"uagb_featured_image_src":{"full":["https:\/\/candelasantana.fpcei.eu\/wp-content\/uploads\/2026\/02\/ACTIVIDAD-1.webp",1024,460,false],"thumbnail":["https:\/\/candelasantana.fpcei.eu\/wp-content\/uploads\/2026\/02\/ACTIVIDAD-1-150x150.webp",150,150,true],"medium":["https:\/\/candelasantana.fpcei.eu\/wp-content\/uploads\/2026\/02\/ACTIVIDAD-1-300x135.webp",300,135,true],"medium_large":["https:\/\/candelasantana.fpcei.eu\/wp-content\/uploads\/2026\/02\/ACTIVIDAD-1-768x345.webp",640,288,true],"large":["https:\/\/candelasantana.fpcei.eu\/wp-content\/uploads\/2026\/02\/ACTIVIDAD-1.webp",640,288,false],"1536x1536":["https:\/\/candelasantana.fpcei.eu\/wp-content\/uploads\/2026\/02\/ACTIVIDAD-1.webp",1024,460,false],"2048x2048":["https:\/\/candelasantana.fpcei.eu\/wp-content\/uploads\/2026\/02\/ACTIVIDAD-1.webp",1024,460,false],"blogarise-slider-full":["https:\/\/candelasantana.fpcei.eu\/wp-content\/uploads\/2026\/02\/ACTIVIDAD-1.webp",1024,460,false],"blogarise-featured":["https:\/\/candelasantana.fpcei.eu\/wp-content\/uploads\/2026\/02\/ACTIVIDAD-1.webp",1024,460,false],"blogarise-medium":["https:\/\/candelasantana.fpcei.eu\/wp-content\/uploads\/2026\/02\/ACTIVIDAD-1-720x380.webp",720,380,true],"woocommerce_thumbnail":["https:\/\/candelasantana.fpcei.eu\/wp-content\/uploads\/2026\/02\/ACTIVIDAD-1-300x300.webp",300,300,true],"woocommerce_single":["https:\/\/candelasantana.fpcei.eu\/wp-content\/uploads\/2026\/02\/ACTIVIDAD-1-600x270.webp",600,270,true],"woocommerce_gallery_thumbnail":["https:\/\/candelasantana.fpcei.eu\/wp-content\/uploads\/2026\/02\/ACTIVIDAD-1-100x100.webp",100,100,true]},"uagb_author_info":{"display_name":"candela","author_link":"https:\/\/candelasantana.fpcei.eu\/?author=2"},"uagb_comment_info":0,"uagb_excerpt":"El taller de armas es uno de los lugares m\u00e1s emocionantes y, a veces, ruidosos del campamento. Al principio, algunos de nosotros, especialmente los que somos m\u00e1s nuevos, nos sentimos un poco intimidados. Ves a los hijos de Ares con sus martillos y forjas, trabajando el metal al rojo vivo como si hubieran nacido con&hellip;","_links":{"self":[{"href":"https:\/\/candelasantana.fpcei.eu\/index.php?rest_route=\/wp\/v2\/pages\/496","targetHints":{"allow":["GET"]}}],"collection":[{"href":"https:\/\/candelasantana.fpcei.eu\/index.php?rest_route=\/wp\/v2\/pages"}],"about":[{"href":"https:\/\/candelasantana.fpcei.eu\/index.php?rest_route=\/wp\/v2\/types\/page"}],"author":[{"embeddable":true,"href":"https:\/\/candelasantana.fpcei.eu\/index.php?rest_route=\/wp\/v2\/users\/2"}],"replies":[{"embeddable":true,"href":"https:\/\/candelasantana.fpcei.eu\/index.php?rest_route=%2Fwp%2Fv2%2Fcomments&post=496"}],"version-history":[{"count":2,"href":"https:\/\/candelasantana.fpcei.eu\/index.php?rest_route=\/wp\/v2\/pages\/496\/revisions"}],"predecessor-version":[{"id":503,"href":"https:\/\/candelasantana.fpcei.eu\/index.php?rest_route=\/wp\/v2\/pages\/496\/revisions\/503"}],"wp:featuredmedia":[{"embeddable":true,"href":"https:\/\/candelasantana.fpcei.eu\/index.php?rest_route=\/wp\/v2\/media\/500"}],"wp:attachment":[{"href":"https:\/\/candelasantana.fpcei.eu\/index.php?rest_route=%2Fwp%2Fv2%2Fmedia&parent=496"}],"curies":[{"name":"wp","href":"https:\/\/api.w.org\/{rel}","templated":true}]}}