{"id":505,"date":"2026-02-02T15:18:54","date_gmt":"2026-02-02T15:18:54","guid":{"rendered":"https:\/\/candelasantana.fpcei.eu\/?page_id=505"},"modified":"2026-02-02T15:18:54","modified_gmt":"2026-02-02T15:18:54","slug":"tiro-con-arco","status":"publish","type":"page","link":"https:\/\/candelasantana.fpcei.eu\/?page_id=505","title":{"rendered":"TIRO CON ARCO"},"content":{"rendered":"\n<p>El campo de tiro con arco es, sin duda, uno de los rincones m\u00e1s serenos y a la vez frustrantes de todo el campamento. Para los hijos de Apolo, parece una extensi\u00f3n natural de sus brazos; se mueven con una gracia casi molesta, soltando flechas que encuentran el centro de la diana incluso cuando apenas est\u00e1n mirando. Pero para el resto de nosotros, dominar la tensi\u00f3n de la cuerda y calcular el viento es un desaf\u00edo constante. Hay un silencio tenso que solo se rompe por el <em>zumbido<\/em> r\u00edtmico de las flechas surcando el aire y el impacto seco contra la paja. Es el lugar donde aprendes que la fuerza bruta de una espada no sirve de nada si no tienes la paciencia necesaria para esperar el momento exacto en que el mundo se queda quieto.<\/p>\n\n\n\n<p>Practicar aqu\u00ed es una lecci\u00f3n de humildad, especialmente cuando las dianas est\u00e1n a una distancia que parece imposible. Recuerdo la primera vez que logr\u00e9 que una flecha no terminara clavada en el tronco de un \u00e1rbol cercano; la satisfacci\u00f3n fue casi tan grande como ganar una partida de Captura la Bandera. A veces, bajo el sol de la tarde, el aire se siente cargado de una energ\u00eda especial, como si los dioses mismos estuvieran observando nuestra punter\u00eda desde el Olimpo. Entre bromas sobre qui\u00e9n tiene mejor ojo y la competencia amistosa con los hijos de Artemisa, el campo de tiro se convierte en un espacio donde dejamos de ser guerreros impulsivos para convertirnos en estrategas, entendiendo que a veces la batalla se gana mucho antes de que el enemigo llegue a estar frente a frente.<\/p>\n\n\n\n<figure class=\"wp-block-image size-full\"><img fetchpriority=\"high\" decoding=\"async\" width=\"900\" height=\"600\" src=\"https:\/\/candelasantana.fpcei.eu\/wp-content\/uploads\/2026\/02\/tiroarco.jpg\" alt=\"\" class=\"wp-image-506\" srcset=\"https:\/\/candelasantana.fpcei.eu\/wp-content\/uploads\/2026\/02\/tiroarco.jpg 900w, https:\/\/candelasantana.fpcei.eu\/wp-content\/uploads\/2026\/02\/tiroarco-600x400.jpg 600w, https:\/\/candelasantana.fpcei.eu\/wp-content\/uploads\/2026\/02\/tiroarco-300x200.jpg 300w, https:\/\/candelasantana.fpcei.eu\/wp-content\/uploads\/2026\/02\/tiroarco-768x512.jpg 768w\" sizes=\"(max-width: 900px) 100vw, 900px\" \/><\/figure>\n","protected":false},"excerpt":{"rendered":"<p>El campo de tiro con arco es, sin duda, uno de los rincones m\u00e1s serenos y a la vez frustrantes de todo el campamento. Para los hijos de Apolo, parece una extensi\u00f3n natural de sus brazos; se mueven con una gracia casi molesta, soltando flechas que encuentran el centro de la diana incluso cuando apenas [&hellip;]<\/p>\n","protected":false},"author":2,"featured_media":507,"parent":0,"menu_order":0,"comment_status":"closed","ping_status":"closed","template":"","meta":{"_uag_custom_page_level_css":"","footnotes":""},"class_list":["post-505","page","type-page","status-publish","has-post-thumbnail","hentry"],"uagb_featured_image_src":{"full":["https:\/\/candelasantana.fpcei.eu\/wp-content\/uploads\/2026\/02\/arqueria.jpg",1279,854,false],"thumbnail":["https:\/\/candelasantana.fpcei.eu\/wp-content\/uploads\/2026\/02\/arqueria-150x150.jpg",150,150,true],"medium":["https:\/\/candelasantana.fpcei.eu\/wp-content\/uploads\/2026\/02\/arqueria-300x200.jpg",300,200,true],"medium_large":["https:\/\/candelasantana.fpcei.eu\/wp-content\/uploads\/2026\/02\/arqueria-768x513.jpg",640,428,true],"large":["https:\/\/candelasantana.fpcei.eu\/wp-content\/uploads\/2026\/02\/arqueria-1024x684.jpg",640,428,true],"1536x1536":["https:\/\/candelasantana.fpcei.eu\/wp-content\/uploads\/2026\/02\/arqueria.jpg",1279,854,false],"2048x2048":["https:\/\/candelasantana.fpcei.eu\/wp-content\/uploads\/2026\/02\/arqueria.jpg",1279,854,false],"blogarise-slider-full":["https:\/\/candelasantana.fpcei.eu\/wp-content\/uploads\/2026\/02\/arqueria-1279x720.jpg",1279,720,true],"blogarise-featured":["https:\/\/candelasantana.fpcei.eu\/wp-content\/uploads\/2026\/02\/arqueria-1024x684.jpg",1024,684,true],"blogarise-medium":["https:\/\/candelasantana.fpcei.eu\/wp-content\/uploads\/2026\/02\/arqueria-720x380.jpg",720,380,true],"woocommerce_thumbnail":["https:\/\/candelasantana.fpcei.eu\/wp-content\/uploads\/2026\/02\/arqueria-300x300.jpg",300,300,true],"woocommerce_single":["https:\/\/candelasantana.fpcei.eu\/wp-content\/uploads\/2026\/02\/arqueria-600x401.jpg",600,401,true],"woocommerce_gallery_thumbnail":["https:\/\/candelasantana.fpcei.eu\/wp-content\/uploads\/2026\/02\/arqueria-100x100.jpg",100,100,true]},"uagb_author_info":{"display_name":"candela","author_link":"https:\/\/candelasantana.fpcei.eu\/?author=2"},"uagb_comment_info":0,"uagb_excerpt":"El campo de tiro con arco es, sin duda, uno de los rincones m\u00e1s serenos y a la vez frustrantes de todo el campamento. Para los hijos de Apolo, parece una extensi\u00f3n natural de sus brazos; se mueven con una gracia casi molesta, soltando flechas que encuentran el centro de la diana incluso cuando apenas&hellip;","_links":{"self":[{"href":"https:\/\/candelasantana.fpcei.eu\/index.php?rest_route=\/wp\/v2\/pages\/505","targetHints":{"allow":["GET"]}}],"collection":[{"href":"https:\/\/candelasantana.fpcei.eu\/index.php?rest_route=\/wp\/v2\/pages"}],"about":[{"href":"https:\/\/candelasantana.fpcei.eu\/index.php?rest_route=\/wp\/v2\/types\/page"}],"author":[{"embeddable":true,"href":"https:\/\/candelasantana.fpcei.eu\/index.php?rest_route=\/wp\/v2\/users\/2"}],"replies":[{"embeddable":true,"href":"https:\/\/candelasantana.fpcei.eu\/index.php?rest_route=%2Fwp%2Fv2%2Fcomments&post=505"}],"version-history":[{"count":1,"href":"https:\/\/candelasantana.fpcei.eu\/index.php?rest_route=\/wp\/v2\/pages\/505\/revisions"}],"predecessor-version":[{"id":509,"href":"https:\/\/candelasantana.fpcei.eu\/index.php?rest_route=\/wp\/v2\/pages\/505\/revisions\/509"}],"wp:featuredmedia":[{"embeddable":true,"href":"https:\/\/candelasantana.fpcei.eu\/index.php?rest_route=\/wp\/v2\/media\/507"}],"wp:attachment":[{"href":"https:\/\/candelasantana.fpcei.eu\/index.php?rest_route=%2Fwp%2Fv2%2Fmedia&parent=505"}],"curies":[{"name":"wp","href":"https:\/\/api.w.org\/{rel}","templated":true}]}}