{"id":510,"date":"2026-02-02T15:21:22","date_gmt":"2026-02-02T15:21:22","guid":{"rendered":"https:\/\/candelasantana.fpcei.eu\/?page_id=510"},"modified":"2026-02-02T15:21:22","modified_gmt":"2026-02-02T15:21:22","slug":"defensa-y-ataque","status":"publish","type":"page","link":"https:\/\/candelasantana.fpcei.eu\/?page_id=510","title":{"rendered":"DEFENSA Y ATAQUE"},"content":{"rendered":"\n<p>Entrenar la ofensiva y la defensiva en el campamento es como aprender un baile donde un error te deja cubierto de barro o, peor, en la enfermer\u00eda con un n\u00e9ctar en la mano. Cuando practicamos el ataque, la adrenalina es total; los hijos de Ares suelen liderar las cargas con un \u00edmpetu que te hace vibrar el pecho, ense\u00f1\u00e1ndonos que la iniciativa lo es todo. Pero no se trata solo de golpear fuerte; los hijos de Atenea siempre nos recuerdan que un ataque sin estrategia es solo un desperdicio de energ\u00eda. Aprendemos a leer el peso del oponente y a buscar ese hueco en su guardia, sabiendo que en el mundo real, los monstruos no te dan una segunda oportunidad para corregir la postura.<\/p>\n\n\n\n<p>Sin embargo, es en la defensa donde realmente se forja un semidi\u00f3s. No hay nada m\u00e1s agotador que sostener un escudo de bronce bajo el sol mientras intentas mantener la formaci\u00f3n frente a una lluvia de flechas o un envite de espadas de madera. Los hijos de Hefesto a veces nos dan consejos sobre c\u00f3mo inclinar el escudo para que el impacto se desv\u00ede sin rompernos la mu\u00f1eca, y los hijos de Hermes nos ense\u00f1an que la mejor defensa suele ser un paso lateral r\u00e1pido en el momento justo. Al final del d\u00eda, entendemos que atacar te permite ganar una batalla, pero una defensa s\u00f3lida es lo que nos mantiene a todos con vida para ver el amanecer al d\u00eda siguiente.<\/p>\n\n\n\n<figure class=\"wp-block-image size-full\"><img fetchpriority=\"high\" decoding=\"async\" width=\"650\" height=\"350\" src=\"https:\/\/candelasantana.fpcei.eu\/wp-content\/uploads\/2026\/02\/campamento-avila-fas.jpg\" alt=\"\" class=\"wp-image-511\" srcset=\"https:\/\/candelasantana.fpcei.eu\/wp-content\/uploads\/2026\/02\/campamento-avila-fas.jpg 650w, https:\/\/candelasantana.fpcei.eu\/wp-content\/uploads\/2026\/02\/campamento-avila-fas-600x323.jpg 600w, https:\/\/candelasantana.fpcei.eu\/wp-content\/uploads\/2026\/02\/campamento-avila-fas-300x162.jpg 300w\" sizes=\"(max-width: 650px) 100vw, 650px\" \/><\/figure>\n","protected":false},"excerpt":{"rendered":"<p>Entrenar la ofensiva y la defensiva en el campamento es como aprender un baile donde un error te deja cubierto de barro o, peor, en la enfermer\u00eda con un n\u00e9ctar en la mano. Cuando practicamos el ataque, la adrenalina es total; los hijos de Ares suelen liderar las cargas con un \u00edmpetu que te hace [&hellip;]<\/p>\n","protected":false},"author":2,"featured_media":512,"parent":0,"menu_order":0,"comment_status":"closed","ping_status":"closed","template":"","meta":{"_uag_custom_page_level_css":"","footnotes":""},"class_list":["post-510","page","type-page","status-publish","has-post-thumbnail","hentry"],"uagb_featured_image_src":{"full":["https:\/\/candelasantana.fpcei.eu\/wp-content\/uploads\/2026\/02\/20210830_115639.webp",1024,460,false],"thumbnail":["https:\/\/candelasantana.fpcei.eu\/wp-content\/uploads\/2026\/02\/20210830_115639-150x150.webp",150,150,true],"medium":["https:\/\/candelasantana.fpcei.eu\/wp-content\/uploads\/2026\/02\/20210830_115639-300x135.webp",300,135,true],"medium_large":["https:\/\/candelasantana.fpcei.eu\/wp-content\/uploads\/2026\/02\/20210830_115639-768x345.webp",640,288,true],"large":["https:\/\/candelasantana.fpcei.eu\/wp-content\/uploads\/2026\/02\/20210830_115639.webp",640,288,false],"1536x1536":["https:\/\/candelasantana.fpcei.eu\/wp-content\/uploads\/2026\/02\/20210830_115639.webp",1024,460,false],"2048x2048":["https:\/\/candelasantana.fpcei.eu\/wp-content\/uploads\/2026\/02\/20210830_115639.webp",1024,460,false],"blogarise-slider-full":["https:\/\/candelasantana.fpcei.eu\/wp-content\/uploads\/2026\/02\/20210830_115639.webp",1024,460,false],"blogarise-featured":["https:\/\/candelasantana.fpcei.eu\/wp-content\/uploads\/2026\/02\/20210830_115639.webp",1024,460,false],"blogarise-medium":["https:\/\/candelasantana.fpcei.eu\/wp-content\/uploads\/2026\/02\/20210830_115639-720x380.webp",720,380,true],"woocommerce_thumbnail":["https:\/\/candelasantana.fpcei.eu\/wp-content\/uploads\/2026\/02\/20210830_115639-300x300.webp",300,300,true],"woocommerce_single":["https:\/\/candelasantana.fpcei.eu\/wp-content\/uploads\/2026\/02\/20210830_115639-600x270.webp",600,270,true],"woocommerce_gallery_thumbnail":["https:\/\/candelasantana.fpcei.eu\/wp-content\/uploads\/2026\/02\/20210830_115639-100x100.webp",100,100,true]},"uagb_author_info":{"display_name":"candela","author_link":"https:\/\/candelasantana.fpcei.eu\/?author=2"},"uagb_comment_info":0,"uagb_excerpt":"Entrenar la ofensiva y la defensiva en el campamento es como aprender un baile donde un error te deja cubierto de barro o, peor, en la enfermer\u00eda con un n\u00e9ctar en la mano. Cuando practicamos el ataque, la adrenalina es total; los hijos de Ares suelen liderar las cargas con un \u00edmpetu que te hace&hellip;","_links":{"self":[{"href":"https:\/\/candelasantana.fpcei.eu\/index.php?rest_route=\/wp\/v2\/pages\/510","targetHints":{"allow":["GET"]}}],"collection":[{"href":"https:\/\/candelasantana.fpcei.eu\/index.php?rest_route=\/wp\/v2\/pages"}],"about":[{"href":"https:\/\/candelasantana.fpcei.eu\/index.php?rest_route=\/wp\/v2\/types\/page"}],"author":[{"embeddable":true,"href":"https:\/\/candelasantana.fpcei.eu\/index.php?rest_route=\/wp\/v2\/users\/2"}],"replies":[{"embeddable":true,"href":"https:\/\/candelasantana.fpcei.eu\/index.php?rest_route=%2Fwp%2Fv2%2Fcomments&post=510"}],"version-history":[{"count":1,"href":"https:\/\/candelasantana.fpcei.eu\/index.php?rest_route=\/wp\/v2\/pages\/510\/revisions"}],"predecessor-version":[{"id":513,"href":"https:\/\/candelasantana.fpcei.eu\/index.php?rest_route=\/wp\/v2\/pages\/510\/revisions\/513"}],"wp:featuredmedia":[{"embeddable":true,"href":"https:\/\/candelasantana.fpcei.eu\/index.php?rest_route=\/wp\/v2\/media\/512"}],"wp:attachment":[{"href":"https:\/\/candelasantana.fpcei.eu\/index.php?rest_route=%2Fwp%2Fv2%2Fmedia&parent=510"}],"curies":[{"name":"wp","href":"https:\/\/api.w.org\/{rel}","templated":true}]}}