{"id":514,"date":"2026-02-02T15:24:24","date_gmt":"2026-02-02T15:24:24","guid":{"rendered":"https:\/\/candelasantana.fpcei.eu\/?page_id=514"},"modified":"2026-02-02T15:24:24","modified_gmt":"2026-02-02T15:24:24","slug":"circuito-de-obstaculos","status":"publish","type":"page","link":"https:\/\/candelasantana.fpcei.eu\/?page_id=514","title":{"rendered":"CIRCUITO DE OBST\u00c1CULOS"},"content":{"rendered":"\n<p>El circuito de obst\u00e1culos no es una simple pista de entrenamiento; es un recordatorio constante de que, como semidioses, el entorno siempre intentar\u00e1 tomarnos por sorpresa. Desde nuestra perspectiva, enfrentarse a las paredes de escalada que escupen lava o a las plataformas que se balancean sobre fosos de barro es la prueba definitiva de reflejos. Los hijos de Hermes se mueven por aqu\u00ed como si el aire fuera su elemento, saltando entre cuerdas y vigas con una facilidad que nos hace rechinar los dientes a los dem\u00e1s. No es solo fuerza f\u00edsica; es aprender a confiar en tu instinto cuando el suelo desaparece bajo tus pies o cuando tienes que esquivar p\u00e9ndulos mientras mantienes el equilibrio.<\/p>\n\n\n\n<p>Lo que realmente une a las caba\u00f1as en este caos es el sentido de supervivencia compartida. Ver a un hijo de Dem\u00e9ter usar ra\u00edces para estabilizar una plataforma que se cae, o a un hijo de Hefesto calculando el tiempo exacto de los chorros de fuego para gritarnos cu\u00e1ndo avanzar, nos ense\u00f1a que nadie sobrevive solo ah\u00ed fuera. Terminar el circuito cubierto de holl\u00edn, sudor y alg\u00fan que otro rasp\u00f3n es casi una medalla de honor. Al final del d\u00eda, cuando recuperamos el aliento mientras nos quitamos el equipo, nos damos cuenta de que cada ca\u00edda en la pista es una lecci\u00f3n aprendida que podr\u00eda salvarnos la vida cuando nos enfrentemos a algo mucho m\u00e1s peligroso que un entrenamiento programado<\/p>\n\n\n\n<figure class=\"wp-block-image size-large\"><img fetchpriority=\"high\" decoding=\"async\" width=\"1024\" height=\"340\" src=\"https:\/\/candelasantana.fpcei.eu\/wp-content\/uploads\/2026\/02\/Obstacle-Course-UniPlay-1024x340.jpg\" alt=\"\" class=\"wp-image-515\" srcset=\"https:\/\/candelasantana.fpcei.eu\/wp-content\/uploads\/2026\/02\/Obstacle-Course-UniPlay-1024x340.jpg 1024w, https:\/\/candelasantana.fpcei.eu\/wp-content\/uploads\/2026\/02\/Obstacle-Course-UniPlay-600x200.jpg 600w, https:\/\/candelasantana.fpcei.eu\/wp-content\/uploads\/2026\/02\/Obstacle-Course-UniPlay-300x100.jpg 300w, https:\/\/candelasantana.fpcei.eu\/wp-content\/uploads\/2026\/02\/Obstacle-Course-UniPlay-768x255.jpg 768w, https:\/\/candelasantana.fpcei.eu\/wp-content\/uploads\/2026\/02\/Obstacle-Course-UniPlay-1536x511.jpg 1536w, https:\/\/candelasantana.fpcei.eu\/wp-content\/uploads\/2026\/02\/Obstacle-Course-UniPlay.jpg 1600w\" sizes=\"(max-width: 1024px) 100vw, 1024px\" \/><\/figure>\n","protected":false},"excerpt":{"rendered":"<p>El circuito de obst\u00e1culos no es una simple pista de entrenamiento; es un recordatorio constante de que, como semidioses, el entorno siempre intentar\u00e1 tomarnos por sorpresa. Desde nuestra perspectiva, enfrentarse a las paredes de escalada que escupen lava o a las plataformas que se balancean sobre fosos de barro es la prueba definitiva de reflejos. [&hellip;]<\/p>\n","protected":false},"author":2,"featured_media":516,"parent":0,"menu_order":0,"comment_status":"closed","ping_status":"closed","template":"","meta":{"_uag_custom_page_level_css":"","footnotes":""},"class_list":["post-514","page","type-page","status-publish","has-post-thumbnail","hentry"],"uagb_featured_image_src":{"full":["https:\/\/candelasantana.fpcei.eu\/wp-content\/uploads\/2026\/02\/20.-Campament-Rio-Loco.jpg",1600,900,false],"thumbnail":["https:\/\/candelasantana.fpcei.eu\/wp-content\/uploads\/2026\/02\/20.-Campament-Rio-Loco-150x150.jpg",150,150,true],"medium":["https:\/\/candelasantana.fpcei.eu\/wp-content\/uploads\/2026\/02\/20.-Campament-Rio-Loco-300x169.jpg",300,169,true],"medium_large":["https:\/\/candelasantana.fpcei.eu\/wp-content\/uploads\/2026\/02\/20.-Campament-Rio-Loco-768x432.jpg",640,360,true],"large":["https:\/\/candelasantana.fpcei.eu\/wp-content\/uploads\/2026\/02\/20.-Campament-Rio-Loco-1024x576.jpg",640,360,true],"1536x1536":["https:\/\/candelasantana.fpcei.eu\/wp-content\/uploads\/2026\/02\/20.-Campament-Rio-Loco-1536x864.jpg",1536,864,true],"2048x2048":["https:\/\/candelasantana.fpcei.eu\/wp-content\/uploads\/2026\/02\/20.-Campament-Rio-Loco.jpg",1600,900,false],"blogarise-slider-full":["https:\/\/candelasantana.fpcei.eu\/wp-content\/uploads\/2026\/02\/20.-Campament-Rio-Loco-1280x720.jpg",1280,720,true],"blogarise-featured":["https:\/\/candelasantana.fpcei.eu\/wp-content\/uploads\/2026\/02\/20.-Campament-Rio-Loco-1024x576.jpg",1024,576,true],"blogarise-medium":["https:\/\/candelasantana.fpcei.eu\/wp-content\/uploads\/2026\/02\/20.-Campament-Rio-Loco-720x380.jpg",720,380,true],"woocommerce_thumbnail":["https:\/\/candelasantana.fpcei.eu\/wp-content\/uploads\/2026\/02\/20.-Campament-Rio-Loco-300x300.jpg",300,300,true],"woocommerce_single":["https:\/\/candelasantana.fpcei.eu\/wp-content\/uploads\/2026\/02\/20.-Campament-Rio-Loco-600x338.jpg",600,338,true],"woocommerce_gallery_thumbnail":["https:\/\/candelasantana.fpcei.eu\/wp-content\/uploads\/2026\/02\/20.-Campament-Rio-Loco-100x100.jpg",100,100,true]},"uagb_author_info":{"display_name":"candela","author_link":"https:\/\/candelasantana.fpcei.eu\/?author=2"},"uagb_comment_info":0,"uagb_excerpt":"El circuito de obst\u00e1culos no es una simple pista de entrenamiento; es un recordatorio constante de que, como semidioses, el entorno siempre intentar\u00e1 tomarnos por sorpresa. Desde nuestra perspectiva, enfrentarse a las paredes de escalada que escupen lava o a las plataformas que se balancean sobre fosos de barro es la prueba definitiva de reflejos.&hellip;","_links":{"self":[{"href":"https:\/\/candelasantana.fpcei.eu\/index.php?rest_route=\/wp\/v2\/pages\/514","targetHints":{"allow":["GET"]}}],"collection":[{"href":"https:\/\/candelasantana.fpcei.eu\/index.php?rest_route=\/wp\/v2\/pages"}],"about":[{"href":"https:\/\/candelasantana.fpcei.eu\/index.php?rest_route=\/wp\/v2\/types\/page"}],"author":[{"embeddable":true,"href":"https:\/\/candelasantana.fpcei.eu\/index.php?rest_route=\/wp\/v2\/users\/2"}],"replies":[{"embeddable":true,"href":"https:\/\/candelasantana.fpcei.eu\/index.php?rest_route=%2Fwp%2Fv2%2Fcomments&post=514"}],"version-history":[{"count":1,"href":"https:\/\/candelasantana.fpcei.eu\/index.php?rest_route=\/wp\/v2\/pages\/514\/revisions"}],"predecessor-version":[{"id":517,"href":"https:\/\/candelasantana.fpcei.eu\/index.php?rest_route=\/wp\/v2\/pages\/514\/revisions\/517"}],"wp:featuredmedia":[{"embeddable":true,"href":"https:\/\/candelasantana.fpcei.eu\/index.php?rest_route=\/wp\/v2\/media\/516"}],"wp:attachment":[{"href":"https:\/\/candelasantana.fpcei.eu\/index.php?rest_route=%2Fwp%2Fv2%2Fmedia&parent=514"}],"curies":[{"name":"wp","href":"https:\/\/api.w.org\/{rel}","templated":true}]}}