{"id":521,"date":"2026-02-02T15:27:14","date_gmt":"2026-02-02T15:27:14","guid":{"rendered":"https:\/\/candelasantana.fpcei.eu\/?page_id=521"},"modified":"2026-02-02T15:27:14","modified_gmt":"2026-02-02T15:27:14","slug":"orientacion-y-supervivencia","status":"publish","type":"page","link":"https:\/\/candelasantana.fpcei.eu\/?page_id=521","title":{"rendered":"ORIENTACI\u00d3N Y SUPERVIVENCIA"},"content":{"rendered":"\n<p>Aprender orientaci\u00f3n y supervivencia en el campamento es mucho m\u00e1s que saber leer un mapa; es aprender a escuchar el lenguaje de la naturaleza cuando tu vida depende de ello. Para nosotros, los bosques no son solo \u00e1rboles, sino un laberinto donde los hijos de Dem\u00e9ter parecen saber exactamente qu\u00e9 ra\u00edces son comestibles y cu\u00e1les te enviar\u00e1n directo a una visi\u00f3n alucin\u00f3gena. Nos ense\u00f1an a rastrear no solo huellas de animales, sino el rastro de energ\u00eda que dejan los monstruos y a identificar el norte por la forma en que el musgo crece en las rocas de las ninfas. Es una sensaci\u00f3n extra\u00f1a saber que, mientras un mortal ver\u00eda un bosque tranquilo, nosotros vemos una red de se\u00f1ales, refugios potenciales y peligros ocultos que debemos descifrar antes de que caiga la noche.<\/p>\n\n\n\n<p>La verdadera prueba de supervivencia llega cuando te das cuenta de que tu herencia divina no siempre te da la respuesta. Puedes ser un hijo de Zeus, pero si no sabes c\u00f3mo encender una fogata sin usar un rayo que delate tu posici\u00f3n a kil\u00f3metros, est\u00e1s en problemas. Practicamos c\u00f3mo construir refugios que pasen desapercibidos para los ojos de los c\u00edclopes y c\u00f3mo purificar agua usando m\u00e9todos que los hijos de Poseid\u00f3n nos han ense\u00f1ado a perfeccionar. Al final, lo que nos mantiene a salvo en una misi\u00f3n no es solo nuestra arma, sino la capacidad de mantener la calma cuando est\u00e1s perdido y el conocimiento de que cada planta, sombra y corriente de aire tiene una historia que contarte si sabes c\u00f3mo prestar atenci\u00f3n.<\/p>\n\n\n\n<figure class=\"wp-block-image size-full\"><img fetchpriority=\"high\" decoding=\"async\" width=\"1024\" height=\"768\" src=\"https:\/\/candelasantana.fpcei.eu\/wp-content\/uploads\/2026\/02\/20210826_160717.webp\" alt=\"\" class=\"wp-image-522\" srcset=\"https:\/\/candelasantana.fpcei.eu\/wp-content\/uploads\/2026\/02\/20210826_160717.webp 1024w, https:\/\/candelasantana.fpcei.eu\/wp-content\/uploads\/2026\/02\/20210826_160717-600x450.webp 600w, https:\/\/candelasantana.fpcei.eu\/wp-content\/uploads\/2026\/02\/20210826_160717-300x225.webp 300w, https:\/\/candelasantana.fpcei.eu\/wp-content\/uploads\/2026\/02\/20210826_160717-768x576.webp 768w\" sizes=\"(max-width: 1024px) 100vw, 1024px\" \/><\/figure>\n","protected":false},"excerpt":{"rendered":"<p>Aprender orientaci\u00f3n y supervivencia en el campamento es mucho m\u00e1s que saber leer un mapa; es aprender a escuchar el lenguaje de la naturaleza cuando tu vida depende de ello. Para nosotros, los bosques no son solo \u00e1rboles, sino un laberinto donde los hijos de Dem\u00e9ter parecen saber exactamente qu\u00e9 ra\u00edces son comestibles y cu\u00e1les [&hellip;]<\/p>\n","protected":false},"author":2,"featured_media":523,"parent":0,"menu_order":0,"comment_status":"closed","ping_status":"closed","template":"","meta":{"_uag_custom_page_level_css":"","footnotes":""},"class_list":["post-521","page","type-page","status-publish","has-post-thumbnail","hentry"],"uagb_featured_image_src":{"full":["https:\/\/candelasantana.fpcei.eu\/wp-content\/uploads\/2026\/02\/41.jpg",1280,643,false],"thumbnail":["https:\/\/candelasantana.fpcei.eu\/wp-content\/uploads\/2026\/02\/41-150x150.jpg",150,150,true],"medium":["https:\/\/candelasantana.fpcei.eu\/wp-content\/uploads\/2026\/02\/41-300x151.jpg",300,151,true],"medium_large":["https:\/\/candelasantana.fpcei.eu\/wp-content\/uploads\/2026\/02\/41-768x386.jpg",640,322,true],"large":["https:\/\/candelasantana.fpcei.eu\/wp-content\/uploads\/2026\/02\/41-1024x514.jpg",640,321,true],"1536x1536":["https:\/\/candelasantana.fpcei.eu\/wp-content\/uploads\/2026\/02\/41.jpg",1280,643,false],"2048x2048":["https:\/\/candelasantana.fpcei.eu\/wp-content\/uploads\/2026\/02\/41.jpg",1280,643,false],"blogarise-slider-full":["https:\/\/candelasantana.fpcei.eu\/wp-content\/uploads\/2026\/02\/41.jpg",1280,643,false],"blogarise-featured":["https:\/\/candelasantana.fpcei.eu\/wp-content\/uploads\/2026\/02\/41-1024x514.jpg",1024,514,true],"blogarise-medium":["https:\/\/candelasantana.fpcei.eu\/wp-content\/uploads\/2026\/02\/41-720x380.jpg",720,380,true],"woocommerce_thumbnail":["https:\/\/candelasantana.fpcei.eu\/wp-content\/uploads\/2026\/02\/41-300x300.jpg",300,300,true],"woocommerce_single":["https:\/\/candelasantana.fpcei.eu\/wp-content\/uploads\/2026\/02\/41-600x301.jpg",600,301,true],"woocommerce_gallery_thumbnail":["https:\/\/candelasantana.fpcei.eu\/wp-content\/uploads\/2026\/02\/41-100x100.jpg",100,100,true]},"uagb_author_info":{"display_name":"candela","author_link":"https:\/\/candelasantana.fpcei.eu\/?author=2"},"uagb_comment_info":0,"uagb_excerpt":"Aprender orientaci\u00f3n y supervivencia en el campamento es mucho m\u00e1s que saber leer un mapa; es aprender a escuchar el lenguaje de la naturaleza cuando tu vida depende de ello. Para nosotros, los bosques no son solo \u00e1rboles, sino un laberinto donde los hijos de Dem\u00e9ter parecen saber exactamente qu\u00e9 ra\u00edces son comestibles y cu\u00e1les&hellip;","_links":{"self":[{"href":"https:\/\/candelasantana.fpcei.eu\/index.php?rest_route=\/wp\/v2\/pages\/521","targetHints":{"allow":["GET"]}}],"collection":[{"href":"https:\/\/candelasantana.fpcei.eu\/index.php?rest_route=\/wp\/v2\/pages"}],"about":[{"href":"https:\/\/candelasantana.fpcei.eu\/index.php?rest_route=\/wp\/v2\/types\/page"}],"author":[{"embeddable":true,"href":"https:\/\/candelasantana.fpcei.eu\/index.php?rest_route=\/wp\/v2\/users\/2"}],"replies":[{"embeddable":true,"href":"https:\/\/candelasantana.fpcei.eu\/index.php?rest_route=%2Fwp%2Fv2%2Fcomments&post=521"}],"version-history":[{"count":1,"href":"https:\/\/candelasantana.fpcei.eu\/index.php?rest_route=\/wp\/v2\/pages\/521\/revisions"}],"predecessor-version":[{"id":524,"href":"https:\/\/candelasantana.fpcei.eu\/index.php?rest_route=\/wp\/v2\/pages\/521\/revisions\/524"}],"wp:featuredmedia":[{"embeddable":true,"href":"https:\/\/candelasantana.fpcei.eu\/index.php?rest_route=\/wp\/v2\/media\/523"}],"wp:attachment":[{"href":"https:\/\/candelasantana.fpcei.eu\/index.php?rest_route=%2Fwp%2Fv2%2Fmedia&parent=521"}],"curies":[{"name":"wp","href":"https:\/\/api.w.org\/{rel}","templated":true}]}}