{"id":525,"date":"2026-02-02T15:31:57","date_gmt":"2026-02-02T15:31:57","guid":{"rendered":"https:\/\/candelasantana.fpcei.eu\/?page_id=525"},"modified":"2026-02-02T15:31:57","modified_gmt":"2026-02-02T15:31:57","slug":"barranquismo","status":"publish","type":"page","link":"https:\/\/candelasantana.fpcei.eu\/?page_id=525","title":{"rendered":"BARRANQUISMO"},"content":{"rendered":"\n<p>El barranquismo en el campamento es la prueba definitiva de que la naturaleza no siempre es nuestra aliada, por muy \u00abdivinos\u00bb que nos creamos. No es solo bajar por un ca\u00f1\u00f3n; es una coreograf\u00eda ca\u00f3tica entre rocas resbaladizas y cascadas que parecen tener voluntad propia. Para los hijos de Poseid\u00f3n, el agua es un patio de recreo, y verlos saltar a pozas profundas con esa confianza nos hace sentir a los dem\u00e1s como si tuvi\u00e9ramos pies de plomo. Sin embargo, cuando te encuentras suspendido de una cuerda, haciendo r\u00e1pel mientras el agua te golpea la cara y las ninfas de los arroyos se r\u00eden de tus intentos por no resbalar, entiendes que aqu\u00ed la coordinaci\u00f3n y el respeto por el cauce son lo \u00fanico que te separa de un aterrizaje muy poco elegante.<\/p>\n\n\n\n<p>Lo m\u00e1s intenso es el trabajo en equipo que surge cuando el terreno se pone dif\u00edcil. Mientras los hijos de Hermes buscan las rutas m\u00e1s r\u00e1pidas y los de Atenea calculan los \u00e1ngulos de descenso para que nadie se quede atrapado, el resto de nosotros aprendemos a confiar ciegamente en quien sostiene nuestra cuerda desde arriba. Hay una descarga de adrenalina pura cuando finalmente logras cruzar un tramo estrecho y te lanzas al agua fr\u00eda, sabiendo que has superado un obst\u00e1culo que habr\u00eda detenido a cualquier mortal. Al final del recorrido, empapados hasta los huesos y con los m\u00fasculos temblando, compartimos una mirada de victoria; hemos conquistado el curso de la monta\u00f1a, y eso nos hace sentir un poco m\u00e1s cerca de la invencibilidad que tanto buscamos.<\/p>\n\n\n\n<figure class=\"wp-block-image size-large\"><img fetchpriority=\"high\" decoding=\"async\" width=\"768\" height=\"1024\" src=\"https:\/\/candelasantana.fpcei.eu\/wp-content\/uploads\/2026\/02\/barranquismo-sierra-de-guara-2-1-768x1024.jpg\" alt=\"\" class=\"wp-image-527\" srcset=\"https:\/\/candelasantana.fpcei.eu\/wp-content\/uploads\/2026\/02\/barranquismo-sierra-de-guara-2-1-768x1024.jpg 768w, https:\/\/candelasantana.fpcei.eu\/wp-content\/uploads\/2026\/02\/barranquismo-sierra-de-guara-2-1-600x800.jpg 600w, https:\/\/candelasantana.fpcei.eu\/wp-content\/uploads\/2026\/02\/barranquismo-sierra-de-guara-2-1-225x300.jpg 225w, https:\/\/candelasantana.fpcei.eu\/wp-content\/uploads\/2026\/02\/barranquismo-sierra-de-guara-2-1.jpg 800w\" sizes=\"(max-width: 768px) 100vw, 768px\" \/><\/figure>\n","protected":false},"excerpt":{"rendered":"<p>El barranquismo en el campamento es la prueba definitiva de que la naturaleza no siempre es nuestra aliada, por muy \u00abdivinos\u00bb que nos creamos. No es solo bajar por un ca\u00f1\u00f3n; es una coreograf\u00eda ca\u00f3tica entre rocas resbaladizas y cascadas que parecen tener voluntad propia. Para los hijos de Poseid\u00f3n, el agua es un patio [&hellip;]<\/p>\n","protected":false},"author":2,"featured_media":528,"parent":0,"menu_order":0,"comment_status":"closed","ping_status":"closed","template":"","meta":{"_uag_custom_page_level_css":"","footnotes":""},"class_list":["post-525","page","type-page","status-publish","has-post-thumbnail","hentry"],"uagb_featured_image_src":{"full":["https:\/\/candelasantana.fpcei.eu\/wp-content\/uploads\/2026\/02\/P5260130-scaled-1.jpg",2560,1920,false],"thumbnail":["https:\/\/candelasantana.fpcei.eu\/wp-content\/uploads\/2026\/02\/P5260130-scaled-1-150x150.jpg",150,150,true],"medium":["https:\/\/candelasantana.fpcei.eu\/wp-content\/uploads\/2026\/02\/P5260130-scaled-1-300x225.jpg",300,225,true],"medium_large":["https:\/\/candelasantana.fpcei.eu\/wp-content\/uploads\/2026\/02\/P5260130-scaled-1-768x576.jpg",640,480,true],"large":["https:\/\/candelasantana.fpcei.eu\/wp-content\/uploads\/2026\/02\/P5260130-scaled-1-1024x768.jpg",640,480,true],"1536x1536":["https:\/\/candelasantana.fpcei.eu\/wp-content\/uploads\/2026\/02\/P5260130-scaled-1-1536x1152.jpg",1536,1152,true],"2048x2048":["https:\/\/candelasantana.fpcei.eu\/wp-content\/uploads\/2026\/02\/P5260130-scaled-1-2048x1536.jpg",2048,1536,true],"blogarise-slider-full":["https:\/\/candelasantana.fpcei.eu\/wp-content\/uploads\/2026\/02\/P5260130-scaled-1-1280x720.jpg",1280,720,true],"blogarise-featured":["https:\/\/candelasantana.fpcei.eu\/wp-content\/uploads\/2026\/02\/P5260130-scaled-1-1024x768.jpg",1024,768,true],"blogarise-medium":["https:\/\/candelasantana.fpcei.eu\/wp-content\/uploads\/2026\/02\/P5260130-scaled-1-720x380.jpg",720,380,true],"woocommerce_thumbnail":["https:\/\/candelasantana.fpcei.eu\/wp-content\/uploads\/2026\/02\/P5260130-scaled-1-300x300.jpg",300,300,true],"woocommerce_single":["https:\/\/candelasantana.fpcei.eu\/wp-content\/uploads\/2026\/02\/P5260130-scaled-1-600x450.jpg",600,450,true],"woocommerce_gallery_thumbnail":["https:\/\/candelasantana.fpcei.eu\/wp-content\/uploads\/2026\/02\/P5260130-scaled-1-100x100.jpg",100,100,true]},"uagb_author_info":{"display_name":"candela","author_link":"https:\/\/candelasantana.fpcei.eu\/?author=2"},"uagb_comment_info":0,"uagb_excerpt":"El barranquismo en el campamento es la prueba definitiva de que la naturaleza no siempre es nuestra aliada, por muy \u00abdivinos\u00bb que nos creamos. No es solo bajar por un ca\u00f1\u00f3n; es una coreograf\u00eda ca\u00f3tica entre rocas resbaladizas y cascadas que parecen tener voluntad propia. Para los hijos de Poseid\u00f3n, el agua es un patio&hellip;","_links":{"self":[{"href":"https:\/\/candelasantana.fpcei.eu\/index.php?rest_route=\/wp\/v2\/pages\/525","targetHints":{"allow":["GET"]}}],"collection":[{"href":"https:\/\/candelasantana.fpcei.eu\/index.php?rest_route=\/wp\/v2\/pages"}],"about":[{"href":"https:\/\/candelasantana.fpcei.eu\/index.php?rest_route=\/wp\/v2\/types\/page"}],"author":[{"embeddable":true,"href":"https:\/\/candelasantana.fpcei.eu\/index.php?rest_route=\/wp\/v2\/users\/2"}],"replies":[{"embeddable":true,"href":"https:\/\/candelasantana.fpcei.eu\/index.php?rest_route=%2Fwp%2Fv2%2Fcomments&post=525"}],"version-history":[{"count":2,"href":"https:\/\/candelasantana.fpcei.eu\/index.php?rest_route=\/wp\/v2\/pages\/525\/revisions"}],"predecessor-version":[{"id":529,"href":"https:\/\/candelasantana.fpcei.eu\/index.php?rest_route=\/wp\/v2\/pages\/525\/revisions\/529"}],"wp:featuredmedia":[{"embeddable":true,"href":"https:\/\/candelasantana.fpcei.eu\/index.php?rest_route=\/wp\/v2\/media\/528"}],"wp:attachment":[{"href":"https:\/\/candelasantana.fpcei.eu\/index.php?rest_route=%2Fwp%2Fv2%2Fmedia&parent=525"}],"curies":[{"name":"wp","href":"https:\/\/api.w.org\/{rel}","templated":true}]}}