{"id":535,"date":"2026-02-02T15:36:18","date_gmt":"2026-02-02T15:36:18","guid":{"rendered":"https:\/\/candelasantana.fpcei.eu\/?page_id=535"},"modified":"2026-02-02T15:36:18","modified_gmt":"2026-02-02T15:36:18","slug":"arte-y-manualidades","status":"publish","type":"page","link":"https:\/\/candelasantana.fpcei.eu\/?page_id=535","title":{"rendered":"ARTE Y MANUALIDADES"},"content":{"rendered":"\n<p>El rinc\u00f3n de artes y manualidades es el lugar donde el caos del entrenamiento se transforma en algo tangible y, extra\u00f1amente, relajante. No todo es blandir espadas; aqu\u00ed, los hijos de Afrodita nos ense\u00f1an que hay un poder diferente en la creaci\u00f3n de la belleza, dise\u00f1ando t\u00fanicas con hilos que parecen capturar la luz del sol o pintando frescos que parecen cobrar vida. Es el \u00fanico sitio donde puedes ver a un hijo de Ares, con los nudillos a\u00fan vendados, concentrado al m\u00e1ximo tratando de moldear una figura de arcilla sin aplastarla con su propia fuerza. Para nosotros, decorar nuestras propias cuentas del campamento o grabar dise\u00f1os en cuero es una forma de reclamar nuestra identidad fuera de las profec\u00edas y las batallas.<\/p>\n\n\n\n<p>Lo m\u00e1s especial es c\u00f3mo cada caba\u00f1a deja su sello divino en lo que crea. Mientras los hijos de Atenea tejen tapices que narran batallas hist\u00f3ricas con una precisi\u00f3n matem\u00e1tica, los hijos de Hermes suelen fabricar ingeniosos amuletos de la suerte o peque\u00f1os artefactos que siempre terminan teniendo un compartimento secreto. Incluso hay algo de magia en el aire cuando trabajamos con el m\u00e1rmol o la madera; es como si, por unas horas, el taller fuera un refugio donde nuestras manos no est\u00e1n hechas para destruir, sino para construir algo que dure m\u00e1s que cualquier enfrentamiento. Al final, salir con los dedos manchados de pintura o polvo de piedra nos hace sentir que hemos dejado una parte de nuestra propia esencia en el campamento.<\/p>\n\n\n\n<figure class=\"wp-block-image size-full\"><img fetchpriority=\"high\" decoding=\"async\" width=\"600\" height=\"338\" src=\"https:\/\/candelasantana.fpcei.eu\/wp-content\/uploads\/2026\/02\/Monterrc-C.-S-600x338-1.jpg\" alt=\"\" class=\"wp-image-536\" srcset=\"https:\/\/candelasantana.fpcei.eu\/wp-content\/uploads\/2026\/02\/Monterrc-C.-S-600x338-1.jpg 600w, https:\/\/candelasantana.fpcei.eu\/wp-content\/uploads\/2026\/02\/Monterrc-C.-S-600x338-1-300x169.jpg 300w\" sizes=\"(max-width: 600px) 100vw, 600px\" \/><\/figure>\n","protected":false},"excerpt":{"rendered":"<p>El rinc\u00f3n de artes y manualidades es el lugar donde el caos del entrenamiento se transforma en algo tangible y, extra\u00f1amente, relajante. No todo es blandir espadas; aqu\u00ed, los hijos de Afrodita nos ense\u00f1an que hay un poder diferente en la creaci\u00f3n de la belleza, dise\u00f1ando t\u00fanicas con hilos que parecen capturar la luz del [&hellip;]<\/p>\n","protected":false},"author":2,"featured_media":537,"parent":0,"menu_order":0,"comment_status":"closed","ping_status":"closed","template":"","meta":{"_uag_custom_page_level_css":"","footnotes":""},"class_list":["post-535","page","type-page","status-publish","has-post-thumbnail","hentry"],"uagb_featured_image_src":{"full":["https:\/\/candelasantana.fpcei.eu\/wp-content\/uploads\/2026\/02\/manualidades-arte-para-ninos.jpg",870,416,false],"thumbnail":["https:\/\/candelasantana.fpcei.eu\/wp-content\/uploads\/2026\/02\/manualidades-arte-para-ninos-150x150.jpg",150,150,true],"medium":["https:\/\/candelasantana.fpcei.eu\/wp-content\/uploads\/2026\/02\/manualidades-arte-para-ninos-300x143.jpg",300,143,true],"medium_large":["https:\/\/candelasantana.fpcei.eu\/wp-content\/uploads\/2026\/02\/manualidades-arte-para-ninos-768x367.jpg",640,306,true],"large":["https:\/\/candelasantana.fpcei.eu\/wp-content\/uploads\/2026\/02\/manualidades-arte-para-ninos.jpg",640,306,false],"1536x1536":["https:\/\/candelasantana.fpcei.eu\/wp-content\/uploads\/2026\/02\/manualidades-arte-para-ninos.jpg",870,416,false],"2048x2048":["https:\/\/candelasantana.fpcei.eu\/wp-content\/uploads\/2026\/02\/manualidades-arte-para-ninos.jpg",870,416,false],"blogarise-slider-full":["https:\/\/candelasantana.fpcei.eu\/wp-content\/uploads\/2026\/02\/manualidades-arte-para-ninos.jpg",870,416,false],"blogarise-featured":["https:\/\/candelasantana.fpcei.eu\/wp-content\/uploads\/2026\/02\/manualidades-arte-para-ninos.jpg",870,416,false],"blogarise-medium":["https:\/\/candelasantana.fpcei.eu\/wp-content\/uploads\/2026\/02\/manualidades-arte-para-ninos-720x380.jpg",720,380,true],"woocommerce_thumbnail":["https:\/\/candelasantana.fpcei.eu\/wp-content\/uploads\/2026\/02\/manualidades-arte-para-ninos-300x300.jpg",300,300,true],"woocommerce_single":["https:\/\/candelasantana.fpcei.eu\/wp-content\/uploads\/2026\/02\/manualidades-arte-para-ninos-600x287.jpg",600,287,true],"woocommerce_gallery_thumbnail":["https:\/\/candelasantana.fpcei.eu\/wp-content\/uploads\/2026\/02\/manualidades-arte-para-ninos-100x100.jpg",100,100,true]},"uagb_author_info":{"display_name":"candela","author_link":"https:\/\/candelasantana.fpcei.eu\/?author=2"},"uagb_comment_info":0,"uagb_excerpt":"El rinc\u00f3n de artes y manualidades es el lugar donde el caos del entrenamiento se transforma en algo tangible y, extra\u00f1amente, relajante. No todo es blandir espadas; aqu\u00ed, los hijos de Afrodita nos ense\u00f1an que hay un poder diferente en la creaci\u00f3n de la belleza, dise\u00f1ando t\u00fanicas con hilos que parecen capturar la luz del&hellip;","_links":{"self":[{"href":"https:\/\/candelasantana.fpcei.eu\/index.php?rest_route=\/wp\/v2\/pages\/535","targetHints":{"allow":["GET"]}}],"collection":[{"href":"https:\/\/candelasantana.fpcei.eu\/index.php?rest_route=\/wp\/v2\/pages"}],"about":[{"href":"https:\/\/candelasantana.fpcei.eu\/index.php?rest_route=\/wp\/v2\/types\/page"}],"author":[{"embeddable":true,"href":"https:\/\/candelasantana.fpcei.eu\/index.php?rest_route=\/wp\/v2\/users\/2"}],"replies":[{"embeddable":true,"href":"https:\/\/candelasantana.fpcei.eu\/index.php?rest_route=%2Fwp%2Fv2%2Fcomments&post=535"}],"version-history":[{"count":1,"href":"https:\/\/candelasantana.fpcei.eu\/index.php?rest_route=\/wp\/v2\/pages\/535\/revisions"}],"predecessor-version":[{"id":538,"href":"https:\/\/candelasantana.fpcei.eu\/index.php?rest_route=\/wp\/v2\/pages\/535\/revisions\/538"}],"wp:featuredmedia":[{"embeddable":true,"href":"https:\/\/candelasantana.fpcei.eu\/index.php?rest_route=\/wp\/v2\/media\/537"}],"wp:attachment":[{"href":"https:\/\/candelasantana.fpcei.eu\/index.php?rest_route=%2Fwp%2Fv2%2Fmedia&parent=535"}],"curies":[{"name":"wp","href":"https:\/\/api.w.org\/{rel}","templated":true}]}}