{"id":564,"date":"2026-02-05T15:01:36","date_gmt":"2026-02-05T15:01:36","guid":{"rendered":"https:\/\/candelasantana.fpcei.eu\/?page_id=564"},"modified":"2026-02-07T12:10:17","modified_gmt":"2026-02-07T12:10:17","slug":"cabana-1","status":"publish","type":"page","link":"https:\/\/candelasantana.fpcei.eu\/?page_id=564","title":{"rendered":"CABA\u00d1A 1"},"content":{"rendered":"\n<p>Aqu\u00ed tienes tres p\u00e1rrafos sobre la Caba\u00f1a Uno del Campamento Mestizo, desde la perspectiva de los hijos de Poseid\u00f3n:<\/p>\n\n\n\n<p>La Caba\u00f1a Uno, para nosotros, los hijos de Poseid\u00f3n, es m\u00e1s que un simple refugio; es un santuario, una extensi\u00f3n de nuestro dominio submarino en tierra firme. Al entrar, el aire siempre parece m\u00e1s fresco, con un ligero aroma a sal y humedad que nos recuerda a las profundidades del oc\u00e9ano. Las paredes est\u00e1n decoradas con conchas marinas iridiscentes y algas marinas que brillan suavemente, y las literas est\u00e1n hechas de madera flotante pulida. Es un lugar de paz y conexi\u00f3n con nuestro padre, donde podemos recargar nuestras energ\u00edas y sentirnos realmente en casa, lejos del bullicio del campamento.<\/p>\n\n\n\n<p>Nuestra caba\u00f1a es un remanso de tranquilidad en medio del ajetreo del Campamento Mestizo. A menudo, el sonido suave de las olas parece resonar desde las paredes, un murmullo reconfortante que nos ayuda a relajarnos y a concentrarnos. Nos encanta pasar tiempo aqu\u00ed, compartiendo historias de nuestras aventuras, planificando futuras misiones o simplemente disfrutando de la compa\u00f1\u00eda mutua. Es un lugar donde nuestra herencia acu\u00e1tica se celebra, y donde podemos sentirnos orgullosos de ser hijos del dios del mar, sin la presi\u00f3n de las expectativas de los dem\u00e1s campistas.<\/p>\n\n\n\n<p>Aunque es nuestra caba\u00f1a, siempre est\u00e1 abierta, en esp\u00edritu, a nuestros hermanos y hermanas del mar. Nos esforzamos por mantenerla limpia y acogedora, reflejando el poder y la majestuosidad de Poseid\u00f3n. Aqu\u00ed, nuestra conexi\u00f3n con el oc\u00e9ano es palpable, y cada rinc\u00f3n parece susurrar historias de monstruos marinos, tesoros hundidos y la inmensidad azul. Es nuestro peque\u00f1o pedazo de Atlantis en tierra, un recordatorio constante de qui\u00e9nes somos y de la fuerza que corre por nuestras venas.<\/p>\n\n\n\n<figure class=\"wp-block-image size-full\"><img fetchpriority=\"high\" decoding=\"async\" width=\"1024\" height=\"1024\" src=\"https:\/\/candelasantana.fpcei.eu\/wp-content\/uploads\/2026\/02\/Gemini_Generated_Image_yrldbzyrldbzyrld-1.jpg\" alt=\"\" class=\"wp-image-565\" srcset=\"https:\/\/candelasantana.fpcei.eu\/wp-content\/uploads\/2026\/02\/Gemini_Generated_Image_yrldbzyrldbzyrld-1.jpg 1024w, https:\/\/candelasantana.fpcei.eu\/wp-content\/uploads\/2026\/02\/Gemini_Generated_Image_yrldbzyrldbzyrld-1-300x300.jpg 300w, https:\/\/candelasantana.fpcei.eu\/wp-content\/uploads\/2026\/02\/Gemini_Generated_Image_yrldbzyrldbzyrld-1-100x100.jpg 100w, https:\/\/candelasantana.fpcei.eu\/wp-content\/uploads\/2026\/02\/Gemini_Generated_Image_yrldbzyrldbzyrld-1-600x600.jpg 600w, https:\/\/candelasantana.fpcei.eu\/wp-content\/uploads\/2026\/02\/Gemini_Generated_Image_yrldbzyrldbzyrld-1-150x150.jpg 150w, https:\/\/candelasantana.fpcei.eu\/wp-content\/uploads\/2026\/02\/Gemini_Generated_Image_yrldbzyrldbzyrld-1-768x768.jpg 768w\" sizes=\"(max-width: 1024px) 100vw, 1024px\" \/><\/figure>\n\n\n\n<figure class=\"wp-block-image size-full\"><img decoding=\"async\" width=\"1024\" height=\"1024\" src=\"https:\/\/candelasantana.fpcei.eu\/wp-content\/uploads\/2026\/02\/Gemini_Generated_Image_4mn33u4mn33u4mn3.jpg\" alt=\"\" class=\"wp-image-572\" srcset=\"https:\/\/candelasantana.fpcei.eu\/wp-content\/uploads\/2026\/02\/Gemini_Generated_Image_4mn33u4mn33u4mn3.jpg 1024w, https:\/\/candelasantana.fpcei.eu\/wp-content\/uploads\/2026\/02\/Gemini_Generated_Image_4mn33u4mn33u4mn3-300x300.jpg 300w, https:\/\/candelasantana.fpcei.eu\/wp-content\/uploads\/2026\/02\/Gemini_Generated_Image_4mn33u4mn33u4mn3-100x100.jpg 100w, https:\/\/candelasantana.fpcei.eu\/wp-content\/uploads\/2026\/02\/Gemini_Generated_Image_4mn33u4mn33u4mn3-600x600.jpg 600w, https:\/\/candelasantana.fpcei.eu\/wp-content\/uploads\/2026\/02\/Gemini_Generated_Image_4mn33u4mn33u4mn3-150x150.jpg 150w, https:\/\/candelasantana.fpcei.eu\/wp-content\/uploads\/2026\/02\/Gemini_Generated_Image_4mn33u4mn33u4mn3-768x768.jpg 768w\" sizes=\"(max-width: 1024px) 100vw, 1024px\" \/><\/figure>\n","protected":false},"excerpt":{"rendered":"<p>Aqu\u00ed tienes tres p\u00e1rrafos sobre la Caba\u00f1a Uno del Campamento Mestizo, desde la perspectiva de los hijos de Poseid\u00f3n: La Caba\u00f1a Uno, para nosotros, los hijos de Poseid\u00f3n, es m\u00e1s que un simple refugio; es un santuario, una extensi\u00f3n de nuestro dominio submarino en tierra firme. Al entrar, el aire siempre parece m\u00e1s fresco, con [&hellip;]<\/p>\n","protected":false},"author":2,"featured_media":0,"parent":0,"menu_order":0,"comment_status":"closed","ping_status":"closed","template":"","meta":{"_uag_custom_page_level_css":"","footnotes":""},"class_list":["post-564","page","type-page","status-publish","hentry"],"uagb_featured_image_src":{"full":false,"thumbnail":false,"medium":false,"medium_large":false,"large":false,"1536x1536":false,"2048x2048":false,"blogarise-slider-full":false,"blogarise-featured":false,"blogarise-medium":false,"woocommerce_thumbnail":false,"woocommerce_single":false,"woocommerce_gallery_thumbnail":false},"uagb_author_info":{"display_name":"candela","author_link":"https:\/\/candelasantana.fpcei.eu\/?author=2"},"uagb_comment_info":0,"uagb_excerpt":"Aqu\u00ed tienes tres p\u00e1rrafos sobre la Caba\u00f1a Uno del Campamento Mestizo, desde la perspectiva de los hijos de Poseid\u00f3n: La Caba\u00f1a Uno, para nosotros, los hijos de Poseid\u00f3n, es m\u00e1s que un simple refugio; es un santuario, una extensi\u00f3n de nuestro dominio submarino en tierra firme. Al entrar, el aire siempre parece m\u00e1s fresco, con&hellip;","_links":{"self":[{"href":"https:\/\/candelasantana.fpcei.eu\/index.php?rest_route=\/wp\/v2\/pages\/564","targetHints":{"allow":["GET"]}}],"collection":[{"href":"https:\/\/candelasantana.fpcei.eu\/index.php?rest_route=\/wp\/v2\/pages"}],"about":[{"href":"https:\/\/candelasantana.fpcei.eu\/index.php?rest_route=\/wp\/v2\/types\/page"}],"author":[{"embeddable":true,"href":"https:\/\/candelasantana.fpcei.eu\/index.php?rest_route=\/wp\/v2\/users\/2"}],"replies":[{"embeddable":true,"href":"https:\/\/candelasantana.fpcei.eu\/index.php?rest_route=%2Fwp%2Fv2%2Fcomments&post=564"}],"version-history":[{"count":2,"href":"https:\/\/candelasantana.fpcei.eu\/index.php?rest_route=\/wp\/v2\/pages\/564\/revisions"}],"predecessor-version":[{"id":576,"href":"https:\/\/candelasantana.fpcei.eu\/index.php?rest_route=\/wp\/v2\/pages\/564\/revisions\/576"}],"wp:attachment":[{"href":"https:\/\/candelasantana.fpcei.eu\/index.php?rest_route=%2Fwp%2Fv2%2Fmedia&parent=564"}],"curies":[{"name":"wp","href":"https:\/\/api.w.org\/{rel}","templated":true}]}}