{"id":568,"date":"2026-02-05T15:06:56","date_gmt":"2026-02-05T15:06:56","guid":{"rendered":"https:\/\/candelasantana.fpcei.eu\/?page_id=568"},"modified":"2026-02-07T12:10:30","modified_gmt":"2026-02-07T12:10:30","slug":"cabana-2","status":"publish","type":"page","link":"https:\/\/candelasantana.fpcei.eu\/?page_id=568","title":{"rendered":"CABA\u00d1A 2"},"content":{"rendered":"\n<p>La Caba\u00f1a Dos, nuestro hogar como hijos de Zeus, se siente como una extensi\u00f3n del mism\u00edsimo Monte Olimpo en la Tierra. Al cruzar el umbral, el aire vibra con una energ\u00eda el\u00e9ctrica palpable, una sensaci\u00f3n que nos es tan familiar como la respiraci\u00f3n. Las paredes, a menudo de un blanco inmaculado, parecen reflejar la luz como el m\u00e1rmol, y es com\u00fan encontrar representaciones estilizadas de rayos y \u00e1guilas doradas que adornan el espacio. Para nosotros, es un lugar de poder y autoridad, un recordatorio constante de nuestra herencia celestial y de la importancia de nuestro linaje, donde podemos sentirnos elevados y en sinton\u00eda con nuestro padre.<\/p>\n\n\n\n<p>Nuestra caba\u00f1a no es solo un lugar para dormir; es un centro de mando, un espacio donde la estrategia y la visi\u00f3n se forjan. A menudo, el sonido distante de una tormenta el\u00e9ctrica, o el sutil crepitar de la electricidad est\u00e1tica, parece emanar de las paredes, una melod\u00eda que nos inspira y nos enfoca. Nos reunimos aqu\u00ed para discutir t\u00e1cticas, para planear c\u00f3mo enfrentar los desaf\u00edos que se presentan y para celebrar nuestras victorias, grandes y peque\u00f1as. Es un lugar donde nuestra conexi\u00f3n con el cielo y los cielos se manifiesta, y donde podemos abrazar nuestra grandeza como hijos del rey de los dioses, sin las limitaciones impuestas por el mundo mortal.<\/p>\n\n\n\n<p>Aunque es nuestra caba\u00f1a, la Caba\u00f1a Dos es tambi\u00e9n un s\u00edmbolo de liderazgo para todo el campamento. Nos esforzamos por mantenerla ordenada y majestuosa, un reflejo del poder y la justicia de Zeus. Cada objeto, desde los mapas estrat\u00e9gicos hasta los libros de historia de los dioses, parece imbuido de una importancia inherente. Aqu\u00ed, nuestra conexi\u00f3n con el firmamento es innegable, y cada rinc\u00f3n parece susurrar historias de truenos, cielos tormentosos y la responsabilidad que conlleva ser hijo del dios m\u00e1s poderoso. Es nuestro peque\u00f1o pedazo del Olimpo en el campamento, un recordatorio constante de nuestra autoridad y del papel crucial que desempe\u00f1amos.<\/p>\n\n\n\n<figure class=\"wp-block-image size-full\"><img fetchpriority=\"high\" decoding=\"async\" width=\"1024\" height=\"1024\" src=\"https:\/\/candelasantana.fpcei.eu\/wp-content\/uploads\/2026\/02\/Gemini_Generated_Image_knfb93knfb93knfb.jpg\" alt=\"\" class=\"wp-image-569\" srcset=\"https:\/\/candelasantana.fpcei.eu\/wp-content\/uploads\/2026\/02\/Gemini_Generated_Image_knfb93knfb93knfb.jpg 1024w, https:\/\/candelasantana.fpcei.eu\/wp-content\/uploads\/2026\/02\/Gemini_Generated_Image_knfb93knfb93knfb-300x300.jpg 300w, https:\/\/candelasantana.fpcei.eu\/wp-content\/uploads\/2026\/02\/Gemini_Generated_Image_knfb93knfb93knfb-100x100.jpg 100w, https:\/\/candelasantana.fpcei.eu\/wp-content\/uploads\/2026\/02\/Gemini_Generated_Image_knfb93knfb93knfb-600x600.jpg 600w, https:\/\/candelasantana.fpcei.eu\/wp-content\/uploads\/2026\/02\/Gemini_Generated_Image_knfb93knfb93knfb-150x150.jpg 150w, https:\/\/candelasantana.fpcei.eu\/wp-content\/uploads\/2026\/02\/Gemini_Generated_Image_knfb93knfb93knfb-768x768.jpg 768w\" sizes=\"(max-width: 1024px) 100vw, 1024px\" \/><\/figure>\n\n\n\n<figure class=\"wp-block-image size-full\"><img decoding=\"async\" width=\"1024\" height=\"1024\" src=\"https:\/\/candelasantana.fpcei.eu\/wp-content\/uploads\/2026\/02\/Gemini_Generated_Image_dnxackdnxackdnxa.jpg\" alt=\"\" class=\"wp-image-570\" srcset=\"https:\/\/candelasantana.fpcei.eu\/wp-content\/uploads\/2026\/02\/Gemini_Generated_Image_dnxackdnxackdnxa.jpg 1024w, https:\/\/candelasantana.fpcei.eu\/wp-content\/uploads\/2026\/02\/Gemini_Generated_Image_dnxackdnxackdnxa-300x300.jpg 300w, https:\/\/candelasantana.fpcei.eu\/wp-content\/uploads\/2026\/02\/Gemini_Generated_Image_dnxackdnxackdnxa-100x100.jpg 100w, https:\/\/candelasantana.fpcei.eu\/wp-content\/uploads\/2026\/02\/Gemini_Generated_Image_dnxackdnxackdnxa-600x600.jpg 600w, https:\/\/candelasantana.fpcei.eu\/wp-content\/uploads\/2026\/02\/Gemini_Generated_Image_dnxackdnxackdnxa-150x150.jpg 150w, https:\/\/candelasantana.fpcei.eu\/wp-content\/uploads\/2026\/02\/Gemini_Generated_Image_dnxackdnxackdnxa-768x768.jpg 768w\" sizes=\"(max-width: 1024px) 100vw, 1024px\" \/><\/figure>\n","protected":false},"excerpt":{"rendered":"<p>La Caba\u00f1a Dos, nuestro hogar como hijos de Zeus, se siente como una extensi\u00f3n del mism\u00edsimo Monte Olimpo en la Tierra. Al cruzar el umbral, el aire vibra con una energ\u00eda el\u00e9ctrica palpable, una sensaci\u00f3n que nos es tan familiar como la respiraci\u00f3n. Las paredes, a menudo de un blanco inmaculado, parecen reflejar la luz [&hellip;]<\/p>\n","protected":false},"author":2,"featured_media":0,"parent":0,"menu_order":0,"comment_status":"closed","ping_status":"closed","template":"","meta":{"_uag_custom_page_level_css":"","footnotes":""},"class_list":["post-568","page","type-page","status-publish","hentry"],"uagb_featured_image_src":{"full":false,"thumbnail":false,"medium":false,"medium_large":false,"large":false,"1536x1536":false,"2048x2048":false,"blogarise-slider-full":false,"blogarise-featured":false,"blogarise-medium":false,"woocommerce_thumbnail":false,"woocommerce_single":false,"woocommerce_gallery_thumbnail":false},"uagb_author_info":{"display_name":"candela","author_link":"https:\/\/candelasantana.fpcei.eu\/?author=2"},"uagb_comment_info":0,"uagb_excerpt":"La Caba\u00f1a Dos, nuestro hogar como hijos de Zeus, se siente como una extensi\u00f3n del mism\u00edsimo Monte Olimpo en la Tierra. Al cruzar el umbral, el aire vibra con una energ\u00eda el\u00e9ctrica palpable, una sensaci\u00f3n que nos es tan familiar como la respiraci\u00f3n. Las paredes, a menudo de un blanco inmaculado, parecen reflejar la luz&hellip;","_links":{"self":[{"href":"https:\/\/candelasantana.fpcei.eu\/index.php?rest_route=\/wp\/v2\/pages\/568","targetHints":{"allow":["GET"]}}],"collection":[{"href":"https:\/\/candelasantana.fpcei.eu\/index.php?rest_route=\/wp\/v2\/pages"}],"about":[{"href":"https:\/\/candelasantana.fpcei.eu\/index.php?rest_route=\/wp\/v2\/types\/page"}],"author":[{"embeddable":true,"href":"https:\/\/candelasantana.fpcei.eu\/index.php?rest_route=\/wp\/v2\/users\/2"}],"replies":[{"embeddable":true,"href":"https:\/\/candelasantana.fpcei.eu\/index.php?rest_route=%2Fwp%2Fv2%2Fcomments&post=568"}],"version-history":[{"count":1,"href":"https:\/\/candelasantana.fpcei.eu\/index.php?rest_route=\/wp\/v2\/pages\/568\/revisions"}],"predecessor-version":[{"id":575,"href":"https:\/\/candelasantana.fpcei.eu\/index.php?rest_route=\/wp\/v2\/pages\/568\/revisions\/575"}],"wp:attachment":[{"href":"https:\/\/candelasantana.fpcei.eu\/index.php?rest_route=%2Fwp%2Fv2%2Fmedia&parent=568"}],"curies":[{"name":"wp","href":"https:\/\/api.w.org\/{rel}","templated":true}]}}