{"id":579,"date":"2026-02-07T12:09:47","date_gmt":"2026-02-07T12:09:47","guid":{"rendered":"https:\/\/candelasantana.fpcei.eu\/?page_id=579"},"modified":"2026-02-07T12:09:47","modified_gmt":"2026-02-07T12:09:47","slug":"cabana-3","status":"publish","type":"page","link":"https:\/\/candelasantana.fpcei.eu\/?page_id=579","title":{"rendered":"CABA\u00d1A 3"},"content":{"rendered":"\n<p>La Caba\u00f1a Tres, para nosotros, los hijos de Hades, es un lugar de profunda introspecci\u00f3n y conexi\u00f3n con el inframundo, nuestro verdadero hogar. Al entrar, el aire es fresco y tranquilo, con un sutil aroma a tierra h\u00fameda y minerales que nos recuerda a las cavernas y profundidades del mundo subterr\u00e1neo. Las paredes est\u00e1n revestidas de obsidiana oscura y m\u00e1rmol, a menudo adornadas con gemas pulidas que brillan con una luz tenue, casi fantasmal. Es un refugio de serena majestuosidad, donde podemos meditar sobre la vida y la muerte, y sentir una conexi\u00f3n inquebrantable con nuestro padre, lejos del bullicio y la superficialidad del mundo exterior.<\/p>\n\n\n\n<p>Nuestra caba\u00f1a es un santuario de silencio y contemplaci\u00f3n en medio de la ruidosa vida del Campamento Mestizo. A menudo, un silencio profundo y reconfortante parece emanar de las paredes, un eco de la quietud del Inframundo que nos permite concentrarnos y entender mejor nuestras complejas emociones. Nos reunimos aqu\u00ed para compartir nuestros pensamientos m\u00e1s profundos, para comprender el significado de nuestras habilidades y para encontrar consuelo en la compa\u00f1\u00eda de quienes verdaderamente nos entienden. Es un lugar donde nuestra herencia oscura se abraza, y donde podemos sentirnos orgullosos de ser hijos del se\u00f1or de los muertos, sin las miradas de sospecha o el miedo de los dem\u00e1s campistas.<\/p>\n\n\n\n<p>Aunque es nuestra caba\u00f1a, se mantiene con una solemnidad y un respeto que honran el dominio de Hades. Nos esforzamos por mantenerla impecable y reverente, reflejando el poder y la justicia de nuestro padre. Cada sombra, cada rinc\u00f3n, parece susurrar historias de almas perdidas, de riqueza subterr\u00e1nea y de la inexorable marcha del tiempo. Es nuestro peque\u00f1o pedazo del Inframundo en la superficie, un recordatorio constante de qui\u00e9nes somos y de la profundidad y el misterio que llevamos dentro.<\/p>\n\n\n\n<figure class=\"wp-block-image size-full\"><img fetchpriority=\"high\" decoding=\"async\" width=\"1024\" height=\"1024\" src=\"https:\/\/candelasantana.fpcei.eu\/wp-content\/uploads\/2026\/02\/Gemini_Generated_Image_2x8niq2x8niq2x8n.png\" alt=\"\" class=\"wp-image-582\" srcset=\"https:\/\/candelasantana.fpcei.eu\/wp-content\/uploads\/2026\/02\/Gemini_Generated_Image_2x8niq2x8niq2x8n.png 1024w, https:\/\/candelasantana.fpcei.eu\/wp-content\/uploads\/2026\/02\/Gemini_Generated_Image_2x8niq2x8niq2x8n-300x300.png 300w, https:\/\/candelasantana.fpcei.eu\/wp-content\/uploads\/2026\/02\/Gemini_Generated_Image_2x8niq2x8niq2x8n-100x100.png 100w, https:\/\/candelasantana.fpcei.eu\/wp-content\/uploads\/2026\/02\/Gemini_Generated_Image_2x8niq2x8niq2x8n-600x600.png 600w, https:\/\/candelasantana.fpcei.eu\/wp-content\/uploads\/2026\/02\/Gemini_Generated_Image_2x8niq2x8niq2x8n-150x150.png 150w, https:\/\/candelasantana.fpcei.eu\/wp-content\/uploads\/2026\/02\/Gemini_Generated_Image_2x8niq2x8niq2x8n-768x768.png 768w\" sizes=\"(max-width: 1024px) 100vw, 1024px\" \/><\/figure>\n\n\n\n<figure class=\"wp-block-image size-full\"><img decoding=\"async\" width=\"1024\" height=\"1024\" src=\"https:\/\/candelasantana.fpcei.eu\/wp-content\/uploads\/2026\/02\/Gemini_Generated_Image_mpf50hmpf50hmpf5.png\" alt=\"\" class=\"wp-image-583\" srcset=\"https:\/\/candelasantana.fpcei.eu\/wp-content\/uploads\/2026\/02\/Gemini_Generated_Image_mpf50hmpf50hmpf5.png 1024w, https:\/\/candelasantana.fpcei.eu\/wp-content\/uploads\/2026\/02\/Gemini_Generated_Image_mpf50hmpf50hmpf5-300x300.png 300w, https:\/\/candelasantana.fpcei.eu\/wp-content\/uploads\/2026\/02\/Gemini_Generated_Image_mpf50hmpf50hmpf5-100x100.png 100w, https:\/\/candelasantana.fpcei.eu\/wp-content\/uploads\/2026\/02\/Gemini_Generated_Image_mpf50hmpf50hmpf5-600x600.png 600w, https:\/\/candelasantana.fpcei.eu\/wp-content\/uploads\/2026\/02\/Gemini_Generated_Image_mpf50hmpf50hmpf5-150x150.png 150w, https:\/\/candelasantana.fpcei.eu\/wp-content\/uploads\/2026\/02\/Gemini_Generated_Image_mpf50hmpf50hmpf5-768x768.png 768w\" sizes=\"(max-width: 1024px) 100vw, 1024px\" \/><\/figure>\n","protected":false},"excerpt":{"rendered":"<p>La Caba\u00f1a Tres, para nosotros, los hijos de Hades, es un lugar de profunda introspecci\u00f3n y conexi\u00f3n con el inframundo, nuestro verdadero hogar. Al entrar, el aire es fresco y tranquilo, con un sutil aroma a tierra h\u00fameda y minerales que nos recuerda a las cavernas y profundidades del mundo subterr\u00e1neo. Las paredes est\u00e1n revestidas [&hellip;]<\/p>\n","protected":false},"author":2,"featured_media":0,"parent":0,"menu_order":0,"comment_status":"closed","ping_status":"closed","template":"","meta":{"_uag_custom_page_level_css":"","footnotes":""},"class_list":["post-579","page","type-page","status-publish","hentry"],"uagb_featured_image_src":{"full":false,"thumbnail":false,"medium":false,"medium_large":false,"large":false,"1536x1536":false,"2048x2048":false,"blogarise-slider-full":false,"blogarise-featured":false,"blogarise-medium":false,"woocommerce_thumbnail":false,"woocommerce_single":false,"woocommerce_gallery_thumbnail":false},"uagb_author_info":{"display_name":"candela","author_link":"https:\/\/candelasantana.fpcei.eu\/?author=2"},"uagb_comment_info":0,"uagb_excerpt":"La Caba\u00f1a Tres, para nosotros, los hijos de Hades, es un lugar de profunda introspecci\u00f3n y conexi\u00f3n con el inframundo, nuestro verdadero hogar. Al entrar, el aire es fresco y tranquilo, con un sutil aroma a tierra h\u00fameda y minerales que nos recuerda a las cavernas y profundidades del mundo subterr\u00e1neo. Las paredes est\u00e1n revestidas&hellip;","_links":{"self":[{"href":"https:\/\/candelasantana.fpcei.eu\/index.php?rest_route=\/wp\/v2\/pages\/579","targetHints":{"allow":["GET"]}}],"collection":[{"href":"https:\/\/candelasantana.fpcei.eu\/index.php?rest_route=\/wp\/v2\/pages"}],"about":[{"href":"https:\/\/candelasantana.fpcei.eu\/index.php?rest_route=\/wp\/v2\/types\/page"}],"author":[{"embeddable":true,"href":"https:\/\/candelasantana.fpcei.eu\/index.php?rest_route=\/wp\/v2\/users\/2"}],"replies":[{"embeddable":true,"href":"https:\/\/candelasantana.fpcei.eu\/index.php?rest_route=%2Fwp%2Fv2%2Fcomments&post=579"}],"version-history":[{"count":2,"href":"https:\/\/candelasantana.fpcei.eu\/index.php?rest_route=\/wp\/v2\/pages\/579\/revisions"}],"predecessor-version":[{"id":584,"href":"https:\/\/candelasantana.fpcei.eu\/index.php?rest_route=\/wp\/v2\/pages\/579\/revisions\/584"}],"wp:attachment":[{"href":"https:\/\/candelasantana.fpcei.eu\/index.php?rest_route=%2Fwp%2Fv2%2Fmedia&parent=579"}],"curies":[{"name":"wp","href":"https:\/\/api.w.org\/{rel}","templated":true}]}}