{"id":585,"date":"2026-02-07T12:19:02","date_gmt":"2026-02-07T12:19:02","guid":{"rendered":"https:\/\/candelasantana.fpcei.eu\/?page_id=585"},"modified":"2026-02-07T12:19:03","modified_gmt":"2026-02-07T12:19:03","slug":"cabana-4","status":"publish","type":"page","link":"https:\/\/candelasantana.fpcei.eu\/?page_id=585","title":{"rendered":"CABA\u00d1A 4"},"content":{"rendered":"\n<p>Siendo hijos de Hera, nuestra caba\u00f1a en el Campamento Semidioses es, como era de esperar, la m\u00e1s imponente y majestuosa. Aunque nuestra madre es la diosa del matrimonio y no tiene hijos semidioses, en honor a su importancia y majestuosidad, la caba\u00f1a 4 se alza con una grandeza que pocos pueden igualar. Su exterior irradia una elegancia cl\u00e1sica, con columnas de m\u00e1rmol blanco y un front\u00f3n triangular adornado con relieves que representan escenas de la vida de Hera, rodeado de un cuidado jard\u00edn de rosas blancas y pavos reales que pasean con gracia, un claro s\u00edmbolo de nuestra madre.<\/p>\n\n\n\n<p>Por dentro, la caba\u00f1a es un santuario de orden y belleza. Los techos altos y abovedados est\u00e1n decorados con frescos que narran las leyendas de Hera, mientras que el mobiliario, de madera oscura y tapicer\u00eda de seda, evoca una sensaci\u00f3n de lujo y confort. Aunque la caba\u00f1a est\u00e1 vac\u00eda de ocupantes permanentes, ya que Hera no tiene hijos semidioses, se mantiene impecable, lista para cualquier visitante divino o para servir como un espacio ceremonial importante. Es un recordatorio constante del respeto y la reverencia que se le debe a la Reina del Olimpo.<\/p>\n\n\n\n<p>A pesar de estar vac\u00eda, la caba\u00f1a 4 es un punto de referencia y un s\u00edmbolo de la presencia innegable de Hera en el campamento. Representa la estabilidad y la majestuosidad de los dioses, un faro de la antigua gloria del Olimpo en medio de la juventud y el caos de los semidioses. Para nosotros, los campistas, es un lugar de asombro y admiraci\u00f3n, un recordatorio de que incluso las deidades m\u00e1s poderosas tienen un lugar de honor en nuestro hogar.<\/p>\n\n\n\n<figure class=\"wp-block-image size-full\"><img fetchpriority=\"high\" decoding=\"async\" width=\"1024\" height=\"1024\" src=\"https:\/\/candelasantana.fpcei.eu\/wp-content\/uploads\/2026\/02\/Gemini_Generated_Image_ukx9nnukx9nnukx9.png\" alt=\"\" class=\"wp-image-586\" srcset=\"https:\/\/candelasantana.fpcei.eu\/wp-content\/uploads\/2026\/02\/Gemini_Generated_Image_ukx9nnukx9nnukx9.png 1024w, https:\/\/candelasantana.fpcei.eu\/wp-content\/uploads\/2026\/02\/Gemini_Generated_Image_ukx9nnukx9nnukx9-300x300.png 300w, https:\/\/candelasantana.fpcei.eu\/wp-content\/uploads\/2026\/02\/Gemini_Generated_Image_ukx9nnukx9nnukx9-100x100.png 100w, https:\/\/candelasantana.fpcei.eu\/wp-content\/uploads\/2026\/02\/Gemini_Generated_Image_ukx9nnukx9nnukx9-600x600.png 600w, https:\/\/candelasantana.fpcei.eu\/wp-content\/uploads\/2026\/02\/Gemini_Generated_Image_ukx9nnukx9nnukx9-150x150.png 150w, https:\/\/candelasantana.fpcei.eu\/wp-content\/uploads\/2026\/02\/Gemini_Generated_Image_ukx9nnukx9nnukx9-768x768.png 768w\" sizes=\"(max-width: 1024px) 100vw, 1024px\" \/><\/figure>\n\n\n\n<figure class=\"wp-block-image size-full\"><img decoding=\"async\" width=\"1024\" height=\"1024\" src=\"https:\/\/candelasantana.fpcei.eu\/wp-content\/uploads\/2026\/02\/Gemini_Generated_Image_fma8o4fma8o4fma8.jpg\" alt=\"\" class=\"wp-image-587\" srcset=\"https:\/\/candelasantana.fpcei.eu\/wp-content\/uploads\/2026\/02\/Gemini_Generated_Image_fma8o4fma8o4fma8.jpg 1024w, https:\/\/candelasantana.fpcei.eu\/wp-content\/uploads\/2026\/02\/Gemini_Generated_Image_fma8o4fma8o4fma8-300x300.jpg 300w, https:\/\/candelasantana.fpcei.eu\/wp-content\/uploads\/2026\/02\/Gemini_Generated_Image_fma8o4fma8o4fma8-100x100.jpg 100w, https:\/\/candelasantana.fpcei.eu\/wp-content\/uploads\/2026\/02\/Gemini_Generated_Image_fma8o4fma8o4fma8-600x600.jpg 600w, https:\/\/candelasantana.fpcei.eu\/wp-content\/uploads\/2026\/02\/Gemini_Generated_Image_fma8o4fma8o4fma8-150x150.jpg 150w, https:\/\/candelasantana.fpcei.eu\/wp-content\/uploads\/2026\/02\/Gemini_Generated_Image_fma8o4fma8o4fma8-768x768.jpg 768w\" sizes=\"(max-width: 1024px) 100vw, 1024px\" \/><\/figure>\n\n\n\n<figure class=\"wp-block-image size-full\"><img decoding=\"async\" width=\"1024\" height=\"1024\" src=\"https:\/\/candelasantana.fpcei.eu\/wp-content\/uploads\/2026\/02\/Gemini_Generated_Image_3atsii3atsii3ats.jpg\" alt=\"\" class=\"wp-image-588\" srcset=\"https:\/\/candelasantana.fpcei.eu\/wp-content\/uploads\/2026\/02\/Gemini_Generated_Image_3atsii3atsii3ats.jpg 1024w, https:\/\/candelasantana.fpcei.eu\/wp-content\/uploads\/2026\/02\/Gemini_Generated_Image_3atsii3atsii3ats-300x300.jpg 300w, https:\/\/candelasantana.fpcei.eu\/wp-content\/uploads\/2026\/02\/Gemini_Generated_Image_3atsii3atsii3ats-100x100.jpg 100w, https:\/\/candelasantana.fpcei.eu\/wp-content\/uploads\/2026\/02\/Gemini_Generated_Image_3atsii3atsii3ats-600x600.jpg 600w, https:\/\/candelasantana.fpcei.eu\/wp-content\/uploads\/2026\/02\/Gemini_Generated_Image_3atsii3atsii3ats-150x150.jpg 150w, https:\/\/candelasantana.fpcei.eu\/wp-content\/uploads\/2026\/02\/Gemini_Generated_Image_3atsii3atsii3ats-768x768.jpg 768w\" sizes=\"(max-width: 1024px) 100vw, 1024px\" \/><\/figure>\n","protected":false},"excerpt":{"rendered":"<p>Siendo hijos de Hera, nuestra caba\u00f1a en el Campamento Semidioses es, como era de esperar, la m\u00e1s imponente y majestuosa. Aunque nuestra madre es la diosa del matrimonio y no tiene hijos semidioses, en honor a su importancia y majestuosidad, la caba\u00f1a 4 se alza con una grandeza que pocos pueden igualar. Su exterior irradia [&hellip;]<\/p>\n","protected":false},"author":2,"featured_media":0,"parent":0,"menu_order":0,"comment_status":"closed","ping_status":"closed","template":"","meta":{"_uag_custom_page_level_css":"","footnotes":""},"class_list":["post-585","page","type-page","status-publish","hentry"],"uagb_featured_image_src":{"full":false,"thumbnail":false,"medium":false,"medium_large":false,"large":false,"1536x1536":false,"2048x2048":false,"blogarise-slider-full":false,"blogarise-featured":false,"blogarise-medium":false,"woocommerce_thumbnail":false,"woocommerce_single":false,"woocommerce_gallery_thumbnail":false},"uagb_author_info":{"display_name":"candela","author_link":"https:\/\/candelasantana.fpcei.eu\/?author=2"},"uagb_comment_info":0,"uagb_excerpt":"Siendo hijos de Hera, nuestra caba\u00f1a en el Campamento Semidioses es, como era de esperar, la m\u00e1s imponente y majestuosa. Aunque nuestra madre es la diosa del matrimonio y no tiene hijos semidioses, en honor a su importancia y majestuosidad, la caba\u00f1a 4 se alza con una grandeza que pocos pueden igualar. Su exterior irradia&hellip;","_links":{"self":[{"href":"https:\/\/candelasantana.fpcei.eu\/index.php?rest_route=\/wp\/v2\/pages\/585","targetHints":{"allow":["GET"]}}],"collection":[{"href":"https:\/\/candelasantana.fpcei.eu\/index.php?rest_route=\/wp\/v2\/pages"}],"about":[{"href":"https:\/\/candelasantana.fpcei.eu\/index.php?rest_route=\/wp\/v2\/types\/page"}],"author":[{"embeddable":true,"href":"https:\/\/candelasantana.fpcei.eu\/index.php?rest_route=\/wp\/v2\/users\/2"}],"replies":[{"embeddable":true,"href":"https:\/\/candelasantana.fpcei.eu\/index.php?rest_route=%2Fwp%2Fv2%2Fcomments&post=585"}],"version-history":[{"count":1,"href":"https:\/\/candelasantana.fpcei.eu\/index.php?rest_route=\/wp\/v2\/pages\/585\/revisions"}],"predecessor-version":[{"id":589,"href":"https:\/\/candelasantana.fpcei.eu\/index.php?rest_route=\/wp\/v2\/pages\/585\/revisions\/589"}],"wp:attachment":[{"href":"https:\/\/candelasantana.fpcei.eu\/index.php?rest_route=%2Fwp%2Fv2%2Fmedia&parent=585"}],"curies":[{"name":"wp","href":"https:\/\/api.w.org\/{rel}","templated":true}]}}