{"id":590,"date":"2026-02-07T12:23:27","date_gmt":"2026-02-07T12:23:27","guid":{"rendered":"https:\/\/candelasantana.fpcei.eu\/?page_id=590"},"modified":"2026-02-07T12:23:28","modified_gmt":"2026-02-07T12:23:28","slug":"cabana-5","status":"publish","type":"page","link":"https:\/\/candelasantana.fpcei.eu\/?page_id=590","title":{"rendered":"CABA\u00d1A 5"},"content":{"rendered":"\n<p>Siendo hijos de Ares, nuestra caba\u00f1a, la n\u00famero 5, no es precisamente un palacio, pero es nuestra fortaleza, nuestro cuartel general. Por fuera, no esperes el m\u00e1rmol o los adornos de otras caba\u00f1as. La nuestra es una estructura robusta, de madera oscura y con rejas de hierro forjado en las ventanas. Parece m\u00e1s una armer\u00eda o una peque\u00f1a prisi\u00f3n que un lugar para dormir, y eso nos encanta. El techo es bajo, el porche est\u00e1 a menudo lleno de equipo de entrenamiento y, sinceramente, es mejor que no te acerques si no quieres un empuj\u00f3n o un par de moretones. Es nuestra, y no necesitamos que sea bonita. Necesitamos que sea funcional, que grite \u00ab\u00a1Guerra!\u00bb.<\/p>\n\n\n\n<p>Dentro, la cosa no mejora para los delicados. El aire siempre huele a metal, sudor y un poco a p\u00f3lvora. Las paredes est\u00e1n decoradas, si se les puede llamar as\u00ed, con armas de pr\u00e1ctica, escudos abollados y algunas marcas de cuchillos o espadas que hemos dejado nosotros mismos. Las camas son literas de metal, duras y sin demasiadas comodidades, pero son lo suficientemente fuertes para soportar una buena pelea si la situaci\u00f3n lo requiere. No hay espacio para tonter\u00edas o para coleccionar figuritas; cada objeto tiene un prop\u00f3sito, ya sea para entrenar o para intimidar a los de la caba\u00f1a de Apolo que a veces se atreven a mirar.<\/p>\n\n\n\n<p>Puede que no tengamos los jardines elegantes o los libros polvorientos de otras caba\u00f1as, pero aqu\u00ed hay una hermandad que pocos entienden. En la caba\u00f1a 5, nos forjamos como guerreros, nos preparamos para la batalla y aprendemos a confiar los unos en los otros cuando la lucha se pone fea. Es ruidosa, ca\u00f3tica y un poco bruta, pero es nuestra, y no la cambiar\u00edamos por nada del mundo. Aqu\u00ed es donde los hijos de Ares nos sentimos en casa, listos para el pr\u00f3ximo desaf\u00edo, siempre preparados para mostrar qui\u00e9n manda en el campo de batalla.<\/p>\n\n\n\n<figure class=\"wp-block-image size-full\"><img fetchpriority=\"high\" decoding=\"async\" width=\"1024\" height=\"1024\" src=\"https:\/\/candelasantana.fpcei.eu\/wp-content\/uploads\/2026\/02\/Gemini_Generated_Image_t04gopt04gopt04g.jpg\" alt=\"\" class=\"wp-image-591\" srcset=\"https:\/\/candelasantana.fpcei.eu\/wp-content\/uploads\/2026\/02\/Gemini_Generated_Image_t04gopt04gopt04g.jpg 1024w, https:\/\/candelasantana.fpcei.eu\/wp-content\/uploads\/2026\/02\/Gemini_Generated_Image_t04gopt04gopt04g-300x300.jpg 300w, https:\/\/candelasantana.fpcei.eu\/wp-content\/uploads\/2026\/02\/Gemini_Generated_Image_t04gopt04gopt04g-100x100.jpg 100w, https:\/\/candelasantana.fpcei.eu\/wp-content\/uploads\/2026\/02\/Gemini_Generated_Image_t04gopt04gopt04g-600x600.jpg 600w, https:\/\/candelasantana.fpcei.eu\/wp-content\/uploads\/2026\/02\/Gemini_Generated_Image_t04gopt04gopt04g-150x150.jpg 150w, https:\/\/candelasantana.fpcei.eu\/wp-content\/uploads\/2026\/02\/Gemini_Generated_Image_t04gopt04gopt04g-768x768.jpg 768w\" sizes=\"(max-width: 1024px) 100vw, 1024px\" \/><\/figure>\n\n\n\n<figure class=\"wp-block-image size-full\"><img decoding=\"async\" width=\"1024\" height=\"1024\" src=\"https:\/\/candelasantana.fpcei.eu\/wp-content\/uploads\/2026\/02\/Gemini_Generated_Image_qpxd5fqpxd5fqpxd.jpg\" alt=\"\" class=\"wp-image-592\" srcset=\"https:\/\/candelasantana.fpcei.eu\/wp-content\/uploads\/2026\/02\/Gemini_Generated_Image_qpxd5fqpxd5fqpxd.jpg 1024w, https:\/\/candelasantana.fpcei.eu\/wp-content\/uploads\/2026\/02\/Gemini_Generated_Image_qpxd5fqpxd5fqpxd-300x300.jpg 300w, https:\/\/candelasantana.fpcei.eu\/wp-content\/uploads\/2026\/02\/Gemini_Generated_Image_qpxd5fqpxd5fqpxd-100x100.jpg 100w, https:\/\/candelasantana.fpcei.eu\/wp-content\/uploads\/2026\/02\/Gemini_Generated_Image_qpxd5fqpxd5fqpxd-600x600.jpg 600w, https:\/\/candelasantana.fpcei.eu\/wp-content\/uploads\/2026\/02\/Gemini_Generated_Image_qpxd5fqpxd5fqpxd-150x150.jpg 150w, https:\/\/candelasantana.fpcei.eu\/wp-content\/uploads\/2026\/02\/Gemini_Generated_Image_qpxd5fqpxd5fqpxd-768x768.jpg 768w\" sizes=\"(max-width: 1024px) 100vw, 1024px\" \/><\/figure>\n","protected":false},"excerpt":{"rendered":"<p>Siendo hijos de Ares, nuestra caba\u00f1a, la n\u00famero 5, no es precisamente un palacio, pero es nuestra fortaleza, nuestro cuartel general. Por fuera, no esperes el m\u00e1rmol o los adornos de otras caba\u00f1as. La nuestra es una estructura robusta, de madera oscura y con rejas de hierro forjado en las ventanas. Parece m\u00e1s una armer\u00eda [&hellip;]<\/p>\n","protected":false},"author":2,"featured_media":0,"parent":0,"menu_order":0,"comment_status":"closed","ping_status":"closed","template":"","meta":{"_uag_custom_page_level_css":"","footnotes":""},"class_list":["post-590","page","type-page","status-publish","hentry"],"uagb_featured_image_src":{"full":false,"thumbnail":false,"medium":false,"medium_large":false,"large":false,"1536x1536":false,"2048x2048":false,"blogarise-slider-full":false,"blogarise-featured":false,"blogarise-medium":false,"woocommerce_thumbnail":false,"woocommerce_single":false,"woocommerce_gallery_thumbnail":false},"uagb_author_info":{"display_name":"candela","author_link":"https:\/\/candelasantana.fpcei.eu\/?author=2"},"uagb_comment_info":0,"uagb_excerpt":"Siendo hijos de Ares, nuestra caba\u00f1a, la n\u00famero 5, no es precisamente un palacio, pero es nuestra fortaleza, nuestro cuartel general. Por fuera, no esperes el m\u00e1rmol o los adornos de otras caba\u00f1as. La nuestra es una estructura robusta, de madera oscura y con rejas de hierro forjado en las ventanas. Parece m\u00e1s una armer\u00eda&hellip;","_links":{"self":[{"href":"https:\/\/candelasantana.fpcei.eu\/index.php?rest_route=\/wp\/v2\/pages\/590","targetHints":{"allow":["GET"]}}],"collection":[{"href":"https:\/\/candelasantana.fpcei.eu\/index.php?rest_route=\/wp\/v2\/pages"}],"about":[{"href":"https:\/\/candelasantana.fpcei.eu\/index.php?rest_route=\/wp\/v2\/types\/page"}],"author":[{"embeddable":true,"href":"https:\/\/candelasantana.fpcei.eu\/index.php?rest_route=\/wp\/v2\/users\/2"}],"replies":[{"embeddable":true,"href":"https:\/\/candelasantana.fpcei.eu\/index.php?rest_route=%2Fwp%2Fv2%2Fcomments&post=590"}],"version-history":[{"count":1,"href":"https:\/\/candelasantana.fpcei.eu\/index.php?rest_route=\/wp\/v2\/pages\/590\/revisions"}],"predecessor-version":[{"id":593,"href":"https:\/\/candelasantana.fpcei.eu\/index.php?rest_route=\/wp\/v2\/pages\/590\/revisions\/593"}],"wp:attachment":[{"href":"https:\/\/candelasantana.fpcei.eu\/index.php?rest_route=%2Fwp%2Fv2%2Fmedia&parent=590"}],"curies":[{"name":"wp","href":"https:\/\/api.w.org\/{rel}","templated":true}]}}