{"id":597,"date":"2026-02-07T12:30:57","date_gmt":"2026-02-07T12:30:57","guid":{"rendered":"https:\/\/candelasantana.fpcei.eu\/?page_id=597"},"modified":"2026-02-07T12:30:58","modified_gmt":"2026-02-07T12:30:58","slug":"cabana-6","status":"publish","type":"page","link":"https:\/\/candelasantana.fpcei.eu\/?page_id=597","title":{"rendered":"CABA\u00d1A 6"},"content":{"rendered":"\n<p>\u00a1Bienvenidos a la caba\u00f1a 6! Somos los hijos de Hermes, y esta es nuestra ca\u00f3tica pero maravillosa morada. Por fuera, nuestra caba\u00f1a puede parecer bastante normal, quiz\u00e1s un poco m\u00e1s grande y con m\u00e1s puertas y ventanas que el resto, como si siempre hubiera un ir y venir constante. La madera est\u00e1 un poco gastada, y es posible que veas alguna maleta a medio cargar o alg\u00fan paquete sospechoso en el porche. No esperes mucho orden visual; somos los mensajeros, los viajeros, y la perfecci\u00f3n est\u00e9tica no es precisamente nuestra prioridad. De hecho, a veces parece que hay un tornado de actividad a punto de estallar de su interior.<\/p>\n\n\n\n<p>Pero el exterior es solo una fachada para lo que realmente sucede dentro. Nuestra caba\u00f1a es el epicentro del campamento. Aqu\u00ed es donde se mezclan los campistas nuevos que a\u00fan no han sido reconocidos, los que buscan un lugar para guardar sus cosas, los que necesitan un favor o un mensaje, y por supuesto, todos los hijos de Hermes que siempre est\u00e1n en movimiento. El aire zumba con conversaciones, risas, y el leve tintineo de algo que se cae al suelo. Hay literas por todas partes, algunas con sacos de dormir improvisados, otras con pilas de ropa, libros, mapas y qui\u00e9n sabe qu\u00e9 m\u00e1s. Es un desorden organizado&#8230; o al menos, un desorden al que nos hemos acostumbrado.<\/p>\n\n\n\n<p>Puede que no tengamos la grandiosidad de la caba\u00f1a de Zeus, ni la elegancia de la de Atenea, y mucho menos la tranquilidad de la de Dem\u00e9ter. Pero lo que tenemos es vitalidad, comunidad y un constante flujo de informaci\u00f3n. Somos los que conectamos a todos, los que hacemos que las cosas se muevan. Aqu\u00ed, siempre hay alguien con quien hablar, alguien a quien pedir un favor, o simplemente un lugar donde sentirte parte de algo grande. Es ruidosa, est\u00e1 llena de objetos perdidos y encontrados, y es imposible que est\u00e9 realmente limpia, pero es nuestra caba\u00f1a, y la amamos as\u00ed. Es el verdadero coraz\u00f3n del Campamento Semidioses.<\/p>\n\n\n\n<figure class=\"wp-block-image size-full\"><img fetchpriority=\"high\" decoding=\"async\" width=\"1024\" height=\"1024\" src=\"https:\/\/candelasantana.fpcei.eu\/wp-content\/uploads\/2026\/02\/Gemini_Generated_Image_ksscn8ksscn8kssc.jpg\" alt=\"\" class=\"wp-image-598\" srcset=\"https:\/\/candelasantana.fpcei.eu\/wp-content\/uploads\/2026\/02\/Gemini_Generated_Image_ksscn8ksscn8kssc.jpg 1024w, https:\/\/candelasantana.fpcei.eu\/wp-content\/uploads\/2026\/02\/Gemini_Generated_Image_ksscn8ksscn8kssc-300x300.jpg 300w, https:\/\/candelasantana.fpcei.eu\/wp-content\/uploads\/2026\/02\/Gemini_Generated_Image_ksscn8ksscn8kssc-100x100.jpg 100w, https:\/\/candelasantana.fpcei.eu\/wp-content\/uploads\/2026\/02\/Gemini_Generated_Image_ksscn8ksscn8kssc-600x600.jpg 600w, https:\/\/candelasantana.fpcei.eu\/wp-content\/uploads\/2026\/02\/Gemini_Generated_Image_ksscn8ksscn8kssc-150x150.jpg 150w, https:\/\/candelasantana.fpcei.eu\/wp-content\/uploads\/2026\/02\/Gemini_Generated_Image_ksscn8ksscn8kssc-768x768.jpg 768w\" sizes=\"(max-width: 1024px) 100vw, 1024px\" \/><\/figure>\n\n\n\n<figure class=\"wp-block-image size-full\"><img decoding=\"async\" width=\"1024\" height=\"1024\" src=\"https:\/\/candelasantana.fpcei.eu\/wp-content\/uploads\/2026\/02\/Gemini_Generated_Image_ovr17sovr17sovr1.jpg\" alt=\"\" class=\"wp-image-599\" srcset=\"https:\/\/candelasantana.fpcei.eu\/wp-content\/uploads\/2026\/02\/Gemini_Generated_Image_ovr17sovr17sovr1.jpg 1024w, https:\/\/candelasantana.fpcei.eu\/wp-content\/uploads\/2026\/02\/Gemini_Generated_Image_ovr17sovr17sovr1-300x300.jpg 300w, https:\/\/candelasantana.fpcei.eu\/wp-content\/uploads\/2026\/02\/Gemini_Generated_Image_ovr17sovr17sovr1-100x100.jpg 100w, https:\/\/candelasantana.fpcei.eu\/wp-content\/uploads\/2026\/02\/Gemini_Generated_Image_ovr17sovr17sovr1-600x600.jpg 600w, https:\/\/candelasantana.fpcei.eu\/wp-content\/uploads\/2026\/02\/Gemini_Generated_Image_ovr17sovr17sovr1-150x150.jpg 150w, https:\/\/candelasantana.fpcei.eu\/wp-content\/uploads\/2026\/02\/Gemini_Generated_Image_ovr17sovr17sovr1-768x768.jpg 768w\" sizes=\"(max-width: 1024px) 100vw, 1024px\" \/><\/figure>\n","protected":false},"excerpt":{"rendered":"<p>\u00a1Bienvenidos a la caba\u00f1a 6! Somos los hijos de Hermes, y esta es nuestra ca\u00f3tica pero maravillosa morada. Por fuera, nuestra caba\u00f1a puede parecer bastante normal, quiz\u00e1s un poco m\u00e1s grande y con m\u00e1s puertas y ventanas que el resto, como si siempre hubiera un ir y venir constante. La madera est\u00e1 un poco gastada, [&hellip;]<\/p>\n","protected":false},"author":2,"featured_media":0,"parent":0,"menu_order":0,"comment_status":"closed","ping_status":"closed","template":"","meta":{"_uag_custom_page_level_css":"","footnotes":""},"class_list":["post-597","page","type-page","status-publish","hentry"],"uagb_featured_image_src":{"full":false,"thumbnail":false,"medium":false,"medium_large":false,"large":false,"1536x1536":false,"2048x2048":false,"blogarise-slider-full":false,"blogarise-featured":false,"blogarise-medium":false,"woocommerce_thumbnail":false,"woocommerce_single":false,"woocommerce_gallery_thumbnail":false},"uagb_author_info":{"display_name":"candela","author_link":"https:\/\/candelasantana.fpcei.eu\/?author=2"},"uagb_comment_info":0,"uagb_excerpt":"\u00a1Bienvenidos a la caba\u00f1a 6! Somos los hijos de Hermes, y esta es nuestra ca\u00f3tica pero maravillosa morada. Por fuera, nuestra caba\u00f1a puede parecer bastante normal, quiz\u00e1s un poco m\u00e1s grande y con m\u00e1s puertas y ventanas que el resto, como si siempre hubiera un ir y venir constante. La madera est\u00e1 un poco gastada,&hellip;","_links":{"self":[{"href":"https:\/\/candelasantana.fpcei.eu\/index.php?rest_route=\/wp\/v2\/pages\/597","targetHints":{"allow":["GET"]}}],"collection":[{"href":"https:\/\/candelasantana.fpcei.eu\/index.php?rest_route=\/wp\/v2\/pages"}],"about":[{"href":"https:\/\/candelasantana.fpcei.eu\/index.php?rest_route=\/wp\/v2\/types\/page"}],"author":[{"embeddable":true,"href":"https:\/\/candelasantana.fpcei.eu\/index.php?rest_route=\/wp\/v2\/users\/2"}],"replies":[{"embeddable":true,"href":"https:\/\/candelasantana.fpcei.eu\/index.php?rest_route=%2Fwp%2Fv2%2Fcomments&post=597"}],"version-history":[{"count":1,"href":"https:\/\/candelasantana.fpcei.eu\/index.php?rest_route=\/wp\/v2\/pages\/597\/revisions"}],"predecessor-version":[{"id":600,"href":"https:\/\/candelasantana.fpcei.eu\/index.php?rest_route=\/wp\/v2\/pages\/597\/revisions\/600"}],"wp:attachment":[{"href":"https:\/\/candelasantana.fpcei.eu\/index.php?rest_route=%2Fwp%2Fv2%2Fmedia&parent=597"}],"curies":[{"name":"wp","href":"https:\/\/api.w.org\/{rel}","templated":true}]}}