{"id":601,"date":"2026-02-07T12:35:31","date_gmt":"2026-02-07T12:35:31","guid":{"rendered":"https:\/\/candelasantana.fpcei.eu\/?page_id=601"},"modified":"2026-02-07T12:35:32","modified_gmt":"2026-02-07T12:35:32","slug":"cabana-7","status":"publish","type":"page","link":"https:\/\/candelasantana.fpcei.eu\/?page_id=601","title":{"rendered":"CABA\u00d1A 7"},"content":{"rendered":"\n<p>Aqu\u00ed en la caba\u00f1a 7, las cosas son un poco diferentes. Somos los hijos de Hefesto, y nuestro hogar es tanto un dormitorio como un taller. Por fuera, puede que no sea la caba\u00f1a m\u00e1s bonita. Est\u00e1 hecha de ladrillo rojo y metal, con una chimenea humeante en un lado, sin importar la estaci\u00f3n del a\u00f1o. Las ventanas suelen estar un poco manchadas de holl\u00edn, y no es raro ver herramientas o piezas de metal abandonadas en el porche. Algunos la llaman \u00abla fragua\u00bb por su aspecto industrial y el constante sonido de golpes y martillos que emana de ella. No tenemos estatuas o jardines, solo la funcionalidad pura y dura.<\/p>\n\n\n\n<p>Pero por dentro, nuestra caba\u00f1a es un universo de creatividad y trabajo duro. El aire huele a metal caliente, aceite y un poco a chispas. Las literas son robustas, de metal, y a menudo hay alg\u00fan invento a medio terminar debajo de ellas o en un rinc\u00f3n. Las paredes est\u00e1n cubiertas de bocetos, planos y a veces alguna quemadura accidental. Tenemos bancos de trabajo improvisados, yunques en miniatura y cajas llenas de tornillos, engranajes y todo tipo de chatarra que para nosotros es un tesoro. Es un desorden que solo nosotros entendemos, un caos organizado de ideas y proyectos.<\/p>\n\n\n\n<p>Puede que otras caba\u00f1as se r\u00edan de nuestro aspecto o de nuestro constante ruido, pero somos los que mantenemos el campamento funcionando. Reparamos armas, construimos defensas y creamos artilugios que nadie m\u00e1s podr\u00eda imaginar. Aqu\u00ed es donde forjamos nuestras ideas, donde el ingenio y el esfuerzo se unen para dar vida a algo nuevo. Nuestra caba\u00f1a es m\u00e1s que un simple lugar para dormir; es nuestro santuario de la invenci\u00f3n, nuestro laboratorio y, sobre todo, nuestro hogar. Es el lugar donde los hijos de Hefesto nos sentimos m\u00e1s vivos, con un martillo en la mano y una chispa en la mente.<\/p>\n\n\n\n<figure class=\"wp-block-image size-full\"><img fetchpriority=\"high\" decoding=\"async\" width=\"1024\" height=\"1024\" src=\"https:\/\/candelasantana.fpcei.eu\/wp-content\/uploads\/2026\/02\/Gemini_Generated_Image_578ef3578ef3578e.jpg\" alt=\"\" class=\"wp-image-602\" srcset=\"https:\/\/candelasantana.fpcei.eu\/wp-content\/uploads\/2026\/02\/Gemini_Generated_Image_578ef3578ef3578e.jpg 1024w, https:\/\/candelasantana.fpcei.eu\/wp-content\/uploads\/2026\/02\/Gemini_Generated_Image_578ef3578ef3578e-300x300.jpg 300w, https:\/\/candelasantana.fpcei.eu\/wp-content\/uploads\/2026\/02\/Gemini_Generated_Image_578ef3578ef3578e-100x100.jpg 100w, https:\/\/candelasantana.fpcei.eu\/wp-content\/uploads\/2026\/02\/Gemini_Generated_Image_578ef3578ef3578e-600x600.jpg 600w, https:\/\/candelasantana.fpcei.eu\/wp-content\/uploads\/2026\/02\/Gemini_Generated_Image_578ef3578ef3578e-150x150.jpg 150w, https:\/\/candelasantana.fpcei.eu\/wp-content\/uploads\/2026\/02\/Gemini_Generated_Image_578ef3578ef3578e-768x768.jpg 768w\" sizes=\"(max-width: 1024px) 100vw, 1024px\" \/><\/figure>\n\n\n\n<figure class=\"wp-block-image size-full\"><img decoding=\"async\" width=\"1024\" height=\"1024\" src=\"https:\/\/candelasantana.fpcei.eu\/wp-content\/uploads\/2026\/02\/Gemini_Generated_Image_fgdk1rfgdk1rfgdk.jpg\" alt=\"\" class=\"wp-image-603\" srcset=\"https:\/\/candelasantana.fpcei.eu\/wp-content\/uploads\/2026\/02\/Gemini_Generated_Image_fgdk1rfgdk1rfgdk.jpg 1024w, https:\/\/candelasantana.fpcei.eu\/wp-content\/uploads\/2026\/02\/Gemini_Generated_Image_fgdk1rfgdk1rfgdk-300x300.jpg 300w, https:\/\/candelasantana.fpcei.eu\/wp-content\/uploads\/2026\/02\/Gemini_Generated_Image_fgdk1rfgdk1rfgdk-100x100.jpg 100w, https:\/\/candelasantana.fpcei.eu\/wp-content\/uploads\/2026\/02\/Gemini_Generated_Image_fgdk1rfgdk1rfgdk-600x600.jpg 600w, https:\/\/candelasantana.fpcei.eu\/wp-content\/uploads\/2026\/02\/Gemini_Generated_Image_fgdk1rfgdk1rfgdk-150x150.jpg 150w, https:\/\/candelasantana.fpcei.eu\/wp-content\/uploads\/2026\/02\/Gemini_Generated_Image_fgdk1rfgdk1rfgdk-768x768.jpg 768w\" sizes=\"(max-width: 1024px) 100vw, 1024px\" \/><\/figure>\n","protected":false},"excerpt":{"rendered":"<p>Aqu\u00ed en la caba\u00f1a 7, las cosas son un poco diferentes. Somos los hijos de Hefesto, y nuestro hogar es tanto un dormitorio como un taller. Por fuera, puede que no sea la caba\u00f1a m\u00e1s bonita. Est\u00e1 hecha de ladrillo rojo y metal, con una chimenea humeante en un lado, sin importar la estaci\u00f3n del [&hellip;]<\/p>\n","protected":false},"author":2,"featured_media":0,"parent":0,"menu_order":0,"comment_status":"closed","ping_status":"closed","template":"","meta":{"_uag_custom_page_level_css":"","footnotes":""},"class_list":["post-601","page","type-page","status-publish","hentry"],"uagb_featured_image_src":{"full":false,"thumbnail":false,"medium":false,"medium_large":false,"large":false,"1536x1536":false,"2048x2048":false,"blogarise-slider-full":false,"blogarise-featured":false,"blogarise-medium":false,"woocommerce_thumbnail":false,"woocommerce_single":false,"woocommerce_gallery_thumbnail":false},"uagb_author_info":{"display_name":"candela","author_link":"https:\/\/candelasantana.fpcei.eu\/?author=2"},"uagb_comment_info":0,"uagb_excerpt":"Aqu\u00ed en la caba\u00f1a 7, las cosas son un poco diferentes. Somos los hijos de Hefesto, y nuestro hogar es tanto un dormitorio como un taller. Por fuera, puede que no sea la caba\u00f1a m\u00e1s bonita. Est\u00e1 hecha de ladrillo rojo y metal, con una chimenea humeante en un lado, sin importar la estaci\u00f3n del&hellip;","_links":{"self":[{"href":"https:\/\/candelasantana.fpcei.eu\/index.php?rest_route=\/wp\/v2\/pages\/601","targetHints":{"allow":["GET"]}}],"collection":[{"href":"https:\/\/candelasantana.fpcei.eu\/index.php?rest_route=\/wp\/v2\/pages"}],"about":[{"href":"https:\/\/candelasantana.fpcei.eu\/index.php?rest_route=\/wp\/v2\/types\/page"}],"author":[{"embeddable":true,"href":"https:\/\/candelasantana.fpcei.eu\/index.php?rest_route=\/wp\/v2\/users\/2"}],"replies":[{"embeddable":true,"href":"https:\/\/candelasantana.fpcei.eu\/index.php?rest_route=%2Fwp%2Fv2%2Fcomments&post=601"}],"version-history":[{"count":1,"href":"https:\/\/candelasantana.fpcei.eu\/index.php?rest_route=\/wp\/v2\/pages\/601\/revisions"}],"predecessor-version":[{"id":604,"href":"https:\/\/candelasantana.fpcei.eu\/index.php?rest_route=\/wp\/v2\/pages\/601\/revisions\/604"}],"wp:attachment":[{"href":"https:\/\/candelasantana.fpcei.eu\/index.php?rest_route=%2Fwp%2Fv2%2Fmedia&parent=601"}],"curies":[{"name":"wp","href":"https:\/\/api.w.org\/{rel}","templated":true}]}}