{"id":611,"date":"2026-02-07T12:48:07","date_gmt":"2026-02-07T12:48:07","guid":{"rendered":"https:\/\/candelasantana.fpcei.eu\/?page_id=611"},"modified":"2026-02-07T12:48:08","modified_gmt":"2026-02-07T12:48:08","slug":"cabana-9","status":"publish","type":"page","link":"https:\/\/candelasantana.fpcei.eu\/?page_id=611","title":{"rendered":"CABA\u00d1A 9"},"content":{"rendered":"\n<p>Si eres lo suficientemente afortunado como para poner un pie en el Campamento Semidioses, ver\u00e1s nuestra caba\u00f1a, la n\u00famero 9, justo despu\u00e9s de la de Afrodita. Por fuera, no es la m\u00e1s llamativa, ni la m\u00e1s ostentosa, pero su simplicidad es enga\u00f1osa. Construida con una s\u00f3lida madera de pino, sus l\u00edneas son limpias y funcionales, sin adornos innecesarios. Las ventanas son grandes, dise\u00f1adas para dejar entrar la m\u00e1xima cantidad de luz natural, perfecta para la lectura y el estudio. El porche siempre est\u00e1 limpio y ordenado, quiz\u00e1s con alg\u00fan pergamino o libro olvidado sobre un banco, a la espera de ser recuperado por su due\u00f1o. No buscamos la atenci\u00f3n, la ganamos con nuestros logros.<\/p>\n\n\n\n<p>Pero es al entrar donde la verdadera esencia de la caba\u00f1a se revela. El interior es un santuario del conocimiento. Las paredes est\u00e1n repletas de estanter\u00edas que van del suelo al techo, abarrotadas de libros de todas las materias imaginables: historia, estrategia, filosof\u00eda, lenguas antiguas, matem\u00e1ticas avanzadas, y un sinf\u00edn de tomos sobre mitolog\u00eda y monstruos. El aire huele a papel viejo y a la promesa de nuevas ideas. Las camas son literas robustas, y cada una tiene su propia l\u00e1mpara de lectura y una peque\u00f1a mesa auxiliar donde se apilan cuadernos, plumas y, por supuesto, m\u00e1s libros. El silencio es casi palpable, solo interrumpido por el susurro de las p\u00e1ginas al pasar o el leve rasgueo de una pluma.<\/p>\n\n\n\n<p>Aqu\u00ed, en la caba\u00f1a 9, es donde la mente se afila y las estrategias se forjan. No nos interesan los juegos de vanidad ni las demostraciones de fuerza bruta. Valoramos la l\u00f3gica, la astucia y el poder del intelecto por encima de todo. Es un lugar donde el debate es tan bienvenido como el estudio solitario, donde las mentes brillantes se unen para desentra\u00f1ar los misterios del mundo y planificar el futuro. Para un hijo de Atenea, esta caba\u00f1a no es solo un lugar para dormir; es un arsenal de conocimiento, un refugio para la mente y el coraz\u00f3n de un estratega. Es nuestro hogar, y es perfecto para nosotros.<\/p>\n\n\n\n<figure class=\"wp-block-image size-full\"><img fetchpriority=\"high\" decoding=\"async\" width=\"1024\" height=\"1024\" src=\"https:\/\/candelasantana.fpcei.eu\/wp-content\/uploads\/2026\/02\/Gemini_Generated_Image_f2o4vrf2o4vrf2o4.jpg\" alt=\"\" class=\"wp-image-612\" srcset=\"https:\/\/candelasantana.fpcei.eu\/wp-content\/uploads\/2026\/02\/Gemini_Generated_Image_f2o4vrf2o4vrf2o4.jpg 1024w, https:\/\/candelasantana.fpcei.eu\/wp-content\/uploads\/2026\/02\/Gemini_Generated_Image_f2o4vrf2o4vrf2o4-300x300.jpg 300w, https:\/\/candelasantana.fpcei.eu\/wp-content\/uploads\/2026\/02\/Gemini_Generated_Image_f2o4vrf2o4vrf2o4-100x100.jpg 100w, https:\/\/candelasantana.fpcei.eu\/wp-content\/uploads\/2026\/02\/Gemini_Generated_Image_f2o4vrf2o4vrf2o4-600x600.jpg 600w, https:\/\/candelasantana.fpcei.eu\/wp-content\/uploads\/2026\/02\/Gemini_Generated_Image_f2o4vrf2o4vrf2o4-150x150.jpg 150w, https:\/\/candelasantana.fpcei.eu\/wp-content\/uploads\/2026\/02\/Gemini_Generated_Image_f2o4vrf2o4vrf2o4-768x768.jpg 768w\" sizes=\"(max-width: 1024px) 100vw, 1024px\" \/><\/figure>\n\n\n\n<figure class=\"wp-block-image size-full\"><img decoding=\"async\" width=\"1024\" height=\"1024\" src=\"https:\/\/candelasantana.fpcei.eu\/wp-content\/uploads\/2026\/02\/Gemini_Generated_Image_wr8nwswr8nwswr8n.jpg\" alt=\"\" class=\"wp-image-613\" srcset=\"https:\/\/candelasantana.fpcei.eu\/wp-content\/uploads\/2026\/02\/Gemini_Generated_Image_wr8nwswr8nwswr8n.jpg 1024w, https:\/\/candelasantana.fpcei.eu\/wp-content\/uploads\/2026\/02\/Gemini_Generated_Image_wr8nwswr8nwswr8n-300x300.jpg 300w, https:\/\/candelasantana.fpcei.eu\/wp-content\/uploads\/2026\/02\/Gemini_Generated_Image_wr8nwswr8nwswr8n-100x100.jpg 100w, https:\/\/candelasantana.fpcei.eu\/wp-content\/uploads\/2026\/02\/Gemini_Generated_Image_wr8nwswr8nwswr8n-600x600.jpg 600w, https:\/\/candelasantana.fpcei.eu\/wp-content\/uploads\/2026\/02\/Gemini_Generated_Image_wr8nwswr8nwswr8n-150x150.jpg 150w, https:\/\/candelasantana.fpcei.eu\/wp-content\/uploads\/2026\/02\/Gemini_Generated_Image_wr8nwswr8nwswr8n-768x768.jpg 768w\" sizes=\"(max-width: 1024px) 100vw, 1024px\" \/><\/figure>\n","protected":false},"excerpt":{"rendered":"<p>Si eres lo suficientemente afortunado como para poner un pie en el Campamento Semidioses, ver\u00e1s nuestra caba\u00f1a, la n\u00famero 9, justo despu\u00e9s de la de Afrodita. Por fuera, no es la m\u00e1s llamativa, ni la m\u00e1s ostentosa, pero su simplicidad es enga\u00f1osa. Construida con una s\u00f3lida madera de pino, sus l\u00edneas son limpias y funcionales, [&hellip;]<\/p>\n","protected":false},"author":2,"featured_media":0,"parent":0,"menu_order":0,"comment_status":"closed","ping_status":"closed","template":"","meta":{"_uag_custom_page_level_css":"","footnotes":""},"class_list":["post-611","page","type-page","status-publish","hentry"],"uagb_featured_image_src":{"full":false,"thumbnail":false,"medium":false,"medium_large":false,"large":false,"1536x1536":false,"2048x2048":false,"blogarise-slider-full":false,"blogarise-featured":false,"blogarise-medium":false,"woocommerce_thumbnail":false,"woocommerce_single":false,"woocommerce_gallery_thumbnail":false},"uagb_author_info":{"display_name":"candela","author_link":"https:\/\/candelasantana.fpcei.eu\/?author=2"},"uagb_comment_info":0,"uagb_excerpt":"Si eres lo suficientemente afortunado como para poner un pie en el Campamento Semidioses, ver\u00e1s nuestra caba\u00f1a, la n\u00famero 9, justo despu\u00e9s de la de Afrodita. Por fuera, no es la m\u00e1s llamativa, ni la m\u00e1s ostentosa, pero su simplicidad es enga\u00f1osa. Construida con una s\u00f3lida madera de pino, sus l\u00edneas son limpias y funcionales,&hellip;","_links":{"self":[{"href":"https:\/\/candelasantana.fpcei.eu\/index.php?rest_route=\/wp\/v2\/pages\/611","targetHints":{"allow":["GET"]}}],"collection":[{"href":"https:\/\/candelasantana.fpcei.eu\/index.php?rest_route=\/wp\/v2\/pages"}],"about":[{"href":"https:\/\/candelasantana.fpcei.eu\/index.php?rest_route=\/wp\/v2\/types\/page"}],"author":[{"embeddable":true,"href":"https:\/\/candelasantana.fpcei.eu\/index.php?rest_route=\/wp\/v2\/users\/2"}],"replies":[{"embeddable":true,"href":"https:\/\/candelasantana.fpcei.eu\/index.php?rest_route=%2Fwp%2Fv2%2Fcomments&post=611"}],"version-history":[{"count":1,"href":"https:\/\/candelasantana.fpcei.eu\/index.php?rest_route=\/wp\/v2\/pages\/611\/revisions"}],"predecessor-version":[{"id":614,"href":"https:\/\/candelasantana.fpcei.eu\/index.php?rest_route=\/wp\/v2\/pages\/611\/revisions\/614"}],"wp:attachment":[{"href":"https:\/\/candelasantana.fpcei.eu\/index.php?rest_route=%2Fwp%2Fv2%2Fmedia&parent=611"}],"curies":[{"name":"wp","href":"https:\/\/api.w.org\/{rel}","templated":true}]}}