{"id":617,"date":"2026-02-09T14:42:01","date_gmt":"2026-02-09T14:42:01","guid":{"rendered":"https:\/\/candelasantana.fpcei.eu\/?page_id=617"},"modified":"2026-02-09T14:42:02","modified_gmt":"2026-02-09T14:42:02","slug":"cabana-10","status":"publish","type":"page","link":"https:\/\/candelasantana.fpcei.eu\/?page_id=617","title":{"rendered":"CABA\u00d1A 10"},"content":{"rendered":"\n<p>Como hijos de Apolo, nuestra caba\u00f1a en el Campamento Semidioses es, sin duda, la m\u00e1s luminosa y vibrante de todas. Nos gusta mantenerla as\u00ed, porque \u00bfqu\u00e9 sentido tendr\u00eda ser hijo del dios del sol y vivir en la oscuridad? Las paredes interiores est\u00e1n pintadas en tonos amarillos y dorados que parecen atrapar la luz del sol, incluso en los d\u00edas nublados. Siempre hay una brisa c\u00e1lida y un sutil aroma a c\u00edtricos y miel flotando en el aire, lo que hace que sea un lugar muy acogedor para relajarse despu\u00e9s de un largo d\u00eda de entrenamiento.<\/p>\n\n\n\n<p>Nuestra caba\u00f1a no es solo un lugar para dormir; es un centro de creatividad y curaci\u00f3n. Una secci\u00f3n est\u00e1 dedicada a la m\u00fasica, llena de liras, guitarras y toda clase de instrumentos, listos para una improvisada sesi\u00f3n de jazz o una melod\u00eda de lira que calme el esp\u00edritu. Otra \u00e1rea est\u00e1 equipada con un peque\u00f1o botiqu\u00edn de primeros auxilios y hierbas curativas, un recordatorio de nuestra habilidad para sanar, un don que nos enorgullece. Las literas est\u00e1n adornadas con s\u00e1banas de colores vivos y mantas tejidas a mano, y cada una tiene una peque\u00f1a l\u00e1mpara de lectura, perfecta para las noches en las que la inspiraci\u00f3n musical o po\u00e9tica nos golpea.<\/p>\n\n\n\n<p>Desde el exterior, nuestra caba\u00f1a es un faro de calidez y optimismo en el campamento. El tejado est\u00e1 cubierto de tejas doradas que brillan bajo el sol, y la puerta principal, hecha de madera clara, a menudo tiene enredaderas de flores de girasol que la adornan, un peque\u00f1o detalle que nos conecta con nuestro padre. Las ventanas siempre est\u00e1n abiertas, invitando a la luz y al aire fresco, y a veces se pueden escuchar suaves melod\u00edas o risas amistosas que se escapan de su interior. Es un lugar donde todos son bienvenidos y donde el esp\u00edritu de Apolo se siente en cada rinc\u00f3n, un verdadero hogar para los hijos del dios del sol.<\/p>\n\n\n\n<figure class=\"wp-block-image size-full\"><img fetchpriority=\"high\" decoding=\"async\" width=\"1024\" height=\"1024\" src=\"https:\/\/candelasantana.fpcei.eu\/wp-content\/uploads\/2026\/02\/Gemini_Generated_Image_m8mma7m8mma7m8mm.jpg\" alt=\"\" class=\"wp-image-618\" srcset=\"https:\/\/candelasantana.fpcei.eu\/wp-content\/uploads\/2026\/02\/Gemini_Generated_Image_m8mma7m8mma7m8mm.jpg 1024w, https:\/\/candelasantana.fpcei.eu\/wp-content\/uploads\/2026\/02\/Gemini_Generated_Image_m8mma7m8mma7m8mm-300x300.jpg 300w, https:\/\/candelasantana.fpcei.eu\/wp-content\/uploads\/2026\/02\/Gemini_Generated_Image_m8mma7m8mma7m8mm-100x100.jpg 100w, https:\/\/candelasantana.fpcei.eu\/wp-content\/uploads\/2026\/02\/Gemini_Generated_Image_m8mma7m8mma7m8mm-600x600.jpg 600w, https:\/\/candelasantana.fpcei.eu\/wp-content\/uploads\/2026\/02\/Gemini_Generated_Image_m8mma7m8mma7m8mm-150x150.jpg 150w, https:\/\/candelasantana.fpcei.eu\/wp-content\/uploads\/2026\/02\/Gemini_Generated_Image_m8mma7m8mma7m8mm-768x768.jpg 768w\" sizes=\"(max-width: 1024px) 100vw, 1024px\" \/><\/figure>\n\n\n\n<figure class=\"wp-block-image size-full\"><img decoding=\"async\" width=\"1024\" height=\"1024\" src=\"https:\/\/candelasantana.fpcei.eu\/wp-content\/uploads\/2026\/02\/Gemini_Generated_Image_8ghuen8ghuen8ghu.png\" alt=\"\" class=\"wp-image-619\" srcset=\"https:\/\/candelasantana.fpcei.eu\/wp-content\/uploads\/2026\/02\/Gemini_Generated_Image_8ghuen8ghuen8ghu.png 1024w, https:\/\/candelasantana.fpcei.eu\/wp-content\/uploads\/2026\/02\/Gemini_Generated_Image_8ghuen8ghuen8ghu-300x300.png 300w, https:\/\/candelasantana.fpcei.eu\/wp-content\/uploads\/2026\/02\/Gemini_Generated_Image_8ghuen8ghuen8ghu-100x100.png 100w, https:\/\/candelasantana.fpcei.eu\/wp-content\/uploads\/2026\/02\/Gemini_Generated_Image_8ghuen8ghuen8ghu-600x600.png 600w, https:\/\/candelasantana.fpcei.eu\/wp-content\/uploads\/2026\/02\/Gemini_Generated_Image_8ghuen8ghuen8ghu-150x150.png 150w, https:\/\/candelasantana.fpcei.eu\/wp-content\/uploads\/2026\/02\/Gemini_Generated_Image_8ghuen8ghuen8ghu-768x768.png 768w\" sizes=\"(max-width: 1024px) 100vw, 1024px\" \/><\/figure>\n","protected":false},"excerpt":{"rendered":"<p>Como hijos de Apolo, nuestra caba\u00f1a en el Campamento Semidioses es, sin duda, la m\u00e1s luminosa y vibrante de todas. Nos gusta mantenerla as\u00ed, porque \u00bfqu\u00e9 sentido tendr\u00eda ser hijo del dios del sol y vivir en la oscuridad? Las paredes interiores est\u00e1n pintadas en tonos amarillos y dorados que parecen atrapar la luz del [&hellip;]<\/p>\n","protected":false},"author":2,"featured_media":0,"parent":0,"menu_order":0,"comment_status":"closed","ping_status":"closed","template":"","meta":{"_uag_custom_page_level_css":"","footnotes":""},"class_list":["post-617","page","type-page","status-publish","hentry"],"uagb_featured_image_src":{"full":false,"thumbnail":false,"medium":false,"medium_large":false,"large":false,"1536x1536":false,"2048x2048":false,"blogarise-slider-full":false,"blogarise-featured":false,"blogarise-medium":false,"woocommerce_thumbnail":false,"woocommerce_single":false,"woocommerce_gallery_thumbnail":false},"uagb_author_info":{"display_name":"candela","author_link":"https:\/\/candelasantana.fpcei.eu\/?author=2"},"uagb_comment_info":0,"uagb_excerpt":"Como hijos de Apolo, nuestra caba\u00f1a en el Campamento Semidioses es, sin duda, la m\u00e1s luminosa y vibrante de todas. Nos gusta mantenerla as\u00ed, porque \u00bfqu\u00e9 sentido tendr\u00eda ser hijo del dios del sol y vivir en la oscuridad? Las paredes interiores est\u00e1n pintadas en tonos amarillos y dorados que parecen atrapar la luz del&hellip;","_links":{"self":[{"href":"https:\/\/candelasantana.fpcei.eu\/index.php?rest_route=\/wp\/v2\/pages\/617","targetHints":{"allow":["GET"]}}],"collection":[{"href":"https:\/\/candelasantana.fpcei.eu\/index.php?rest_route=\/wp\/v2\/pages"}],"about":[{"href":"https:\/\/candelasantana.fpcei.eu\/index.php?rest_route=\/wp\/v2\/types\/page"}],"author":[{"embeddable":true,"href":"https:\/\/candelasantana.fpcei.eu\/index.php?rest_route=\/wp\/v2\/users\/2"}],"replies":[{"embeddable":true,"href":"https:\/\/candelasantana.fpcei.eu\/index.php?rest_route=%2Fwp%2Fv2%2Fcomments&post=617"}],"version-history":[{"count":1,"href":"https:\/\/candelasantana.fpcei.eu\/index.php?rest_route=\/wp\/v2\/pages\/617\/revisions"}],"predecessor-version":[{"id":620,"href":"https:\/\/candelasantana.fpcei.eu\/index.php?rest_route=\/wp\/v2\/pages\/617\/revisions\/620"}],"wp:attachment":[{"href":"https:\/\/candelasantana.fpcei.eu\/index.php?rest_route=%2Fwp%2Fv2%2Fmedia&parent=617"}],"curies":[{"name":"wp","href":"https:\/\/api.w.org\/{rel}","templated":true}]}}