{"id":621,"date":"2026-02-09T14:44:47","date_gmt":"2026-02-09T14:44:47","guid":{"rendered":"https:\/\/candelasantana.fpcei.eu\/?page_id=621"},"modified":"2026-02-09T14:44:48","modified_gmt":"2026-02-09T14:44:48","slug":"cabana-11","status":"publish","type":"page","link":"https:\/\/candelasantana.fpcei.eu\/?page_id=621","title":{"rendered":"CABA\u00d1A 11"},"content":{"rendered":"\n<p>Como hijos de Artemisa, nuestra Caba\u00f1a 11 se siente como un refugio en el coraz\u00f3n de la naturaleza, incluso dentro del Campamento Semidioses. A diferencia de las caba\u00f1as ruidosas de otros dioses, la nuestra es un santuario de calma y concentraci\u00f3n. Las paredes interiores est\u00e1n revestidas de madera oscura y lisas como el tronco de un \u00e1rbol centenario, y la luz que entra por las ventanas se filtra suavemente, como si se colara entre las hojas de un denso bosque. Siempre hay un olor a pino y a tierra h\u00fameda, una fragancia que nos conecta con los vastos bosques y monta\u00f1as que son el dominio de nuestra madre, y que nos hace sentir en casa.<\/p>\n\n\n\n<p>Nuestra caba\u00f1a no es solo un lugar para descansar; es un espacio dise\u00f1ado para la preparaci\u00f3n y el estudio del mundo natural. Una secci\u00f3n est\u00e1 dedicada al tiro con arco, con soportes para carcajs y arcos, y una diana de pr\u00e1ctica miniatura para afinar nuestra punter\u00eda. Otra \u00e1rea contiene estantes repletos de libros sobre supervivencia, herbolog\u00eda, rastreo y astronom\u00eda, esenciales para nuestra conexi\u00f3n con la naturaleza y nuestras habilidades. Las literas son sencillas y funcionales, a menudo adornadas con mantas de lana que recuerdan el pelaje de los animales del bosque y peque\u00f1os amuletos hechos de ramas o piedras que hemos recogido en nuestras excursiones. Es un lugar de aprendizaje silencioso y respeto por la vida salvaje.<\/p>\n\n\n\n<p>Desde el exterior, nuestra Caba\u00f1a 11 se alza con una elegancia discreta y un aire de integraci\u00f3n con el entorno. A diferencia de otras caba\u00f1as llamativas, la nuestra est\u00e1 construida con maderas oscuras y piedra r\u00fastica, lo que le permite mimetizarse con los \u00e1rboles circundantes. El tejado est\u00e1 cubierto de musgo y quiz\u00e1s algunas enredaderas, dando la impresi\u00f3n de que ha brotado directamente del suelo. Las ventanas son estrechas y alargadas, pensadas m\u00e1s para la observaci\u00f3n que para la exhibici\u00f3n, y la puerta principal, sencilla y robusta, a menudo est\u00e1 adornada con una talla discreta de un ciervo o una luna creciente. No hay un rastro de ruido excesivo o actividad desenfrenada; en cambio, emana una sensaci\u00f3n de quietud y vigilancia, un verdadero reflejo del esp\u00edritu cazador de Artemisa y sus hijos.<\/p>\n\n\n\n<figure class=\"wp-block-image size-full\"><img fetchpriority=\"high\" decoding=\"async\" width=\"1024\" height=\"1024\" src=\"https:\/\/candelasantana.fpcei.eu\/wp-content\/uploads\/2026\/02\/Gemini_Generated_Image_hxeihlhxeihlhxei.jpg\" alt=\"\" class=\"wp-image-622\" srcset=\"https:\/\/candelasantana.fpcei.eu\/wp-content\/uploads\/2026\/02\/Gemini_Generated_Image_hxeihlhxeihlhxei.jpg 1024w, https:\/\/candelasantana.fpcei.eu\/wp-content\/uploads\/2026\/02\/Gemini_Generated_Image_hxeihlhxeihlhxei-300x300.jpg 300w, https:\/\/candelasantana.fpcei.eu\/wp-content\/uploads\/2026\/02\/Gemini_Generated_Image_hxeihlhxeihlhxei-100x100.jpg 100w, https:\/\/candelasantana.fpcei.eu\/wp-content\/uploads\/2026\/02\/Gemini_Generated_Image_hxeihlhxeihlhxei-600x600.jpg 600w, https:\/\/candelasantana.fpcei.eu\/wp-content\/uploads\/2026\/02\/Gemini_Generated_Image_hxeihlhxeihlhxei-150x150.jpg 150w, https:\/\/candelasantana.fpcei.eu\/wp-content\/uploads\/2026\/02\/Gemini_Generated_Image_hxeihlhxeihlhxei-768x768.jpg 768w\" sizes=\"(max-width: 1024px) 100vw, 1024px\" \/><\/figure>\n\n\n\n<figure class=\"wp-block-image size-full\"><img decoding=\"async\" width=\"1024\" height=\"1024\" src=\"https:\/\/candelasantana.fpcei.eu\/wp-content\/uploads\/2026\/02\/Gemini_Generated_Image_tkjt9utkjt9utkjt.jpg\" alt=\"\" class=\"wp-image-623\" srcset=\"https:\/\/candelasantana.fpcei.eu\/wp-content\/uploads\/2026\/02\/Gemini_Generated_Image_tkjt9utkjt9utkjt.jpg 1024w, https:\/\/candelasantana.fpcei.eu\/wp-content\/uploads\/2026\/02\/Gemini_Generated_Image_tkjt9utkjt9utkjt-300x300.jpg 300w, https:\/\/candelasantana.fpcei.eu\/wp-content\/uploads\/2026\/02\/Gemini_Generated_Image_tkjt9utkjt9utkjt-100x100.jpg 100w, https:\/\/candelasantana.fpcei.eu\/wp-content\/uploads\/2026\/02\/Gemini_Generated_Image_tkjt9utkjt9utkjt-600x600.jpg 600w, https:\/\/candelasantana.fpcei.eu\/wp-content\/uploads\/2026\/02\/Gemini_Generated_Image_tkjt9utkjt9utkjt-150x150.jpg 150w, https:\/\/candelasantana.fpcei.eu\/wp-content\/uploads\/2026\/02\/Gemini_Generated_Image_tkjt9utkjt9utkjt-768x768.jpg 768w\" sizes=\"(max-width: 1024px) 100vw, 1024px\" \/><\/figure>\n","protected":false},"excerpt":{"rendered":"<p>Como hijos de Artemisa, nuestra Caba\u00f1a 11 se siente como un refugio en el coraz\u00f3n de la naturaleza, incluso dentro del Campamento Semidioses. A diferencia de las caba\u00f1as ruidosas de otros dioses, la nuestra es un santuario de calma y concentraci\u00f3n. Las paredes interiores est\u00e1n revestidas de madera oscura y lisas como el tronco de [&hellip;]<\/p>\n","protected":false},"author":2,"featured_media":0,"parent":0,"menu_order":0,"comment_status":"closed","ping_status":"closed","template":"","meta":{"_uag_custom_page_level_css":"","footnotes":""},"class_list":["post-621","page","type-page","status-publish","hentry"],"uagb_featured_image_src":{"full":false,"thumbnail":false,"medium":false,"medium_large":false,"large":false,"1536x1536":false,"2048x2048":false,"blogarise-slider-full":false,"blogarise-featured":false,"blogarise-medium":false,"woocommerce_thumbnail":false,"woocommerce_single":false,"woocommerce_gallery_thumbnail":false},"uagb_author_info":{"display_name":"candela","author_link":"https:\/\/candelasantana.fpcei.eu\/?author=2"},"uagb_comment_info":0,"uagb_excerpt":"Como hijos de Artemisa, nuestra Caba\u00f1a 11 se siente como un refugio en el coraz\u00f3n de la naturaleza, incluso dentro del Campamento Semidioses. A diferencia de las caba\u00f1as ruidosas de otros dioses, la nuestra es un santuario de calma y concentraci\u00f3n. Las paredes interiores est\u00e1n revestidas de madera oscura y lisas como el tronco de&hellip;","_links":{"self":[{"href":"https:\/\/candelasantana.fpcei.eu\/index.php?rest_route=\/wp\/v2\/pages\/621","targetHints":{"allow":["GET"]}}],"collection":[{"href":"https:\/\/candelasantana.fpcei.eu\/index.php?rest_route=\/wp\/v2\/pages"}],"about":[{"href":"https:\/\/candelasantana.fpcei.eu\/index.php?rest_route=\/wp\/v2\/types\/page"}],"author":[{"embeddable":true,"href":"https:\/\/candelasantana.fpcei.eu\/index.php?rest_route=\/wp\/v2\/users\/2"}],"replies":[{"embeddable":true,"href":"https:\/\/candelasantana.fpcei.eu\/index.php?rest_route=%2Fwp%2Fv2%2Fcomments&post=621"}],"version-history":[{"count":1,"href":"https:\/\/candelasantana.fpcei.eu\/index.php?rest_route=\/wp\/v2\/pages\/621\/revisions"}],"predecessor-version":[{"id":624,"href":"https:\/\/candelasantana.fpcei.eu\/index.php?rest_route=\/wp\/v2\/pages\/621\/revisions\/624"}],"wp:attachment":[{"href":"https:\/\/candelasantana.fpcei.eu\/index.php?rest_route=%2Fwp%2Fv2%2Fmedia&parent=621"}],"curies":[{"name":"wp","href":"https:\/\/api.w.org\/{rel}","templated":true}]}}