{"id":625,"date":"2026-02-09T14:57:20","date_gmt":"2026-02-09T14:57:20","guid":{"rendered":"https:\/\/candelasantana.fpcei.eu\/?page_id=625"},"modified":"2026-02-09T14:57:21","modified_gmt":"2026-02-09T14:57:21","slug":"cabana-12","status":"publish","type":"page","link":"https:\/\/candelasantana.fpcei.eu\/?page_id=625","title":{"rendered":"CABA\u00d1A 12"},"content":{"rendered":"\n<p>Bienvenidos a la caba\u00f1a 12, el lugar donde el esp\u00edritu de la fiesta y la alegr\u00eda de vivir nunca se apagan. Para nosotros, los hijos de Dioniso, este no es solo un refugio, sino un santuario donde la m\u00fasica siempre suena, las risas son contagiosas y la preocupaci\u00f3n es una palabra que rara vez usamos. Nuestra caba\u00f1a es un remolino de energ\u00eda, un caos organizado de creatividad y espontaneidad. Aunque algunos puedan vernos como alborotadores, en realidad somos maestros en el arte de encontrar la belleza en el desorden y la inspiraci\u00f3n en la celebraci\u00f3n.<\/p>\n\n\n\n<p>Desde el exterior, nuestra caba\u00f1a podr\u00eda parecer un poco&#8230; ecl\u00e9ctica. Los colores vibrantes adornan las paredes, con enredaderas de uva y flores de tonos llamativos que trepan por la fachada, dando la impresi\u00f3n de un jard\u00edn salvaje y desbordante. El aroma a uvas maduras y a veces, un ligero tufillo a mosto, flota en el aire, una invitaci\u00f3n olfativa a la diversi\u00f3n que se esconde dentro. A menudo, se pueden escuchar melod\u00edas pegadizas y risas provenientes del interior, una banda sonora constante que nos acompa\u00f1a en nuestras aventuras y momentos de relax.<\/p>\n\n\n\n<p>La caba\u00f1a 12 es nuestro hogar, un reflejo de nuestro padre, Dioniso. Es un lugar donde celebramos la vida en todas sus formas, donde la imaginaci\u00f3n vuela libre y la creatividad fluye sin l\u00edmites. Nos enorgullece nuestro espacio, no por su pulcritud o su orden, sino por la calidez, la alegr\u00eda y la energ\u00eda contagiosa que emana de cada rinc\u00f3n. Para nosotros, la caba\u00f1a 12 es m\u00e1s que un simple edificio; es el coraz\u00f3n de nuestra experiencia en el Campamento Semidioses, un recordatorio constante de que la vida debe vivirse al m\u00e1ximo, con cada risa, cada canci\u00f3n y cada momento de j\u00fabilo.<\/p>\n\n\n\n<figure class=\"wp-block-image size-full\"><img fetchpriority=\"high\" decoding=\"async\" width=\"1024\" height=\"1024\" src=\"https:\/\/candelasantana.fpcei.eu\/wp-content\/uploads\/2026\/02\/Gemini_Generated_Image_pmf76mpmf76mpmf7.jpg\" alt=\"\" class=\"wp-image-626\" srcset=\"https:\/\/candelasantana.fpcei.eu\/wp-content\/uploads\/2026\/02\/Gemini_Generated_Image_pmf76mpmf76mpmf7.jpg 1024w, https:\/\/candelasantana.fpcei.eu\/wp-content\/uploads\/2026\/02\/Gemini_Generated_Image_pmf76mpmf76mpmf7-300x300.jpg 300w, https:\/\/candelasantana.fpcei.eu\/wp-content\/uploads\/2026\/02\/Gemini_Generated_Image_pmf76mpmf76mpmf7-100x100.jpg 100w, https:\/\/candelasantana.fpcei.eu\/wp-content\/uploads\/2026\/02\/Gemini_Generated_Image_pmf76mpmf76mpmf7-600x600.jpg 600w, https:\/\/candelasantana.fpcei.eu\/wp-content\/uploads\/2026\/02\/Gemini_Generated_Image_pmf76mpmf76mpmf7-150x150.jpg 150w, https:\/\/candelasantana.fpcei.eu\/wp-content\/uploads\/2026\/02\/Gemini_Generated_Image_pmf76mpmf76mpmf7-768x768.jpg 768w\" sizes=\"(max-width: 1024px) 100vw, 1024px\" \/><\/figure>\n\n\n\n<figure class=\"wp-block-image size-full\"><img decoding=\"async\" width=\"1024\" height=\"1024\" src=\"https:\/\/candelasantana.fpcei.eu\/wp-content\/uploads\/2026\/02\/Gemini_Generated_Image_9hwmnj9hwmnj9hwm.jpg\" alt=\"\" class=\"wp-image-627\" srcset=\"https:\/\/candelasantana.fpcei.eu\/wp-content\/uploads\/2026\/02\/Gemini_Generated_Image_9hwmnj9hwmnj9hwm.jpg 1024w, https:\/\/candelasantana.fpcei.eu\/wp-content\/uploads\/2026\/02\/Gemini_Generated_Image_9hwmnj9hwmnj9hwm-300x300.jpg 300w, https:\/\/candelasantana.fpcei.eu\/wp-content\/uploads\/2026\/02\/Gemini_Generated_Image_9hwmnj9hwmnj9hwm-100x100.jpg 100w, https:\/\/candelasantana.fpcei.eu\/wp-content\/uploads\/2026\/02\/Gemini_Generated_Image_9hwmnj9hwmnj9hwm-600x600.jpg 600w, https:\/\/candelasantana.fpcei.eu\/wp-content\/uploads\/2026\/02\/Gemini_Generated_Image_9hwmnj9hwmnj9hwm-150x150.jpg 150w, https:\/\/candelasantana.fpcei.eu\/wp-content\/uploads\/2026\/02\/Gemini_Generated_Image_9hwmnj9hwmnj9hwm-768x768.jpg 768w\" sizes=\"(max-width: 1024px) 100vw, 1024px\" \/><\/figure>\n","protected":false},"excerpt":{"rendered":"<p>Bienvenidos a la caba\u00f1a 12, el lugar donde el esp\u00edritu de la fiesta y la alegr\u00eda de vivir nunca se apagan. Para nosotros, los hijos de Dioniso, este no es solo un refugio, sino un santuario donde la m\u00fasica siempre suena, las risas son contagiosas y la preocupaci\u00f3n es una palabra que rara vez usamos. [&hellip;]<\/p>\n","protected":false},"author":2,"featured_media":0,"parent":0,"menu_order":0,"comment_status":"closed","ping_status":"closed","template":"","meta":{"_uag_custom_page_level_css":"","footnotes":""},"class_list":["post-625","page","type-page","status-publish","hentry"],"uagb_featured_image_src":{"full":false,"thumbnail":false,"medium":false,"medium_large":false,"large":false,"1536x1536":false,"2048x2048":false,"blogarise-slider-full":false,"blogarise-featured":false,"blogarise-medium":false,"woocommerce_thumbnail":false,"woocommerce_single":false,"woocommerce_gallery_thumbnail":false},"uagb_author_info":{"display_name":"candela","author_link":"https:\/\/candelasantana.fpcei.eu\/?author=2"},"uagb_comment_info":0,"uagb_excerpt":"Bienvenidos a la caba\u00f1a 12, el lugar donde el esp\u00edritu de la fiesta y la alegr\u00eda de vivir nunca se apagan. Para nosotros, los hijos de Dioniso, este no es solo un refugio, sino un santuario donde la m\u00fasica siempre suena, las risas son contagiosas y la preocupaci\u00f3n es una palabra que rara vez usamos.&hellip;","_links":{"self":[{"href":"https:\/\/candelasantana.fpcei.eu\/index.php?rest_route=\/wp\/v2\/pages\/625","targetHints":{"allow":["GET"]}}],"collection":[{"href":"https:\/\/candelasantana.fpcei.eu\/index.php?rest_route=\/wp\/v2\/pages"}],"about":[{"href":"https:\/\/candelasantana.fpcei.eu\/index.php?rest_route=\/wp\/v2\/types\/page"}],"author":[{"embeddable":true,"href":"https:\/\/candelasantana.fpcei.eu\/index.php?rest_route=\/wp\/v2\/users\/2"}],"replies":[{"embeddable":true,"href":"https:\/\/candelasantana.fpcei.eu\/index.php?rest_route=%2Fwp%2Fv2%2Fcomments&post=625"}],"version-history":[{"count":1,"href":"https:\/\/candelasantana.fpcei.eu\/index.php?rest_route=\/wp\/v2\/pages\/625\/revisions"}],"predecessor-version":[{"id":628,"href":"https:\/\/candelasantana.fpcei.eu\/index.php?rest_route=\/wp\/v2\/pages\/625\/revisions\/628"}],"wp:attachment":[{"href":"https:\/\/candelasantana.fpcei.eu\/index.php?rest_route=%2Fwp%2Fv2%2Fmedia&parent=625"}],"curies":[{"name":"wp","href":"https:\/\/api.w.org\/{rel}","templated":true}]}}