{"id":629,"date":"2026-02-09T15:00:53","date_gmt":"2026-02-09T15:00:53","guid":{"rendered":"https:\/\/candelasantana.fpcei.eu\/?page_id=629"},"modified":"2026-02-09T15:00:54","modified_gmt":"2026-02-09T15:00:54","slug":"cabana-13","status":"publish","type":"page","link":"https:\/\/candelasantana.fpcei.eu\/?page_id=629","title":{"rendered":"CABA\u00d1A 13"},"content":{"rendered":"\n<p>Aqu\u00ed, en la caba\u00f1a 13, nosotras, las hijas e hijos de Dem\u00e9ter, encontramos nuestro santuario. Para nosotros, este no es solo un lugar para dormir, sino un hogar donde la tierra respira y la vida florece en cada rinc\u00f3n. La calma y la armon\u00eda son nuestras gu\u00edas, y el aroma a tierra h\u00fameda y flores frescas nos envuelve en una sensaci\u00f3n de paz que solo la naturaleza puede brindar. Aqu\u00ed cultivamos no solo plantas, sino tambi\u00e9n amistad y un profundo respeto por el ciclo de la vida. A menudo, nos ver\u00e1s cuidando de nuestras peque\u00f1as parcelas, conversando con las plantas o simplemente disfrutando de la quietud que nos ofrece nuestro hogar.<\/p>\n\n\n\n<p>Desde el exterior, nuestra caba\u00f1a es un testimonio viviente de la conexi\u00f3n con la naturaleza. Las paredes de madera est\u00e1n cubiertas por enredaderas frondosas, flores silvestres de todos los colores y hierbas arom\u00e1ticas que crecen con exuberancia. Un peque\u00f1o huerto y un jard\u00edn de flores rodean la entrada, invitando a la vista y al olfato a un fest\u00edn natural. El techo est\u00e1 cubierto de musgo y peque\u00f1as plantas suculentas, como un prado en miniatura. Es un lugar que respira vida, un oasis de verdor y tranquilidad en medio del bullicio del campamento.<\/p>\n\n\n\n<p>La caba\u00f1a 13 es un reflejo de nuestra madre, Dem\u00e9ter. Es un lugar de nutrici\u00f3n, crecimiento y arraigo. Aqu\u00ed encontramos consuelo en la simplicidad de la tierra y la belleza de la naturaleza. Cada planta, cada flor, cada rayo de sol que se filtra por las hojas es un recordatorio de la abundancia y la generosidad de la tierra. Nos sentimos orgullosos de nuestro hogar, un espacio que nos conecta con nuestras ra\u00edces y nos inspira a cuidar y proteger el mundo natural que nos rodea.<\/p>\n\n\n\n<figure class=\"wp-block-image size-full\"><img fetchpriority=\"high\" decoding=\"async\" width=\"1024\" height=\"1024\" src=\"https:\/\/candelasantana.fpcei.eu\/wp-content\/uploads\/2026\/02\/Gemini_Generated_Image_dz672jdz672jdz67.jpg\" alt=\"\" class=\"wp-image-630\" srcset=\"https:\/\/candelasantana.fpcei.eu\/wp-content\/uploads\/2026\/02\/Gemini_Generated_Image_dz672jdz672jdz67.jpg 1024w, https:\/\/candelasantana.fpcei.eu\/wp-content\/uploads\/2026\/02\/Gemini_Generated_Image_dz672jdz672jdz67-300x300.jpg 300w, https:\/\/candelasantana.fpcei.eu\/wp-content\/uploads\/2026\/02\/Gemini_Generated_Image_dz672jdz672jdz67-100x100.jpg 100w, https:\/\/candelasantana.fpcei.eu\/wp-content\/uploads\/2026\/02\/Gemini_Generated_Image_dz672jdz672jdz67-600x600.jpg 600w, https:\/\/candelasantana.fpcei.eu\/wp-content\/uploads\/2026\/02\/Gemini_Generated_Image_dz672jdz672jdz67-150x150.jpg 150w, https:\/\/candelasantana.fpcei.eu\/wp-content\/uploads\/2026\/02\/Gemini_Generated_Image_dz672jdz672jdz67-768x768.jpg 768w\" sizes=\"(max-width: 1024px) 100vw, 1024px\" \/><\/figure>\n\n\n\n<figure class=\"wp-block-image size-full\"><img decoding=\"async\" width=\"1024\" height=\"1024\" src=\"https:\/\/candelasantana.fpcei.eu\/wp-content\/uploads\/2026\/02\/Gemini_Generated_Image_x3wxqvx3wxqvx3wx.jpg\" alt=\"\" class=\"wp-image-631\" srcset=\"https:\/\/candelasantana.fpcei.eu\/wp-content\/uploads\/2026\/02\/Gemini_Generated_Image_x3wxqvx3wxqvx3wx.jpg 1024w, https:\/\/candelasantana.fpcei.eu\/wp-content\/uploads\/2026\/02\/Gemini_Generated_Image_x3wxqvx3wxqvx3wx-300x300.jpg 300w, https:\/\/candelasantana.fpcei.eu\/wp-content\/uploads\/2026\/02\/Gemini_Generated_Image_x3wxqvx3wxqvx3wx-100x100.jpg 100w, https:\/\/candelasantana.fpcei.eu\/wp-content\/uploads\/2026\/02\/Gemini_Generated_Image_x3wxqvx3wxqvx3wx-600x600.jpg 600w, https:\/\/candelasantana.fpcei.eu\/wp-content\/uploads\/2026\/02\/Gemini_Generated_Image_x3wxqvx3wxqvx3wx-150x150.jpg 150w, https:\/\/candelasantana.fpcei.eu\/wp-content\/uploads\/2026\/02\/Gemini_Generated_Image_x3wxqvx3wxqvx3wx-768x768.jpg 768w\" sizes=\"(max-width: 1024px) 100vw, 1024px\" \/><\/figure>\n","protected":false},"excerpt":{"rendered":"<p>Aqu\u00ed, en la caba\u00f1a 13, nosotras, las hijas e hijos de Dem\u00e9ter, encontramos nuestro santuario. Para nosotros, este no es solo un lugar para dormir, sino un hogar donde la tierra respira y la vida florece en cada rinc\u00f3n. La calma y la armon\u00eda son nuestras gu\u00edas, y el aroma a tierra h\u00fameda y flores [&hellip;]<\/p>\n","protected":false},"author":2,"featured_media":0,"parent":0,"menu_order":0,"comment_status":"closed","ping_status":"closed","template":"","meta":{"_uag_custom_page_level_css":"","footnotes":""},"class_list":["post-629","page","type-page","status-publish","hentry"],"uagb_featured_image_src":{"full":false,"thumbnail":false,"medium":false,"medium_large":false,"large":false,"1536x1536":false,"2048x2048":false,"blogarise-slider-full":false,"blogarise-featured":false,"blogarise-medium":false,"woocommerce_thumbnail":false,"woocommerce_single":false,"woocommerce_gallery_thumbnail":false},"uagb_author_info":{"display_name":"candela","author_link":"https:\/\/candelasantana.fpcei.eu\/?author=2"},"uagb_comment_info":0,"uagb_excerpt":"Aqu\u00ed, en la caba\u00f1a 13, nosotras, las hijas e hijos de Dem\u00e9ter, encontramos nuestro santuario. Para nosotros, este no es solo un lugar para dormir, sino un hogar donde la tierra respira y la vida florece en cada rinc\u00f3n. La calma y la armon\u00eda son nuestras gu\u00edas, y el aroma a tierra h\u00fameda y flores&hellip;","_links":{"self":[{"href":"https:\/\/candelasantana.fpcei.eu\/index.php?rest_route=\/wp\/v2\/pages\/629","targetHints":{"allow":["GET"]}}],"collection":[{"href":"https:\/\/candelasantana.fpcei.eu\/index.php?rest_route=\/wp\/v2\/pages"}],"about":[{"href":"https:\/\/candelasantana.fpcei.eu\/index.php?rest_route=\/wp\/v2\/types\/page"}],"author":[{"embeddable":true,"href":"https:\/\/candelasantana.fpcei.eu\/index.php?rest_route=\/wp\/v2\/users\/2"}],"replies":[{"embeddable":true,"href":"https:\/\/candelasantana.fpcei.eu\/index.php?rest_route=%2Fwp%2Fv2%2Fcomments&post=629"}],"version-history":[{"count":1,"href":"https:\/\/candelasantana.fpcei.eu\/index.php?rest_route=\/wp\/v2\/pages\/629\/revisions"}],"predecessor-version":[{"id":632,"href":"https:\/\/candelasantana.fpcei.eu\/index.php?rest_route=\/wp\/v2\/pages\/629\/revisions\/632"}],"wp:attachment":[{"href":"https:\/\/candelasantana.fpcei.eu\/index.php?rest_route=%2Fwp%2Fv2%2Fmedia&parent=629"}],"curies":[{"name":"wp","href":"https:\/\/api.w.org\/{rel}","templated":true}]}}