{"id":633,"date":"2026-02-09T15:15:10","date_gmt":"2026-02-09T15:15:10","guid":{"rendered":"https:\/\/candelasantana.fpcei.eu\/?page_id=633"},"modified":"2026-02-09T15:15:11","modified_gmt":"2026-02-09T15:15:11","slug":"cabana-14","status":"publish","type":"page","link":"https:\/\/candelasantana.fpcei.eu\/?page_id=633","title":{"rendered":"CABA\u00d1A 14"},"content":{"rendered":"\n<p>En la caba\u00f1a 14, los hijos e hijas de Hestia encontramos nuestro verdadero hogar. Para nosotros, este no es solo un edificio, sino un santuario de calidez, paz y hospitalidad. El fuego sagrado, el coraz\u00f3n de nuestro hogar, arde constantemente, brindando no solo luz y calor, sino tambi\u00e9n una sensaci\u00f3n de seguridad y bienestar a todos los que cruzan nuestro umbral. Aqu\u00ed, la calma es la melod\u00eda que nos acompa\u00f1a, y el aroma a le\u00f1a quemada y pan reci\u00e9n horneado nos envuelve en una atm\u00f3sfera de serenidad. Nos dedicamos a mantener viva la llama de Hestia, promoviendo la armon\u00eda y el respeto mutuo entre todos los campistas.<\/p>\n\n\n\n<p>Desde el exterior, nuestra caba\u00f1a es un refugio acogedor y discreto. A diferencia de otras caba\u00f1as m\u00e1s ostentosas, la nuestra se distingue por su sencillez y su aire de hogar. Construida con madera robusta y un techo a dos aguas, el humo que sale de la chimenea es una se\u00f1al constante de la vida y el calor que alberga en su interior. Un peque\u00f1o porche con c\u00f3modos asientos invita a los visitantes a detenerse y descansar, mientras que las macetas con flores sencillas pero hermosas adornan las ventanas, a\u00f1adiendo un toque de encanto natural sin excesos. Es un lugar que inspira tranquilidad y una bienvenida silenciosa.<\/p>\n\n\n\n<p>La caba\u00f1a 14 es un reflejo de nuestra madre, Hestia. Es un lugar de uni\u00f3n familiar, de consuelo y de un arraigo profundo. Aqu\u00ed, la hoguera es el centro de nuestras reuniones, donde compartimos historias, risas y momentos de reflexi\u00f3n. Nos sentimos orgullosos de nuestro hogar, no por su grandiosidad, sino por la paz y la calidez que ofrece a todos. Para nosotros, la caba\u00f1a 14 es m\u00e1s que un simple edificio; es el coraz\u00f3n del campamento, un recordatorio constante de la importancia de la familia, la comunidad y la verdadera esencia de un hogar.<\/p>\n\n\n\n<figure class=\"wp-block-image size-full\"><img fetchpriority=\"high\" decoding=\"async\" width=\"1024\" height=\"1024\" src=\"https:\/\/candelasantana.fpcei.eu\/wp-content\/uploads\/2026\/02\/Gemini_Generated_Image_vraaujvraaujvraa.jpg\" alt=\"\" class=\"wp-image-634\" srcset=\"https:\/\/candelasantana.fpcei.eu\/wp-content\/uploads\/2026\/02\/Gemini_Generated_Image_vraaujvraaujvraa.jpg 1024w, https:\/\/candelasantana.fpcei.eu\/wp-content\/uploads\/2026\/02\/Gemini_Generated_Image_vraaujvraaujvraa-300x300.jpg 300w, https:\/\/candelasantana.fpcei.eu\/wp-content\/uploads\/2026\/02\/Gemini_Generated_Image_vraaujvraaujvraa-100x100.jpg 100w, https:\/\/candelasantana.fpcei.eu\/wp-content\/uploads\/2026\/02\/Gemini_Generated_Image_vraaujvraaujvraa-600x600.jpg 600w, https:\/\/candelasantana.fpcei.eu\/wp-content\/uploads\/2026\/02\/Gemini_Generated_Image_vraaujvraaujvraa-150x150.jpg 150w, https:\/\/candelasantana.fpcei.eu\/wp-content\/uploads\/2026\/02\/Gemini_Generated_Image_vraaujvraaujvraa-768x768.jpg 768w\" sizes=\"(max-width: 1024px) 100vw, 1024px\" \/><\/figure>\n\n\n\n<figure class=\"wp-block-image size-full\"><img decoding=\"async\" width=\"1024\" height=\"1024\" src=\"https:\/\/candelasantana.fpcei.eu\/wp-content\/uploads\/2026\/02\/Gemini_Generated_Image_yii39dyii39dyii3.jpg\" alt=\"\" class=\"wp-image-635\" srcset=\"https:\/\/candelasantana.fpcei.eu\/wp-content\/uploads\/2026\/02\/Gemini_Generated_Image_yii39dyii39dyii3.jpg 1024w, https:\/\/candelasantana.fpcei.eu\/wp-content\/uploads\/2026\/02\/Gemini_Generated_Image_yii39dyii39dyii3-300x300.jpg 300w, https:\/\/candelasantana.fpcei.eu\/wp-content\/uploads\/2026\/02\/Gemini_Generated_Image_yii39dyii39dyii3-100x100.jpg 100w, https:\/\/candelasantana.fpcei.eu\/wp-content\/uploads\/2026\/02\/Gemini_Generated_Image_yii39dyii39dyii3-600x600.jpg 600w, https:\/\/candelasantana.fpcei.eu\/wp-content\/uploads\/2026\/02\/Gemini_Generated_Image_yii39dyii39dyii3-150x150.jpg 150w, https:\/\/candelasantana.fpcei.eu\/wp-content\/uploads\/2026\/02\/Gemini_Generated_Image_yii39dyii39dyii3-768x768.jpg 768w\" sizes=\"(max-width: 1024px) 100vw, 1024px\" \/><\/figure>\n","protected":false},"excerpt":{"rendered":"<p>En la caba\u00f1a 14, los hijos e hijas de Hestia encontramos nuestro verdadero hogar. Para nosotros, este no es solo un edificio, sino un santuario de calidez, paz y hospitalidad. El fuego sagrado, el coraz\u00f3n de nuestro hogar, arde constantemente, brindando no solo luz y calor, sino tambi\u00e9n una sensaci\u00f3n de seguridad y bienestar a [&hellip;]<\/p>\n","protected":false},"author":2,"featured_media":0,"parent":0,"menu_order":0,"comment_status":"closed","ping_status":"closed","template":"","meta":{"_uag_custom_page_level_css":"","footnotes":""},"class_list":["post-633","page","type-page","status-publish","hentry"],"uagb_featured_image_src":{"full":false,"thumbnail":false,"medium":false,"medium_large":false,"large":false,"1536x1536":false,"2048x2048":false,"blogarise-slider-full":false,"blogarise-featured":false,"blogarise-medium":false,"woocommerce_thumbnail":false,"woocommerce_single":false,"woocommerce_gallery_thumbnail":false},"uagb_author_info":{"display_name":"candela","author_link":"https:\/\/candelasantana.fpcei.eu\/?author=2"},"uagb_comment_info":0,"uagb_excerpt":"En la caba\u00f1a 14, los hijos e hijas de Hestia encontramos nuestro verdadero hogar. Para nosotros, este no es solo un edificio, sino un santuario de calidez, paz y hospitalidad. El fuego sagrado, el coraz\u00f3n de nuestro hogar, arde constantemente, brindando no solo luz y calor, sino tambi\u00e9n una sensaci\u00f3n de seguridad y bienestar a&hellip;","_links":{"self":[{"href":"https:\/\/candelasantana.fpcei.eu\/index.php?rest_route=\/wp\/v2\/pages\/633","targetHints":{"allow":["GET"]}}],"collection":[{"href":"https:\/\/candelasantana.fpcei.eu\/index.php?rest_route=\/wp\/v2\/pages"}],"about":[{"href":"https:\/\/candelasantana.fpcei.eu\/index.php?rest_route=\/wp\/v2\/types\/page"}],"author":[{"embeddable":true,"href":"https:\/\/candelasantana.fpcei.eu\/index.php?rest_route=\/wp\/v2\/users\/2"}],"replies":[{"embeddable":true,"href":"https:\/\/candelasantana.fpcei.eu\/index.php?rest_route=%2Fwp%2Fv2%2Fcomments&post=633"}],"version-history":[{"count":1,"href":"https:\/\/candelasantana.fpcei.eu\/index.php?rest_route=\/wp\/v2\/pages\/633\/revisions"}],"predecessor-version":[{"id":636,"href":"https:\/\/candelasantana.fpcei.eu\/index.php?rest_route=\/wp\/v2\/pages\/633\/revisions\/636"}],"wp:attachment":[{"href":"https:\/\/candelasantana.fpcei.eu\/index.php?rest_route=%2Fwp%2Fv2%2Fmedia&parent=633"}],"curies":[{"name":"wp","href":"https:\/\/api.w.org\/{rel}","templated":true}]}}