{"id":670,"date":"2026-02-18T14:24:27","date_gmt":"2026-02-18T14:24:27","guid":{"rendered":"https:\/\/candelasantana.fpcei.eu\/?post_type=product&#038;p=670"},"modified":"2026-02-18T14:32:52","modified_gmt":"2026-02-18T14:32:52","slug":"camiseta-poseidon-de-manga-corta","status":"publish","type":"product","link":"https:\/\/candelasantana.fpcei.eu\/?product=camiseta-poseidon-de-manga-corta","title":{"rendered":"Camiseta Poseid\u00f3n de manga corta"},"content":{"rendered":"<div id=\"model-response-message-contentr_d421986f3d629160\" class=\"markdown markdown-main-panel enable-updated-hr-color preserve-whitespaces-in-response\" dir=\"ltr\" aria-live=\"polite\" aria-busy=\"false\">\n<p data-path-to-node=\"0\">Esta es una camiseta de manga corta y cuello redondo confeccionada en un tejido de color negro s\u00f3lido que sirve como lienzo para un dise\u00f1o gr\u00e1fico central de inspiraci\u00f3n mitol\u00f3gica. El estampado se presenta en una disposici\u00f3n circular y sim\u00e9trica utilizando una paleta de colores degradados que transitan desde el blanco brillante en el centro hacia tonos azul turquesa y aguamarina en los extremos.<\/p>\n<p data-path-to-node=\"1\">En el coraz\u00f3n de la ilustraci\u00f3n se alza un tridente estilizado de l\u00edneas limpias y modernas que representa el poder de Poseid\u00f3n. Este elemento central nace de la base del dise\u00f1o, donde dos olas detalladas rompen de forma sim\u00e9trica hacia los lados, acompa\u00f1adas de peque\u00f1os puntos que simulan la espuma y el roc\u00edo marino con un estilo que recuerda a los grabados cl\u00e1sicos.<\/p>\n<p data-path-to-node=\"2\">Corona la composici\u00f3n un arco de medio punto decorado con una cenefa griega tradicional, tambi\u00e9n conocida como meandro, que aporta un marco geom\u00e9trico y refuerza la identidad cultural del dise\u00f1o. El efecto de iluminaci\u00f3n radial hace que los elementos centrales parezcan brillar contra el fondo oscuro, logrando una est\u00e9tica equilibrada que combina la iconograf\u00eda antigua de la Grecia cl\u00e1sica con un acabado visual contempor\u00e1neo y minimalista.<\/p>\n<\/div>\n","protected":false},"excerpt":{"rendered":"<p>Esta es una camiseta negra de cuello redondo con un dise\u00f1o gr\u00e1fico circular inspirado en la mitolog\u00eda griega. Destaca un tridente central flanqueado por olas sim\u00e9tricas y coronado por una cenefa de meandro griego, todo presentado en un degradado de tonos turquesa y celeste que resalta sobre el fondo oscuro. Es una prenda de est\u00e9tica limpia y moderna que fusiona iconograf\u00eda cl\u00e1sica con un estilo visual contempor\u00e1neo.<\/p>\n","protected":false},"featured_media":671,"comment_status":"open","ping_status":"closed","template":"","meta":{"_uag_custom_page_level_css":""},"product_brand":[],"product_cat":[36],"product_tag":[40,39],"class_list":{"0":"post-670","1":"product","2":"type-product","3":"status-publish","4":"has-post-thumbnail","6":"product_cat-verano","7":"product_tag-poseidon","8":"product_tag-verano","10":"first","11":"instock","12":"sale","13":"taxable","14":"shipping-taxable","15":"purchasable","16":"product-type-simple"},"uagb_featured_image_src":{"full":["https:\/\/candelasantana.fpcei.eu\/wp-content\/uploads\/2026\/02\/camiseta-poseidon.jpg",315,320,false],"thumbnail":["https:\/\/candelasantana.fpcei.eu\/wp-content\/uploads\/2026\/02\/camiseta-poseidon-150x150.jpg",150,150,true],"medium":["https:\/\/candelasantana.fpcei.eu\/wp-content\/uploads\/2026\/02\/camiseta-poseidon-295x300.jpg",295,300,true],"medium_large":["https:\/\/candelasantana.fpcei.eu\/wp-content\/uploads\/2026\/02\/camiseta-poseidon.jpg",315,320,false],"large":["https:\/\/candelasantana.fpcei.eu\/wp-content\/uploads\/2026\/02\/camiseta-poseidon.jpg",315,320,false],"1536x1536":["https:\/\/candelasantana.fpcei.eu\/wp-content\/uploads\/2026\/02\/camiseta-poseidon.jpg",315,320,false],"2048x2048":["https:\/\/candelasantana.fpcei.eu\/wp-content\/uploads\/2026\/02\/camiseta-poseidon.jpg",315,320,false],"blogarise-slider-full":["https:\/\/candelasantana.fpcei.eu\/wp-content\/uploads\/2026\/02\/camiseta-poseidon.jpg",315,320,false],"blogarise-featured":["https:\/\/candelasantana.fpcei.eu\/wp-content\/uploads\/2026\/02\/camiseta-poseidon.jpg",315,320,false],"blogarise-medium":["https:\/\/candelasantana.fpcei.eu\/wp-content\/uploads\/2026\/02\/camiseta-poseidon.jpg",315,320,false],"woocommerce_thumbnail":["https:\/\/candelasantana.fpcei.eu\/wp-content\/uploads\/2026\/02\/camiseta-poseidon-300x300.jpg",300,300,true],"woocommerce_single":["https:\/\/candelasantana.fpcei.eu\/wp-content\/uploads\/2026\/02\/camiseta-poseidon.jpg",315,320,false],"woocommerce_gallery_thumbnail":["https:\/\/candelasantana.fpcei.eu\/wp-content\/uploads\/2026\/02\/camiseta-poseidon-100x100.jpg",100,100,true]},"uagb_author_info":{"display_name":"candela","author_link":"https:\/\/candelasantana.fpcei.eu\/?author=0"},"uagb_comment_info":0,"uagb_excerpt":"Esta es una camiseta negra de cuello redondo con un dise\u00f1o gr\u00e1fico circular inspirado en la mitolog\u00eda griega. Destaca un tridente central flanqueado por olas sim\u00e9tricas y coronado por una cenefa de meandro griego, todo presentado en un degradado de tonos turquesa y celeste que resalta sobre el fondo oscuro. Es una prenda de est\u00e9tica&hellip;","_links":{"self":[{"href":"https:\/\/candelasantana.fpcei.eu\/index.php?rest_route=\/wp\/v2\/product\/670","targetHints":{"allow":["GET"]}}],"collection":[{"href":"https:\/\/candelasantana.fpcei.eu\/index.php?rest_route=\/wp\/v2\/product"}],"about":[{"href":"https:\/\/candelasantana.fpcei.eu\/index.php?rest_route=\/wp\/v2\/types\/product"}],"replies":[{"embeddable":true,"href":"https:\/\/candelasantana.fpcei.eu\/index.php?rest_route=%2Fwp%2Fv2%2Fcomments&post=670"}],"wp:featuredmedia":[{"embeddable":true,"href":"https:\/\/candelasantana.fpcei.eu\/index.php?rest_route=\/wp\/v2\/media\/671"}],"wp:attachment":[{"href":"https:\/\/candelasantana.fpcei.eu\/index.php?rest_route=%2Fwp%2Fv2%2Fmedia&parent=670"}],"wp:term":[{"taxonomy":"product_brand","embeddable":true,"href":"https:\/\/candelasantana.fpcei.eu\/index.php?rest_route=%2Fwp%2Fv2%2Fproduct_brand&post=670"},{"taxonomy":"product_cat","embeddable":true,"href":"https:\/\/candelasantana.fpcei.eu\/index.php?rest_route=%2Fwp%2Fv2%2Fproduct_cat&post=670"},{"taxonomy":"product_tag","embeddable":true,"href":"https:\/\/candelasantana.fpcei.eu\/index.php?rest_route=%2Fwp%2Fv2%2Fproduct_tag&post=670"}],"curies":[{"name":"wp","href":"https:\/\/api.w.org\/{rel}","templated":true}]}}