{"id":675,"date":"2026-02-18T14:44:56","date_gmt":"2026-02-18T14:44:56","guid":{"rendered":"https:\/\/candelasantana.fpcei.eu\/?post_type=product&#038;p=675"},"modified":"2026-02-18T14:44:56","modified_gmt":"2026-02-18T14:44:56","slug":"camiseta-manga-larga-zeus","status":"publish","type":"product","link":"https:\/\/candelasantana.fpcei.eu\/?product=camiseta-manga-larga-zeus","title":{"rendered":"Camiseta manga larga Zeus"},"content":{"rendered":"<p data-path-to-node=\"0\">Esta es una camiseta de manga larga y cuello redondo confeccionada en un tejido de color negro profundo que sirve como base para una ilustraci\u00f3n impactante y detallada centrada en la figura del rey del Olimpo. El dise\u00f1o, realizado exclusivamente en una escala de grises con contrastes muy marcados, presenta un retrato de Zeus desde el pecho hacia arriba, capturado con una expresi\u00f3n de severidad y poder absoluto. El rostro del dios destaca por una barba y cabellera profusas y onduladas, representadas con l\u00edneas finas que aportan una textura visual casi tangible, remitiendo a la majestuosidad de las esculturas cl\u00e1sicas de la antig\u00fcedad.<\/p>\n<p data-path-to-node=\"1\">El elemento central de la composici\u00f3n es un rayo que Zeus sostiene con firmeza en su mano derecha, justo frente a \u00e9l. Del punto de contacto entre su mano y el rayo emana un intenso resplandor blanco que ilumina parte de su rostro y sus dedos, creando un efecto de luz focalizada que a\u00f1ade dramatismo a la escena. Al fondo, una serie de l\u00edneas irregulares y el\u00e9ctricas simulan una tormenta de rel\u00e1mpagos que se expande de forma radial, envolviendo la figura y reforzando su dominio sobre los cielos. La t\u00e9cnica de ilustraci\u00f3n utiliza sombras densas y brillos puros para generar un volumen tridimensional, logrando una prenda que combina la fuerza de la iconograf\u00eda mitol\u00f3gica con una est\u00e9tica oscura, imponente y moderna.<\/p>\n","protected":false},"excerpt":{"rendered":"<p>Esta camiseta de manga larga en color negro presenta una ilustraci\u00f3n detallada y de gran contraste en escala de grises de Zeus. El dise\u00f1o captura al dios con una expresi\u00f3n severa y una cabellera ondulada, sosteniendo un rayo que emite un resplandor luminoso desde su mano. La composici\u00f3n se completa con un fondo de rel\u00e1mpagos radiales que refuerzan su imponente identidad mitol\u00f3gica bajo una est\u00e9tica moderna y dram\u00e1tica.<\/p>\n","protected":false},"featured_media":676,"comment_status":"open","ping_status":"closed","template":"","meta":{"_uag_custom_page_level_css":""},"product_brand":[],"product_cat":[41],"product_tag":[],"class_list":{"0":"post-675","1":"product","2":"type-product","3":"status-publish","4":"has-post-thumbnail","6":"product_cat-primavera","8":"first","9":"instock","10":"sale","11":"taxable","12":"shipping-taxable","13":"purchasable","14":"product-type-simple"},"uagb_featured_image_src":{"full":["https:\/\/candelasantana.fpcei.eu\/wp-content\/uploads\/2026\/02\/camiseta-zeus.jpg",306,320,false],"thumbnail":["https:\/\/candelasantana.fpcei.eu\/wp-content\/uploads\/2026\/02\/camiseta-zeus-150x150.jpg",150,150,true],"medium":["https:\/\/candelasantana.fpcei.eu\/wp-content\/uploads\/2026\/02\/camiseta-zeus-287x300.jpg",287,300,true],"medium_large":["https:\/\/candelasantana.fpcei.eu\/wp-content\/uploads\/2026\/02\/camiseta-zeus.jpg",306,320,false],"large":["https:\/\/candelasantana.fpcei.eu\/wp-content\/uploads\/2026\/02\/camiseta-zeus.jpg",306,320,false],"1536x1536":["https:\/\/candelasantana.fpcei.eu\/wp-content\/uploads\/2026\/02\/camiseta-zeus.jpg",306,320,false],"2048x2048":["https:\/\/candelasantana.fpcei.eu\/wp-content\/uploads\/2026\/02\/camiseta-zeus.jpg",306,320,false],"blogarise-slider-full":["https:\/\/candelasantana.fpcei.eu\/wp-content\/uploads\/2026\/02\/camiseta-zeus.jpg",306,320,false],"blogarise-featured":["https:\/\/candelasantana.fpcei.eu\/wp-content\/uploads\/2026\/02\/camiseta-zeus.jpg",306,320,false],"blogarise-medium":["https:\/\/candelasantana.fpcei.eu\/wp-content\/uploads\/2026\/02\/camiseta-zeus.jpg",306,320,false],"woocommerce_thumbnail":["https:\/\/candelasantana.fpcei.eu\/wp-content\/uploads\/2026\/02\/camiseta-zeus-300x300.jpg",300,300,true],"woocommerce_single":["https:\/\/candelasantana.fpcei.eu\/wp-content\/uploads\/2026\/02\/camiseta-zeus.jpg",306,320,false],"woocommerce_gallery_thumbnail":["https:\/\/candelasantana.fpcei.eu\/wp-content\/uploads\/2026\/02\/camiseta-zeus-100x100.jpg",100,100,true]},"uagb_author_info":{"display_name":"candela","author_link":"https:\/\/candelasantana.fpcei.eu\/?author=0"},"uagb_comment_info":0,"uagb_excerpt":"Esta camiseta de manga larga en color negro presenta una ilustraci\u00f3n detallada y de gran contraste en escala de grises de Zeus. El dise\u00f1o captura al dios con una expresi\u00f3n severa y una cabellera ondulada, sosteniendo un rayo que emite un resplandor luminoso desde su mano. La composici\u00f3n se completa con un fondo de rel\u00e1mpagos&hellip;","_links":{"self":[{"href":"https:\/\/candelasantana.fpcei.eu\/index.php?rest_route=\/wp\/v2\/product\/675","targetHints":{"allow":["GET"]}}],"collection":[{"href":"https:\/\/candelasantana.fpcei.eu\/index.php?rest_route=\/wp\/v2\/product"}],"about":[{"href":"https:\/\/candelasantana.fpcei.eu\/index.php?rest_route=\/wp\/v2\/types\/product"}],"replies":[{"embeddable":true,"href":"https:\/\/candelasantana.fpcei.eu\/index.php?rest_route=%2Fwp%2Fv2%2Fcomments&post=675"}],"wp:featuredmedia":[{"embeddable":true,"href":"https:\/\/candelasantana.fpcei.eu\/index.php?rest_route=\/wp\/v2\/media\/676"}],"wp:attachment":[{"href":"https:\/\/candelasantana.fpcei.eu\/index.php?rest_route=%2Fwp%2Fv2%2Fmedia&parent=675"}],"wp:term":[{"taxonomy":"product_brand","embeddable":true,"href":"https:\/\/candelasantana.fpcei.eu\/index.php?rest_route=%2Fwp%2Fv2%2Fproduct_brand&post=675"},{"taxonomy":"product_cat","embeddable":true,"href":"https:\/\/candelasantana.fpcei.eu\/index.php?rest_route=%2Fwp%2Fv2%2Fproduct_cat&post=675"},{"taxonomy":"product_tag","embeddable":true,"href":"https:\/\/candelasantana.fpcei.eu\/index.php?rest_route=%2Fwp%2Fv2%2Fproduct_tag&post=675"}],"curies":[{"name":"wp","href":"https:\/\/api.w.org\/{rel}","templated":true}]}}