{"id":699,"date":"2026-02-18T15:32:41","date_gmt":"2026-02-18T15:32:41","guid":{"rendered":"https:\/\/candelasantana.fpcei.eu\/?post_type=product&#038;p=699"},"modified":"2026-02-18T15:32:41","modified_gmt":"2026-02-18T15:32:41","slug":"pack-para-vuelta-al-cole","status":"publish","type":"product","link":"https:\/\/candelasantana.fpcei.eu\/?product=pack-para-vuelta-al-cole","title":{"rendered":"Pack para vuelta al cole"},"content":{"rendered":"<p data-path-to-node=\"0\">Este set de art\u00edculos escolares presenta una colecci\u00f3n tem\u00e1tica denominada <b data-path-to-node=\"0\" data-index-in-node=\"75\">Campamento Semidioses<\/b>, dise\u00f1ada para estudiantes que buscan llevar la m\u00edstica de la mitolog\u00eda cl\u00e1sica al aula. El elemento central es una mochila de color azul claro que incluye un bolsillo frontal decorado con un logotipo dorado compuesto por un casco alado y un rayo, acompa\u00f1ado del nombre del campamento en una tipograf\u00eda estilizada. Del interior de la mochila asoman varios cuadernos de espiral en tonos pastel \u2014verde, rosa y azul\u2014, cada uno ilustrado con criaturas mitol\u00f3gicas como un hipocampo y un pegaso, reforzando la narrativa de aventura y entrenamiento para j\u00f3venes h\u00e9roes.<\/p>\n<p data-path-to-node=\"1\">El conjunto se completa con una serie de accesorios coordinados que mantienen la coherencia visual y funcional del kit. Un estuche para l\u00e1pices y una fiambrera cuadrada de color amarillo brillante repiten el emblema del casco alado, permitiendo organizar los \u00fatiles y alimentos con facilidad. Adem\u00e1s, se incluye una botella de agua met\u00e1lica en color azul marino que muestra un dise\u00f1o de br\u00fajula detallado y pegatinas tem\u00e1ticas con diversos iconos mitol\u00f3gicos. Todo el set est\u00e1 dispuesto sobre un pupitre de madera en un entorno escolar, con una pizarra y taquillas de fondo, lo que resalta su utilidad pr\u00e1ctica como una soluci\u00f3n integral para el regreso a clases que combina organizaci\u00f3n con un estilo fant\u00e1stico y motivador.<\/p>\n","protected":false},"excerpt":{"rendered":"<p>Este kit escolar del <b data-path-to-node=\"0\" data-index-in-node=\"21\">Campamento Semidioses<\/b> es un conjunto tem\u00e1tico dise\u00f1ado para el regreso a clases que combina funcionalidad con mitolog\u00eda cl\u00e1sica. El set incluye una mochila azul claro con un logotipo de casco alado, cuadernos ilustrados con criaturas fant\u00e1sticas como pegasos, un estuche, una fiambrera amarilla y una botella de agua con dise\u00f1o de br\u00fajula. Es una soluci\u00f3n integral de organizaci\u00f3n que permite a los estudiantes llevar la m\u00edstica de los h\u00e9roes antiguos a su entorno educativo diario.<\/p>\n","protected":false},"featured_media":469,"comment_status":"open","ping_status":"closed","template":"","meta":{"_uag_custom_page_level_css":""},"product_brand":[],"product_cat":[38],"product_tag":[],"class_list":{"0":"post-699","1":"product","2":"type-product","3":"status-publish","4":"has-post-thumbnail","6":"product_cat-escolar","8":"first","9":"instock","10":"sale","11":"taxable","12":"shipping-taxable","13":"purchasable","14":"product-type-simple"},"uagb_featured_image_src":{"full":["https:\/\/candelasantana.fpcei.eu\/wp-content\/uploads\/2026\/01\/Gemini_Generated_Image_x0yejpx0yejpx0ye.png",1024,1024,false],"thumbnail":["https:\/\/candelasantana.fpcei.eu\/wp-content\/uploads\/2026\/01\/Gemini_Generated_Image_x0yejpx0yejpx0ye-150x150.png",150,150,true],"medium":["https:\/\/candelasantana.fpcei.eu\/wp-content\/uploads\/2026\/01\/Gemini_Generated_Image_x0yejpx0yejpx0ye-300x300.png",300,300,true],"medium_large":["https:\/\/candelasantana.fpcei.eu\/wp-content\/uploads\/2026\/01\/Gemini_Generated_Image_x0yejpx0yejpx0ye-768x768.png",640,640,true],"large":["https:\/\/candelasantana.fpcei.eu\/wp-content\/uploads\/2026\/01\/Gemini_Generated_Image_x0yejpx0yejpx0ye.png",640,640,false],"1536x1536":["https:\/\/candelasantana.fpcei.eu\/wp-content\/uploads\/2026\/01\/Gemini_Generated_Image_x0yejpx0yejpx0ye.png",1024,1024,false],"2048x2048":["https:\/\/candelasantana.fpcei.eu\/wp-content\/uploads\/2026\/01\/Gemini_Generated_Image_x0yejpx0yejpx0ye.png",1024,1024,false],"blogarise-slider-full":["https:\/\/candelasantana.fpcei.eu\/wp-content\/uploads\/2026\/01\/Gemini_Generated_Image_x0yejpx0yejpx0ye-1024x720.png",1024,720,true],"blogarise-featured":["https:\/\/candelasantana.fpcei.eu\/wp-content\/uploads\/2026\/01\/Gemini_Generated_Image_x0yejpx0yejpx0ye.png",1024,1024,false],"blogarise-medium":["https:\/\/candelasantana.fpcei.eu\/wp-content\/uploads\/2026\/01\/Gemini_Generated_Image_x0yejpx0yejpx0ye-720x380.png",720,380,true],"woocommerce_thumbnail":["https:\/\/candelasantana.fpcei.eu\/wp-content\/uploads\/2026\/01\/Gemini_Generated_Image_x0yejpx0yejpx0ye-300x300.png",300,300,true],"woocommerce_single":["https:\/\/candelasantana.fpcei.eu\/wp-content\/uploads\/2026\/01\/Gemini_Generated_Image_x0yejpx0yejpx0ye-600x600.png",600,600,true],"woocommerce_gallery_thumbnail":["https:\/\/candelasantana.fpcei.eu\/wp-content\/uploads\/2026\/01\/Gemini_Generated_Image_x0yejpx0yejpx0ye-100x100.png",100,100,true]},"uagb_author_info":{"display_name":"candela","author_link":"https:\/\/candelasantana.fpcei.eu\/?author=0"},"uagb_comment_info":0,"uagb_excerpt":"Este kit escolar del Campamento Semidioses es un conjunto tem\u00e1tico dise\u00f1ado para el regreso a clases que combina funcionalidad con mitolog\u00eda cl\u00e1sica. El set incluye una mochila azul claro con un logotipo de casco alado, cuadernos ilustrados con criaturas fant\u00e1sticas como pegasos, un estuche, una fiambrera amarilla y una botella de agua con dise\u00f1o de&hellip;","_links":{"self":[{"href":"https:\/\/candelasantana.fpcei.eu\/index.php?rest_route=\/wp\/v2\/product\/699","targetHints":{"allow":["GET"]}}],"collection":[{"href":"https:\/\/candelasantana.fpcei.eu\/index.php?rest_route=\/wp\/v2\/product"}],"about":[{"href":"https:\/\/candelasantana.fpcei.eu\/index.php?rest_route=\/wp\/v2\/types\/product"}],"replies":[{"embeddable":true,"href":"https:\/\/candelasantana.fpcei.eu\/index.php?rest_route=%2Fwp%2Fv2%2Fcomments&post=699"}],"wp:featuredmedia":[{"embeddable":true,"href":"https:\/\/candelasantana.fpcei.eu\/index.php?rest_route=\/wp\/v2\/media\/469"}],"wp:attachment":[{"href":"https:\/\/candelasantana.fpcei.eu\/index.php?rest_route=%2Fwp%2Fv2%2Fmedia&parent=699"}],"wp:term":[{"taxonomy":"product_brand","embeddable":true,"href":"https:\/\/candelasantana.fpcei.eu\/index.php?rest_route=%2Fwp%2Fv2%2Fproduct_brand&post=699"},{"taxonomy":"product_cat","embeddable":true,"href":"https:\/\/candelasantana.fpcei.eu\/index.php?rest_route=%2Fwp%2Fv2%2Fproduct_cat&post=699"},{"taxonomy":"product_tag","embeddable":true,"href":"https:\/\/candelasantana.fpcei.eu\/index.php?rest_route=%2Fwp%2Fv2%2Fproduct_tag&post=699"}],"curies":[{"name":"wp","href":"https:\/\/api.w.org\/{rel}","templated":true}]}}