{"id":701,"date":"2026-02-18T15:40:13","date_gmt":"2026-02-18T15:40:13","guid":{"rendered":"https:\/\/candelasantana.fpcei.eu\/?post_type=product&#038;p=701"},"modified":"2026-02-18T15:40:13","modified_gmt":"2026-02-18T15:40:13","slug":"sudadera-polar-artemisa","status":"publish","type":"product","link":"https:\/\/candelasantana.fpcei.eu\/?product=sudadera-polar-artemisa","title":{"rendered":"Sudadera polar Artemisa"},"content":{"rendered":"<p data-path-to-node=\"0\">Prenda de vestir de estilo deportivo y casual que rinde homenaje a la figura mitol\u00f3gica de Artemisa a trav\u00e9s de un dise\u00f1o gr\u00e1fico minimalista y moderno. La sudadera, de color negro s\u00f3lido, cuenta con una estructura cl\u00e1sica que incluye una capucha ajustable mediante cordones del mismo tono y un amplio bolsillo frontal tipo canguro, ideal para el uso diario o actividades al aire libre. Su confecci\u00f3n sugiere un tejido c\u00f3modo y resistente, adecuado para climas templados o como capa de abrigo intermedia durante el invierno.<\/p>\n<p data-path-to-node=\"1\">El elemento distintivo de la prenda es el estampado central en color blanco, que crea un fuerte contraste visual sobre el fondo oscuro. El dise\u00f1o presenta una silueta estilizada de la diosa en plena acci\u00f3n, sosteniendo un arco tensado cuya curva se integra de forma art\u00edstica con una representaci\u00f3n de la luna creciente, simbolizando uno de sus atributos celestiales m\u00e1s conocidos. Debajo de la ilustraci\u00f3n, se lee el nombre de la deidad en una tipograf\u00eda sans-serif limpia y capitalizada, acompa\u00f1ada de la frase descriptiva que la identifica como la protectora de la naturaleza salvaje. Este dise\u00f1o funcional y simb\u00f3lico convierte a la sudadera en una pieza ideal para quienes buscan una est\u00e9tica mitol\u00f3gica contempor\u00e1nea y discreta.<\/p>\n","protected":false},"excerpt":{"rendered":"<p>Esta sudadera de color negro es una prenda deportiva y casual que destaca por su dise\u00f1o gr\u00e1fico minimalista en blanco. Presenta una silueta estilizada de la diosa Artemisa con su arco integrado en una luna creciente, simbolizando su conexi\u00f3n con la naturaleza y el cielo. Con su capucha ajustable y bolsillo frontal tipo canguro, ofrece una est\u00e9tica mitol\u00f3gica moderna y funcional, ideal para quienes buscan una prenda c\u00f3moda con un toque simb\u00f3lico de la protectora de la naturaleza salvaje.<\/p>\n","protected":false},"featured_media":702,"comment_status":"open","ping_status":"closed","template":"","meta":{"_uag_custom_page_level_css":""},"product_brand":[],"product_cat":[37],"product_tag":[],"class_list":{"0":"post-701","1":"product","2":"type-product","3":"status-publish","4":"has-post-thumbnail","6":"product_cat-invierno","8":"first","9":"instock","10":"sale","11":"taxable","12":"shipping-taxable","13":"purchasable","14":"product-type-simple"},"uagb_featured_image_src":{"full":["https:\/\/candelasantana.fpcei.eu\/wp-content\/uploads\/2026\/02\/sudadera-artemisa.jpg",284,320,false],"thumbnail":["https:\/\/candelasantana.fpcei.eu\/wp-content\/uploads\/2026\/02\/sudadera-artemisa-150x150.jpg",150,150,true],"medium":["https:\/\/candelasantana.fpcei.eu\/wp-content\/uploads\/2026\/02\/sudadera-artemisa-266x300.jpg",266,300,true],"medium_large":["https:\/\/candelasantana.fpcei.eu\/wp-content\/uploads\/2026\/02\/sudadera-artemisa.jpg",284,320,false],"large":["https:\/\/candelasantana.fpcei.eu\/wp-content\/uploads\/2026\/02\/sudadera-artemisa.jpg",284,320,false],"1536x1536":["https:\/\/candelasantana.fpcei.eu\/wp-content\/uploads\/2026\/02\/sudadera-artemisa.jpg",284,320,false],"2048x2048":["https:\/\/candelasantana.fpcei.eu\/wp-content\/uploads\/2026\/02\/sudadera-artemisa.jpg",284,320,false],"blogarise-slider-full":["https:\/\/candelasantana.fpcei.eu\/wp-content\/uploads\/2026\/02\/sudadera-artemisa.jpg",284,320,false],"blogarise-featured":["https:\/\/candelasantana.fpcei.eu\/wp-content\/uploads\/2026\/02\/sudadera-artemisa.jpg",284,320,false],"blogarise-medium":["https:\/\/candelasantana.fpcei.eu\/wp-content\/uploads\/2026\/02\/sudadera-artemisa.jpg",284,320,false],"woocommerce_thumbnail":["https:\/\/candelasantana.fpcei.eu\/wp-content\/uploads\/2026\/02\/sudadera-artemisa-284x300.jpg",284,300,true],"woocommerce_single":["https:\/\/candelasantana.fpcei.eu\/wp-content\/uploads\/2026\/02\/sudadera-artemisa.jpg",284,320,false],"woocommerce_gallery_thumbnail":["https:\/\/candelasantana.fpcei.eu\/wp-content\/uploads\/2026\/02\/sudadera-artemisa-100x100.jpg",100,100,true]},"uagb_author_info":{"display_name":"candela","author_link":"https:\/\/candelasantana.fpcei.eu\/?author=0"},"uagb_comment_info":0,"uagb_excerpt":"Esta sudadera de color negro es una prenda deportiva y casual que destaca por su dise\u00f1o gr\u00e1fico minimalista en blanco. Presenta una silueta estilizada de la diosa Artemisa con su arco integrado en una luna creciente, simbolizando su conexi\u00f3n con la naturaleza y el cielo. Con su capucha ajustable y bolsillo frontal tipo canguro, ofrece&hellip;","_links":{"self":[{"href":"https:\/\/candelasantana.fpcei.eu\/index.php?rest_route=\/wp\/v2\/product\/701","targetHints":{"allow":["GET"]}}],"collection":[{"href":"https:\/\/candelasantana.fpcei.eu\/index.php?rest_route=\/wp\/v2\/product"}],"about":[{"href":"https:\/\/candelasantana.fpcei.eu\/index.php?rest_route=\/wp\/v2\/types\/product"}],"replies":[{"embeddable":true,"href":"https:\/\/candelasantana.fpcei.eu\/index.php?rest_route=%2Fwp%2Fv2%2Fcomments&post=701"}],"wp:featuredmedia":[{"embeddable":true,"href":"https:\/\/candelasantana.fpcei.eu\/index.php?rest_route=\/wp\/v2\/media\/702"}],"wp:attachment":[{"href":"https:\/\/candelasantana.fpcei.eu\/index.php?rest_route=%2Fwp%2Fv2%2Fmedia&parent=701"}],"wp:term":[{"taxonomy":"product_brand","embeddable":true,"href":"https:\/\/candelasantana.fpcei.eu\/index.php?rest_route=%2Fwp%2Fv2%2Fproduct_brand&post=701"},{"taxonomy":"product_cat","embeddable":true,"href":"https:\/\/candelasantana.fpcei.eu\/index.php?rest_route=%2Fwp%2Fv2%2Fproduct_cat&post=701"},{"taxonomy":"product_tag","embeddable":true,"href":"https:\/\/candelasantana.fpcei.eu\/index.php?rest_route=%2Fwp%2Fv2%2Fproduct_tag&post=701"}],"curies":[{"name":"wp","href":"https:\/\/api.w.org\/{rel}","templated":true}]}}