{"id":757,"date":"2026-02-25T15:46:53","date_gmt":"2026-02-25T15:46:53","guid":{"rendered":"https:\/\/candelasantana.fpcei.eu\/?post_type=product&#038;p=757"},"modified":"2026-02-25T15:47:53","modified_gmt":"2026-02-25T15:47:53","slug":"patti-y-la-furia-de-poseidon","status":"publish","type":"product","link":"https:\/\/candelasantana.fpcei.eu\/?product=patti-y-la-furia-de-poseidon","title":{"rendered":"Patti y la furia de Poseid\u00f3n"},"content":{"rendered":"","protected":false},"excerpt":{"rendered":"<p>Una ratoncita y el gato que la adopt\u00f3 ayudan al viejo Jason y sus Argonautas a salvar a Yolcos, una ciudad portuaria de la antigua Grecia amenazada por la ira de Poseid\u00f3n. Para lograrlo, se enfrentar\u00e1n a peligrosas criaturas de la mitolog\u00eda.<\/p>\n","protected":false},"featured_media":758,"comment_status":"open","ping_status":"closed","template":"","meta":{"_uag_custom_page_level_css":""},"product_brand":[],"product_cat":[38],"product_tag":[],"class_list":{"0":"post-757","1":"product","2":"type-product","3":"status-publish","4":"has-post-thumbnail","6":"product_cat-escolar","8":"first","9":"instock","10":"sale","11":"downloadable","12":"virtual","13":"taxable","14":"purchasable","15":"product-type-simple"},"uagb_featured_image_src":{"full":["https:\/\/candelasantana.fpcei.eu\/wp-content\/uploads\/2026\/02\/5919075.webp",1180,1600,false],"thumbnail":["https:\/\/candelasantana.fpcei.eu\/wp-content\/uploads\/2026\/02\/5919075-150x150.webp",150,150,true],"medium":["https:\/\/candelasantana.fpcei.eu\/wp-content\/uploads\/2026\/02\/5919075-221x300.webp",221,300,true],"medium_large":["https:\/\/candelasantana.fpcei.eu\/wp-content\/uploads\/2026\/02\/5919075-768x1041.webp",640,868,true],"large":["https:\/\/candelasantana.fpcei.eu\/wp-content\/uploads\/2026\/02\/5919075-755x1024.webp",640,868,true],"1536x1536":["https:\/\/candelasantana.fpcei.eu\/wp-content\/uploads\/2026\/02\/5919075-1133x1536.webp",1133,1536,true],"2048x2048":["https:\/\/candelasantana.fpcei.eu\/wp-content\/uploads\/2026\/02\/5919075.webp",1180,1600,false],"blogarise-slider-full":["https:\/\/candelasantana.fpcei.eu\/wp-content\/uploads\/2026\/02\/5919075-1180x720.webp",1180,720,true],"blogarise-featured":["https:\/\/candelasantana.fpcei.eu\/wp-content\/uploads\/2026\/02\/5919075-1024x1388.webp",1024,1388,true],"blogarise-medium":["https:\/\/candelasantana.fpcei.eu\/wp-content\/uploads\/2026\/02\/5919075-720x380.webp",720,380,true],"woocommerce_thumbnail":["https:\/\/candelasantana.fpcei.eu\/wp-content\/uploads\/2026\/02\/5919075-300x300.webp",300,300,true],"woocommerce_single":["https:\/\/candelasantana.fpcei.eu\/wp-content\/uploads\/2026\/02\/5919075-600x814.webp",600,814,true],"woocommerce_gallery_thumbnail":["https:\/\/candelasantana.fpcei.eu\/wp-content\/uploads\/2026\/02\/5919075-100x100.webp",100,100,true]},"uagb_author_info":{"display_name":"candela","author_link":"https:\/\/candelasantana.fpcei.eu\/?author=0"},"uagb_comment_info":0,"uagb_excerpt":"Una ratoncita y el gato que la adopt\u00f3 ayudan al viejo Jason y sus Argonautas a salvar a Yolcos, una ciudad portuaria de la antigua Grecia amenazada por la ira de Poseid\u00f3n. Para lograrlo, se enfrentar\u00e1n a peligrosas criaturas de la mitolog\u00eda.","_links":{"self":[{"href":"https:\/\/candelasantana.fpcei.eu\/index.php?rest_route=\/wp\/v2\/product\/757","targetHints":{"allow":["GET"]}}],"collection":[{"href":"https:\/\/candelasantana.fpcei.eu\/index.php?rest_route=\/wp\/v2\/product"}],"about":[{"href":"https:\/\/candelasantana.fpcei.eu\/index.php?rest_route=\/wp\/v2\/types\/product"}],"replies":[{"embeddable":true,"href":"https:\/\/candelasantana.fpcei.eu\/index.php?rest_route=%2Fwp%2Fv2%2Fcomments&post=757"}],"wp:featuredmedia":[{"embeddable":true,"href":"https:\/\/candelasantana.fpcei.eu\/index.php?rest_route=\/wp\/v2\/media\/758"}],"wp:attachment":[{"href":"https:\/\/candelasantana.fpcei.eu\/index.php?rest_route=%2Fwp%2Fv2%2Fmedia&parent=757"}],"wp:term":[{"taxonomy":"product_brand","embeddable":true,"href":"https:\/\/candelasantana.fpcei.eu\/index.php?rest_route=%2Fwp%2Fv2%2Fproduct_brand&post=757"},{"taxonomy":"product_cat","embeddable":true,"href":"https:\/\/candelasantana.fpcei.eu\/index.php?rest_route=%2Fwp%2Fv2%2Fproduct_cat&post=757"},{"taxonomy":"product_tag","embeddable":true,"href":"https:\/\/candelasantana.fpcei.eu\/index.php?rest_route=%2Fwp%2Fv2%2Fproduct_tag&post=757"}],"curies":[{"name":"wp","href":"https:\/\/api.w.org\/{rel}","templated":true}]}}